{"id":10157,"date":"2022-03-22T10:55:58","date_gmt":"2022-03-22T09:55:58","guid":{"rendered":"https:\/\/vakkimsa.com\/?page_id=10157"},"modified":"2024-10-03T16:20:35","modified_gmt":"2024-10-03T14:20:35","slug":"politica-de-cookies","status":"publish","type":"page","link":"https:\/\/vakkimsa.com\/ca\/politica-de-cookies\/","title":{"rendered":"Pol\u00edtica de cookies"},"content":{"rendered":"<div class=\"fusion-fullwidth fullwidth-box fusion-builder-row-1 nonhundred-percent-fullwidth non-hundred-percent-height-scrolling\" style=\"--awb-border-radius-top-left:0px;--awb-border-radius-top-right:0px;--awb-border-radius-bottom-right:0px;--awb-border-radius-bottom-left:0px;--awb-flex-wrap:wrap;\" ><div class=\"fusion-builder-row fusion-row\"><div class=\"fusion-layout-column fusion_builder_column fusion-builder-column-0 fusion_builder_column_1_1 1_1 fusion-one-full fusion-column-first fusion-column-last\" style=\"--awb-bg-size:cover;\"><div class=\"fusion-column-wrapper fusion-column-has-shadow fusion-flex-column-wrapper-legacy\"><div class=\"fusion-text fusion-text-1\"><div class=\"fusion-text\">\n<h2 data-fontsize=\"22\" data-lineheight=\"22\">Pol\u00edtica de cookies<\/h2>\n<\/div>\n<div class=\"fusion-text\">\n<p style=\"text-align: justify;\">Una Cookie \u00e9s un fitxer que es descarrega en el seu ordinador en accedir a determinades p\u00e0gines web. Les cookies permeten a una p\u00e0gina web, entre altres coses, emmagatzemar i recuperar informaci\u00f3 sobre els h\u00e0bits de navegaci\u00f3 d&#8217;un usuari o del seu equip i, depenent de la informaci\u00f3 que contingui i de la forma en qu\u00e8 utilitzi el seu equip, poden utilitzar-se per a recon\u00e8ixer a l&#8217;usuari. Les cookies s\u00f3n essencials per al funcionament d&#8217;internet, aportant innombrables avantatges en la prestaci\u00f3 de serveis interactius, facilitant-li la navegaci\u00f3 i usabilitat de la nostra web.<\/p>\n<p style=\"text-align: justify;\">Segons el que es disposa en l&#8217;article 22.2 de la Llei 34\/2002, d&#8217;11 de juliol, de Serveis de la Societat de la Informaci\u00f3 i de Comer\u00e7 Electr\u00f2nic (LSSI-CE), VAK KIMSA SA informa de les cookies utilitzades en nostra website:<\/p>\n<p style=\"text-align: justify;\"><strong>Google Analytics:\u00a0<\/strong>Emmagatzema cookies per a poder elaborar estad\u00edstiques sobre el tr\u00e0nsit i volum de visites d&#8217;aquesta web. En utilitzar aquest lloc web est\u00e0 consentint el tractament d&#8217;informaci\u00f3 sobre vost\u00e8 per Google. Per tant, l&#8217;exercici de qualsevol dret en aquest sentit haur\u00e0 de fer-lo comunicant directament amb Google. Les cookies de Google Analytics, s&#8217;emmagatzemen en servidors situats als Estats Units i es compromet a no compartir-la amb tercers, excepte en els casos en els quals sigui necessari per al funcionament del sistema o quan la llei obligui a aquest efecte. Segons Google no guarda la seva adre\u00e7a IP. Google Inc. \u00e9s una companyia adherida a \u201cPrivacy Shiels\u201d (escut de privacitat) que garanteix que totes les dades transferides seran tractats amb un nivell de protecci\u00f3 concorde a la normativa europea. Pot consultar informaci\u00f3 detallada referent a aix\u00f2 a trav\u00e9s del seg\u00fcent enlla\u00e7: https:\/\/support.google.com\/analytics\/answer\/6004245. Si ho desitja pot utilitzar el Complement d&#8217;inhabilitaci\u00f3 per a navegadors de Google Analytics a trav\u00e9s de les instruccions dels quals poden rebutjar-se les cookies anal\u00edtiques d&#8217;aquest servei en tots els navegadors. Pot consultar m\u00e9s informaci\u00f3 sobre aquest tema en el seg\u00fcent enlla\u00e7: https:\/\/tools.google.com\/dlpage\/gaoptout<\/p>\n<p style=\"text-align: justify;\">Aix\u00ed mateix,\u00a0<strong>VAK KIMSA SA<\/strong> informa l&#8217;usuari que t\u00e9 la possibilitat de configurar el seu navegador de manera que se l&#8217;informi de la recepci\u00f3 de cookies, podent, si aix\u00ed ho desitja, impedir que siguin instal\u00b7lades en el seu disc dur. A continuaci\u00f3 li proporcionem els enlla\u00e7os de diversos navegadors, a trav\u00e9s dels quals podr\u00e0 realitzar aquesta configuraci\u00f3:<\/p>\n<ul>\n<li style=\"text-align: justify;\">Firefox des d&#8217;aqu\u00ed:\u00a0<a href=\"https:\/\/support.mozilla.org\/es\/kb\/Deshabilitar%20cookies%20de%20terceros\" target=\"_blank\" rel=\"noopener noreferrer\">https:\/\/support.mozilla.org\/es\/kb\/Deshabilitar%20cookies%20de%20terceros<\/a><\/li>\n<li style=\"text-align: justify;\">Chrome des d&#8217;aqu\u00ed:\u00a0<a href=\"http:\/\/support.google.com\/chrome\/bin\/answer.py?hl=es&amp;answer=95647\" target=\"_blank\" rel=\"noopener noreferrer\">http:\/\/support.google.com\/chrome\/bin\/answer.py?hl=es&amp;answer=95647<\/a><\/li>\n<li style=\"text-align: justify;\">Explorer des d&#8217;aqu\u00ed:\u00a0<a href=\"http:\/\/windows.microsoft.com\/es-es\/internet-explorer\/delete-managecookies#ie=ie-10\" target=\"_blank\" rel=\"noopener noreferrer\">http:\/\/windows.microsoft.com\/es-es\/internet-explorer\/delete-managecookies#ie=ie-10<\/a><\/li>\n<li style=\"text-align: justify;\">Safari des d&#8217;aqu\u00ed:\u00a0https:\/\/support.apple.com\/kb\/ph17191?locale=es_ES<\/li>\n<li style=\"text-align: justify;\">Opera des d&#8217;aqu\u00ed:\u00a0<a href=\"https:\/\/help.opera.com\/en\/latest\/web-preferences\/#cookies\" target=\"_blank\" rel=\"noopener noreferrer\">https:\/\/help.opera.com\/en\/latest\/web-preferences\/#cookies<\/a><\/li>\n<\/ul>\n<\/div>\n<\/div><div class=\"fusion-clearfix\"><\/div><\/div><\/div><\/div><\/div>\n","protected":false},"excerpt":{"rendered":"","protected":false},"author":1,"featured_media":0,"parent":0,"menu_order":0,"comment_status":"closed","ping_status":"closed","template":"","meta":{"footnotes":""},"class_list":["post-10157","page","type-page","status-publish","hentry"],"yoast_head":"<!-- This site is optimized with the Yoast SEO plugin v27.5 - https:\/\/yoast.com\/product\/yoast-seo-wordpress\/ -->\n<title>Pol\u00edtica de cookies - Vak Kimsa, S.A.<\/title>\n<meta name=\"description\" content=\"Fabricants d&#039;agitadors, mescladors en l\u00ednia i instal\u00b7lacions completes de mescla per a la ind\u00fastria aliment\u00e0ria, qu\u00edmica, cosm\u00e8tica i farmac\u00e8utica.\" \/>\n<meta name=\"robots\" content=\"index, follow, max-snippet:-1, max-image-preview:large, max-video-preview:-1\" \/>\n<link rel=\"canonical\" href=\"https:\/\/vakkimsa.com\/ca\/politica-de-cookies\/\" \/>\n<meta property=\"og:locale\" content=\"ca_ES\" \/>\n<meta property=\"og:type\" content=\"article\" \/>\n<meta property=\"og:title\" content=\"Pol\u00edtica de cookies - Vak Kimsa, S.A.\" \/>\n<meta property=\"og:description\" content=\"Fabricants d&#039;agitadors, mescladors en l\u00ednia i instal\u00b7lacions completes de mescla per a la ind\u00fastria aliment\u00e0ria, qu\u00edmica, cosm\u00e8tica i farmac\u00e8utica.\" \/>\n<meta property=\"og:url\" content=\"https:\/\/vakkimsa.com\/ca\/politica-de-cookies\/\" \/>\n<meta property=\"og:site_name\" content=\"Vak Kimsa, S.A.\" \/>\n<meta property=\"article:modified_time\" content=\"2024-10-03T14:20:35+00:00\" \/>\n<meta name=\"twitter:card\" content=\"summary_large_image\" \/>\n<meta name=\"twitter:label1\" content=\"Temps estimat de lectura\" \/>\n\t<meta name=\"twitter:data1\" content=\"2 minuts\" \/>\n<script type=\"application\/ld+json\" class=\"yoast-schema-graph\">{\"@context\":\"https:\\\/\\\/schema.org\",\"@graph\":[{\"@type\":\"WebPage\",\"@id\":\"https:\\\/\\\/vakkimsa.com\\\/ca\\\/politica-de-cookies\\\/\",\"url\":\"https:\\\/\\\/vakkimsa.com\\\/ca\\\/politica-de-cookies\\\/\",\"name\":\"Pol\u00edtica de cookies - Vak Kimsa, S.A.\",\"isPartOf\":{\"@id\":\"https:\\\/\\\/vakkimsa.com\\\/ca\\\/#website\"},\"datePublished\":\"2022-03-22T09:55:58+00:00\",\"dateModified\":\"2024-10-03T14:20:35+00:00\",\"description\":\"Fabricants d'agitadors, mescladors en l\u00ednia i instal\u00b7lacions completes de mescla per a la ind\u00fastria aliment\u00e0ria, qu\u00edmica, cosm\u00e8tica i farmac\u00e8utica.\",\"breadcrumb\":{\"@id\":\"https:\\\/\\\/vakkimsa.com\\\/ca\\\/politica-de-cookies\\\/#breadcrumb\"},\"inLanguage\":\"ca\",\"potentialAction\":[{\"@type\":\"ReadAction\",\"target\":[\"https:\\\/\\\/vakkimsa.com\\\/ca\\\/politica-de-cookies\\\/\"]}]},{\"@type\":\"BreadcrumbList\",\"@id\":\"https:\\\/\\\/vakkimsa.com\\\/ca\\\/politica-de-cookies\\\/#breadcrumb\",\"itemListElement\":[{\"@type\":\"ListItem\",\"position\":1,\"name\":\"Portada\",\"item\":\"https:\\\/\\\/vakkimsa.com\\\/ca\\\/\"},{\"@type\":\"ListItem\",\"position\":2,\"name\":\"Pol\u00edtica de cookies\"}]},{\"@type\":\"WebSite\",\"@id\":\"https:\\\/\\\/vakkimsa.com\\\/ca\\\/#website\",\"url\":\"https:\\\/\\\/vakkimsa.com\\\/ca\\\/\",\"name\":\"Vak Kimsa, S.A.\",\"description\":\"Agitadores y mezcladores en l\u00ednea\",\"potentialAction\":[{\"@type\":\"SearchAction\",\"target\":{\"@type\":\"EntryPoint\",\"urlTemplate\":\"https:\\\/\\\/vakkimsa.com\\\/ca\\\/?s={search_term_string}\"},\"query-input\":{\"@type\":\"PropertyValueSpecification\",\"valueRequired\":true,\"valueName\":\"search_term_string\"}}],\"inLanguage\":\"ca\"}]}<\/script>\n<!-- \/ Yoast SEO plugin. -->","yoast_head_json":{"title":"Pol\u00edtica de cookies - Vak Kimsa, S.A.","description":"Fabricants d'agitadors, mescladors en l\u00ednia i instal\u00b7lacions completes de mescla per a la ind\u00fastria aliment\u00e0ria, qu\u00edmica, cosm\u00e8tica i farmac\u00e8utica.","robots":{"index":"index","follow":"follow","max-snippet":"max-snippet:-1","max-image-preview":"max-image-preview:large","max-video-preview":"max-video-preview:-1"},"canonical":"https:\/\/vakkimsa.com\/ca\/politica-de-cookies\/","og_locale":"ca_ES","og_type":"article","og_title":"Pol\u00edtica de cookies - Vak Kimsa, S.A.","og_description":"Fabricants d'agitadors, mescladors en l\u00ednia i instal\u00b7lacions completes de mescla per a la ind\u00fastria aliment\u00e0ria, qu\u00edmica, cosm\u00e8tica i farmac\u00e8utica.","og_url":"https:\/\/vakkimsa.com\/ca\/politica-de-cookies\/","og_site_name":"Vak Kimsa, S.A.","article_modified_time":"2024-10-03T14:20:35+00:00","twitter_card":"summary_large_image","twitter_misc":{"Temps estimat de lectura":"2 minuts"},"schema":{"@context":"https:\/\/schema.org","@graph":[{"@type":"WebPage","@id":"https:\/\/vakkimsa.com\/ca\/politica-de-cookies\/","url":"https:\/\/vakkimsa.com\/ca\/politica-de-cookies\/","name":"Pol\u00edtica de cookies - Vak Kimsa, S.A.","isPartOf":{"@id":"https:\/\/vakkimsa.com\/ca\/#website"},"datePublished":"2022-03-22T09:55:58+00:00","dateModified":"2024-10-03T14:20:35+00:00","description":"Fabricants d'agitadors, mescladors en l\u00ednia i instal\u00b7lacions completes de mescla per a la ind\u00fastria aliment\u00e0ria, qu\u00edmica, cosm\u00e8tica i farmac\u00e8utica.","breadcrumb":{"@id":"https:\/\/vakkimsa.com\/ca\/politica-de-cookies\/#breadcrumb"},"inLanguage":"ca","potentialAction":[{"@type":"ReadAction","target":["https:\/\/vakkimsa.com\/ca\/politica-de-cookies\/"]}]},{"@type":"BreadcrumbList","@id":"https:\/\/vakkimsa.com\/ca\/politica-de-cookies\/#breadcrumb","itemListElement":[{"@type":"ListItem","position":1,"name":"Portada","item":"https:\/\/vakkimsa.com\/ca\/"},{"@type":"ListItem","position":2,"name":"Pol\u00edtica de cookies"}]},{"@type":"WebSite","@id":"https:\/\/vakkimsa.com\/ca\/#website","url":"https:\/\/vakkimsa.com\/ca\/","name":"Vak Kimsa, S.A.","description":"Agitadores y mezcladores en l\u00ednea","potentialAction":[{"@type":"SearchAction","target":{"@type":"EntryPoint","urlTemplate":"https:\/\/vakkimsa.com\/ca\/?s={search_term_string}"},"query-input":{"@type":"PropertyValueSpecification","valueRequired":true,"valueName":"search_term_string"}}],"inLanguage":"ca"}]}},"_links":{"self":[{"href":"https:\/\/vakkimsa.com\/ca\/wp-json\/wp\/v2\/pages\/10157","targetHints":{"allow":["GET"]}}],"collection":[{"href":"https:\/\/vakkimsa.com\/ca\/wp-json\/wp\/v2\/pages"}],"about":[{"href":"https:\/\/vakkimsa.com\/ca\/wp-json\/wp\/v2\/types\/page"}],"author":[{"embeddable":true,"href":"https:\/\/vakkimsa.com\/ca\/wp-json\/wp\/v2\/users\/1"}],"replies":[{"embeddable":true,"href":"https:\/\/vakkimsa.com\/ca\/wp-json\/wp\/v2\/comments?post=10157"}],"version-history":[{"count":0,"href":"https:\/\/vakkimsa.com\/ca\/wp-json\/wp\/v2\/pages\/10157\/revisions"}],"wp:attachment":[{"href":"https:\/\/vakkimsa.com\/ca\/wp-json\/wp\/v2\/media?parent=10157"}],"curies":[{"name":"wp","href":"https:\/\/api.w.org\/{rel}","templated":true}]}}