{"id":6583,"date":"2019-11-18T10:04:34","date_gmt":"2019-11-18T09:04:34","guid":{"rendered":"https:\/\/vakkimsa.com\/?page_id=6583"},"modified":"2022-03-22T11:44:54","modified_gmt":"2022-03-22T10:44:54","slug":"terminis-i-condicions-dus","status":"publish","type":"page","link":"https:\/\/vakkimsa.com\/ca\/terminis-i-condicions-dus\/","title":{"rendered":"Terminis i condicions d&#8217;\u00fas"},"content":{"rendered":"<div class=\"fusion-fullwidth fullwidth-box fusion-builder-row-1 nonhundred-percent-fullwidth non-hundred-percent-height-scrolling\" style=\"--awb-border-radius-top-left:0px;--awb-border-radius-top-right:0px;--awb-border-radius-bottom-right:0px;--awb-border-radius-bottom-left:0px;--awb-flex-wrap:wrap;\" ><div class=\"fusion-builder-row fusion-row\"><div class=\"fusion-layout-column fusion_builder_column fusion-builder-column-0 fusion_builder_column_1_1 1_1 fusion-one-full fusion-column-first fusion-column-last\" style=\"--awb-bg-size:cover;\"><div class=\"fusion-column-wrapper fusion-column-has-shadow fusion-flex-column-wrapper-legacy\"><div class=\"fusion-text fusion-text-1\"><h2 style=\"margin-bottom: 2.5% !important;\" data-fontsize=\"22\" data-lineheight=\"22\">Terminis i condicions d&#8217;\u00fas<\/h2>\n<\/div><div class=\"fusion-text fusion-text-2\"><p style=\"text-align: justify;\">En compliment de la Llei 34\/2002, de 11 de juliol, de Serveis de la Societat de la Informaci\u00f3 i de Comer\u00e7 Electr\u00f2nic (LSSI-CE), VAK KIMSA SA amb A08290389 informa que \u00e9s titular del lloc web www.vakkimsa.com D&#8217;acord amb l&#8217;exig\u00e8ncia de l&#8217;article 10 de l&#8217;esmentada Llei, VAK KIMSA SA informa de les seg\u00fcents dades:<\/p>\n<p style=\"text-align: justify;\">El titular d&#8217;aquest lloc web \u00e9s VAK KIMSA SA, amb A08290389 i domicili social en CL PAGESIA 8-10 POL IND MOL\u00cd DE LA BASTIDA 08191, RUBI (BARCELONA), inscrita al Registre Mercantil, en el volum 22225 foli 99 full 22714 i inscripci\u00f3 1\u00aa. L&#8217;adre\u00e7a de correu electr\u00f2nic de contacte amb l&#8217;empresa \u00e9s: vakkimsa@vakkimsa.com.<\/p>\n<p style=\"text-align: justify;\"><span style=\"text-decoration: underline;\"><strong>Usuari i r\u00e8gim de responsabilitats<\/strong><\/span><\/p>\n<p style=\"text-align: justify;\">La navegaci\u00f3, acc\u00e9s i \u00fas pel lloc web de VAK KIMSA SA confereix la condici\u00f3 d&#8217;usuari, per la que s&#8217;accepten, des de la navegaci\u00f3 pel lloc web de VAK KIMSA SA, totes les condicions d&#8217;\u00fas aqu\u00ed establertes sense perjudici de l&#8217;aplicaci\u00f3 de la corresponent normativa d&#8217;obligat compliment legal segons el cas.<\/p>\n<p style=\"text-align: justify;\">El lloc web de VAK KIMSA SA proporciona gran diversitat d&#8217;informaci\u00f3, serveis i dades. L&#8217;usuari assumeix la seva responsabilitat en l&#8217;\u00fas correcte del lloc web. Aquesta responsabilitat s&#8217;estendr\u00e0 a:<\/p>\n<ul>\n<li style=\"text-align: justify;\">La veracitat i licitud de les informacions aportades per l&#8217;usuari en els formularis facilitats per VAK KIMSA SA per l&#8217;acc\u00e9s a determinats continguts o serveis oferts pel web.<\/li>\n<li style=\"text-align: justify;\">L&#8217;\u00fas de la informaci\u00f3, serveis i dades ofertes per VAK KIMSA SA contr\u00e0riament a all\u00f2 disposat per les presents condicions, la Llei, la moral, els bons costums o l&#8217;ordre p\u00fablic, o que de qualsevol altre forma pugui suposar lesi\u00f3 dels drets de tercers o del mateix funcionament del lloc web.<\/li>\n<\/ul>\n<p style=\"text-align: justify;\"><span style=\"text-decoration: underline;\"><strong>Pol\u00edtica d&#8217;enlla\u00e7os i exempcions de responsabilitat<\/strong><\/span><\/p>\n<p style=\"text-align: justify;\">VAK KIMSA SA no es fa responsable del contingut dels llocs web als quals l&#8217;usuari pugui accedir a trav\u00e9s dels enlla\u00e7os establerts en el seu lloc web i declara que en cap cas procedir\u00e0 a examinar o exercitar cap tipus de control sobre el contingut d&#8217;altres llocs de la xarxa. Aix\u00ed mateix, tampoc garantir\u00e0 la disponibilitat t\u00e8cnica, exactitud, veracitat, validesa o legalitat de llocs aliens a la seva propietat als quals es pugui accedir per mitj\u00e0 dels enlla\u00e7os. VAK KIMSA SA declara haver adoptat totes les mesures necess\u00e0ries per evitar qualsevol dany als usuaris del seu lloc web, que poguessin derivar-se de la navegaci\u00f3 pel seu lloc web. En conseq\u00fc\u00e8ncia, VAK KIMSA SA no es fa responsable, en cap cas, dels eventuals danys que per la navegaci\u00f3 per Internet pogu\u00e9s patir l&#8217;usuari.<\/p>\n<p style=\"text-align: justify;\"><span style=\"text-decoration: underline;\"><strong>Modificacions<\/strong><\/span><\/p>\n<p style=\"text-align: justify;\">VAK KIMSA SA es reserva el dret a realitzar les modificacions que consideri oportunes, sense av\u00eds previ, en el contingut del seu lloc web. Tant pel que fa als continguts del lloc web, com en les condicions d&#8217;\u00fas del mateix. Aquestes modificacions podran realitzar-se a trav\u00e9s del seu lloc web per qualsevol forma admissible en dret i seran d&#8217;obligat compliment durant el temps en qu\u00e8 es trobin publicades en la web i fins que no siguin modificades v\u00e0lidament per altres posteriors.<\/p>\n<p style=\"text-align: justify;\"><span style=\"text-decoration: underline;\"><strong>Protecci\u00f3 de dades<\/strong><\/span><\/p>\n<p style=\"text-align: justify;\">De conformitat amb el que estableix la normativa vigent en Protecci\u00f3 de Dades de Car\u00e0cter Personal, l&#8217;informem que les seves dades seran incorporades al sistema de tractament titularitat de VAK KIMSA SA amb A08290389 i domicili social situat a CL PAGESIA 8-10 POL\u00a0 IND MOL\u00cd DE LA BASTIDA 08191, RUBI (BARCELONA) , amb la finalitat de poder facilitar, agilitzar i complir els compromisos establerts entre ambdues parts. En compliment amb la normativa vigent, VAK KIMSA SA informa que les dades seran conservades durant el termini estrictament necessari per complir amb els preceptes esmentats anteriorment.<\/p>\n<p style=\"text-align: justify;\">VAK KIMSA SA informa que procedir\u00e0 a tractar les dades de manera l\u00edcita, lleial, transparent, adequada, pertinent, limitada, exacta i actualitzada. \u00c9s per aix\u00f2 que VAK KIMSA SA es compromet a adoptar totes les mesures raonables perqu\u00e8 aquests es suprimeixin o rectifiquin sense dilaci\u00f3 quan siguin inexactes.<\/p>\n<p style=\"text-align: justify;\">VAK KIMSA SA informa que les seves dades seran tractades conforme a l\u2019exist\u00e8ncia del seu consentiment.<\/p>\n<p style=\"text-align: justify;\">D&#8217;acord amb els drets que li confereix la normativa vigent en protecci\u00f3 de dades podr\u00e0 exercir els drets d&#8217;acc\u00e9s, rectificaci\u00f3, limitaci\u00f3 de tractament, supressi\u00f3, portabilitat i oposici\u00f3 al tractament de les seves dades de car\u00e0cter personal aix\u00ed com del consentiment prestat per al tractament dels mateixos, dirigint la seva petici\u00f3 a l&#8217;adre\u00e7a postal indicada m\u00e9s amunt o al correu electr\u00f2nic vakkimsa@vakkimsa.com.<\/p>\n<p style=\"text-align: justify;\">Podr\u00e0 dirigir-se a l&#8217;Autoritat de Control competent per a presentar la reclamaci\u00f3 que consideri oportuna.<\/p>\n<p style=\"text-align: justify;\"><span style=\"text-decoration: underline;\"><strong>Propietat intel\u00b7lectual i industrial<\/strong><\/span><\/p>\n<p style=\"text-align: justify;\">VAK KIMSA SA per si mateixa o com a cession\u00e0ria, \u00e9s titular de tots els drets de propietat intel\u00b7lectual i industrial de la seva p\u00e0gina web, aix\u00ed com dels elements continguts en la mateixa (a t\u00edtol enunciatiu, imatges, so, \u00e0udio, v\u00eddeo, programari o textos ; marques o logotips, combinacions de colors, estructura i disseny, selecci\u00f3 de materials usats, programes d&#8217;ordinador necessaris per al seu funcionament, acc\u00e9s i \u00fas, etc.), titularitat de VAK KIMSA SA. Seran, per tant, obres protegides com a propietat intel\u00b7lectual per l&#8217;ordenament jur\u00eddic espanyol, ser\u00e0 d&#8217;aplicaci\u00f3 tant la normativa espanyola i comunit\u00e0ria en aquest camp, com els tractats internacionals relatius a la mat\u00e8ria i subscrits per Espanya.<\/p>\n<p style=\"text-align: justify;\">Tots els drets reservats. En virtut del que disposa la Llei de Propietat Intel\u00b7lectual, queden expressament prohibides la reproducci\u00f3, la distribuci\u00f3 i la comunicaci\u00f3 p\u00fablica, inclosa la seva modalitat de posada a disposici\u00f3, de la totalitat o part dels continguts d&#8217;aquesta p\u00e0gina web, amb fins comercials, en qualsevol suport i per qualsevol mitj\u00e0 t\u00e8cnic, sense l&#8217;autoritzaci\u00f3 de VAK KIMSA SA.<\/p>\n<p style=\"text-align: justify;\">L&#8217;usuari es compromet a respectar els drets de Propietat Intel\u00b7lectual i Industrial titularitat de VAK KIMSA SA. Podr\u00e0 visualitzar els elements del portal i fins i tot imprimir-los, copiar-los i emmagatzemar-los al disc dur del seu ordinador o en qualsevol altre suport f\u00edsic sempre que sigui, \u00fanica i exclusivament, per al seu \u00fas personal i privat. L&#8217;usuari haur\u00e0 d&#8217;abstenir-se de suprimir, alterar, eludir o manipular qualsevol dispositiu de protecci\u00f3 o sistema de seguretat que estigu\u00e9s instal\u00b7lat a les p\u00e0gines de VAK KIMSA SA.<\/p>\n<p style=\"text-align: justify;\"><span style=\"text-decoration: underline;\"><strong>Accions legals, legislaci\u00f3 aplicable i jurisdicci\u00f3<\/strong><\/span><\/p>\n<p style=\"text-align: justify;\">VAK KIMSA SA es reserva, aix\u00ed mateix, la facultat de presentar les accions civils o penals que consideri oportunes per la utilitzaci\u00f3 indeguda del seu lloc web i continguts, o per l&#8217;incompliment de les presents condicions. La relaci\u00f3 entre l&#8217;usuari i el prestador es regir\u00e0 per la normativa vigent i d&#8217;aplicaci\u00f3 en el territori espanyol. De sorgir qualsevol controv\u00e8rsia les parts podran sotmetre els seus conflictes a arbitratge o acudir a la jurisdicci\u00f3 ordin\u00e0ria complint amb les normes sobre jurisdicci\u00f3 i compet\u00e8ncia al respecte. VAK KIMSA SA t\u00e9 el seu domicili a CL PAGESIA 8-10 POL IND MOL\u00cd DE LA BASTIDA 08191, RUBI (BARCELONA)<\/p>\n<\/div><div class=\"fusion-clearfix\"><\/div><\/div><\/div><\/div><\/div>\n","protected":false},"excerpt":{"rendered":"","protected":false},"author":1,"featured_media":0,"parent":0,"menu_order":0,"comment_status":"closed","ping_status":"closed","template":"","meta":{"footnotes":""},"class_list":["post-6583","page","type-page","status-publish","hentry"],"yoast_head":"<!-- This site is optimized with the Yoast SEO plugin v27.1.1 - https:\/\/yoast.com\/product\/yoast-seo-wordpress\/ -->\n<title>Terminis i condicions d&#039;\u00fas - Vak Kimsa, S.A.<\/title>\n<meta name=\"description\" content=\"Fabricants d&#039;agitadors, mescladors en l\u00ednia i instal\u00b7lacions completes de mescla per a la ind\u00fastria aliment\u00e0ria, qu\u00edmica, cosm\u00e8tica i farmac\u00e8utica.\" \/>\n<meta name=\"robots\" content=\"index, follow, max-snippet:-1, max-image-preview:large, max-video-preview:-1\" \/>\n<link rel=\"canonical\" href=\"https:\/\/vakkimsa.com\/ca\/terminis-i-condicions-dus\/\" \/>\n<meta property=\"og:locale\" content=\"ca_ES\" \/>\n<meta property=\"og:type\" content=\"article\" \/>\n<meta property=\"og:title\" content=\"Terminis i condicions d&#039;\u00fas - Vak Kimsa, S.A.\" \/>\n<meta property=\"og:description\" content=\"Fabricants d&#039;agitadors, mescladors en l\u00ednia i instal\u00b7lacions completes de mescla per a la ind\u00fastria aliment\u00e0ria, qu\u00edmica, cosm\u00e8tica i farmac\u00e8utica.\" \/>\n<meta property=\"og:url\" content=\"https:\/\/vakkimsa.com\/ca\/terminis-i-condicions-dus\/\" \/>\n<meta property=\"og:site_name\" content=\"Vak Kimsa, S.A.\" \/>\n<meta property=\"article:modified_time\" content=\"2022-03-22T10:44:54+00:00\" \/>\n<meta name=\"twitter:card\" content=\"summary_large_image\" \/>\n<meta name=\"twitter:label1\" content=\"Temps estimat de lectura\" \/>\n\t<meta name=\"twitter:data1\" content=\"7 minuts\" \/>\n<script type=\"application\/ld+json\" class=\"yoast-schema-graph\">{\"@context\":\"https:\/\/schema.org\",\"@graph\":[{\"@type\":\"WebPage\",\"@id\":\"https:\/\/vakkimsa.com\/ca\/terminis-i-condicions-dus\/\",\"url\":\"https:\/\/vakkimsa.com\/ca\/terminis-i-condicions-dus\/\",\"name\":\"Terminis i condicions d'\u00fas - Vak Kimsa, S.A.\",\"isPartOf\":{\"@id\":\"https:\/\/vakkimsa.com\/ca\/#website\"},\"datePublished\":\"2019-11-18T09:04:34+00:00\",\"dateModified\":\"2022-03-22T10:44:54+00:00\",\"description\":\"Fabricants d'agitadors, mescladors en l\u00ednia i instal\u00b7lacions completes de mescla per a la ind\u00fastria aliment\u00e0ria, qu\u00edmica, cosm\u00e8tica i farmac\u00e8utica.\",\"breadcrumb\":{\"@id\":\"https:\/\/vakkimsa.com\/ca\/terminis-i-condicions-dus\/#breadcrumb\"},\"inLanguage\":\"ca\",\"potentialAction\":[{\"@type\":\"ReadAction\",\"target\":[\"https:\/\/vakkimsa.com\/ca\/terminis-i-condicions-dus\/\"]}]},{\"@type\":\"BreadcrumbList\",\"@id\":\"https:\/\/vakkimsa.com\/ca\/terminis-i-condicions-dus\/#breadcrumb\",\"itemListElement\":[{\"@type\":\"ListItem\",\"position\":1,\"name\":\"Portada\",\"item\":\"https:\/\/vakkimsa.com\/ca\/\"},{\"@type\":\"ListItem\",\"position\":2,\"name\":\"Terminis i condicions d&#8217;\u00fas\"}]},{\"@type\":\"WebSite\",\"@id\":\"https:\/\/vakkimsa.com\/ca\/#website\",\"url\":\"https:\/\/vakkimsa.com\/ca\/\",\"name\":\"Vak Kimsa, S.A.\",\"description\":\"Agitadores y mezcladores en l\u00ednea\",\"potentialAction\":[{\"@type\":\"SearchAction\",\"target\":{\"@type\":\"EntryPoint\",\"urlTemplate\":\"https:\/\/vakkimsa.com\/ca\/?s={search_term_string}\"},\"query-input\":{\"@type\":\"PropertyValueSpecification\",\"valueRequired\":true,\"valueName\":\"search_term_string\"}}],\"inLanguage\":\"ca\"}]}<\/script>\n<!-- \/ Yoast SEO plugin. -->","yoast_head_json":{"title":"Terminis i condicions d'\u00fas - Vak Kimsa, S.A.","description":"Fabricants d'agitadors, mescladors en l\u00ednia i instal\u00b7lacions completes de mescla per a la ind\u00fastria aliment\u00e0ria, qu\u00edmica, cosm\u00e8tica i farmac\u00e8utica.","robots":{"index":"index","follow":"follow","max-snippet":"max-snippet:-1","max-image-preview":"max-image-preview:large","max-video-preview":"max-video-preview:-1"},"canonical":"https:\/\/vakkimsa.com\/ca\/terminis-i-condicions-dus\/","og_locale":"ca_ES","og_type":"article","og_title":"Terminis i condicions d'\u00fas - Vak Kimsa, S.A.","og_description":"Fabricants d'agitadors, mescladors en l\u00ednia i instal\u00b7lacions completes de mescla per a la ind\u00fastria aliment\u00e0ria, qu\u00edmica, cosm\u00e8tica i farmac\u00e8utica.","og_url":"https:\/\/vakkimsa.com\/ca\/terminis-i-condicions-dus\/","og_site_name":"Vak Kimsa, S.A.","article_modified_time":"2022-03-22T10:44:54+00:00","twitter_card":"summary_large_image","twitter_misc":{"Temps estimat de lectura":"7 minuts"},"schema":{"@context":"https:\/\/schema.org","@graph":[{"@type":"WebPage","@id":"https:\/\/vakkimsa.com\/ca\/terminis-i-condicions-dus\/","url":"https:\/\/vakkimsa.com\/ca\/terminis-i-condicions-dus\/","name":"Terminis i condicions d'\u00fas - Vak Kimsa, S.A.","isPartOf":{"@id":"https:\/\/vakkimsa.com\/ca\/#website"},"datePublished":"2019-11-18T09:04:34+00:00","dateModified":"2022-03-22T10:44:54+00:00","description":"Fabricants d'agitadors, mescladors en l\u00ednia i instal\u00b7lacions completes de mescla per a la ind\u00fastria aliment\u00e0ria, qu\u00edmica, cosm\u00e8tica i farmac\u00e8utica.","breadcrumb":{"@id":"https:\/\/vakkimsa.com\/ca\/terminis-i-condicions-dus\/#breadcrumb"},"inLanguage":"ca","potentialAction":[{"@type":"ReadAction","target":["https:\/\/vakkimsa.com\/ca\/terminis-i-condicions-dus\/"]}]},{"@type":"BreadcrumbList","@id":"https:\/\/vakkimsa.com\/ca\/terminis-i-condicions-dus\/#breadcrumb","itemListElement":[{"@type":"ListItem","position":1,"name":"Portada","item":"https:\/\/vakkimsa.com\/ca\/"},{"@type":"ListItem","position":2,"name":"Terminis i condicions d&#8217;\u00fas"}]},{"@type":"WebSite","@id":"https:\/\/vakkimsa.com\/ca\/#website","url":"https:\/\/vakkimsa.com\/ca\/","name":"Vak Kimsa, S.A.","description":"Agitadores y mezcladores en l\u00ednea","potentialAction":[{"@type":"SearchAction","target":{"@type":"EntryPoint","urlTemplate":"https:\/\/vakkimsa.com\/ca\/?s={search_term_string}"},"query-input":{"@type":"PropertyValueSpecification","valueRequired":true,"valueName":"search_term_string"}}],"inLanguage":"ca"}]}},"_links":{"self":[{"href":"https:\/\/vakkimsa.com\/ca\/wp-json\/wp\/v2\/pages\/6583","targetHints":{"allow":["GET"]}}],"collection":[{"href":"https:\/\/vakkimsa.com\/ca\/wp-json\/wp\/v2\/pages"}],"about":[{"href":"https:\/\/vakkimsa.com\/ca\/wp-json\/wp\/v2\/types\/page"}],"author":[{"embeddable":true,"href":"https:\/\/vakkimsa.com\/ca\/wp-json\/wp\/v2\/users\/1"}],"replies":[{"embeddable":true,"href":"https:\/\/vakkimsa.com\/ca\/wp-json\/wp\/v2\/comments?post=6583"}],"version-history":[{"count":0,"href":"https:\/\/vakkimsa.com\/ca\/wp-json\/wp\/v2\/pages\/6583\/revisions"}],"wp:attachment":[{"href":"https:\/\/vakkimsa.com\/ca\/wp-json\/wp\/v2\/media?parent=6583"}],"curies":[{"name":"wp","href":"https:\/\/api.w.org\/{rel}","templated":true}]}}