{"id":8398,"date":"2021-09-02T13:05:21","date_gmt":"2021-09-02T11:05:21","guid":{"rendered":"https:\/\/vakkimsa.com\/?page_id=8398"},"modified":"2022-03-22T11:42:35","modified_gmt":"2022-03-22T10:42:35","slug":"faqs-agitacio-i-mescla-en-linea","status":"publish","type":"page","link":"https:\/\/vakkimsa.com\/ca\/faqs-agitacio-i-mescla-en-linea\/","title":{"rendered":"FAQs Agitaci\u00f3 i Mescla en l\u00ednia"},"content":{"rendered":"<section id='' \n                class='helpie-faq accordions faq-toggle open-first' \n                data-collection='' \n                data-pagination='0' \n                data-search='0' \n                data-pagination-enabled='0'\n                role='region'\n                aria-label='FAQ Section'\n                aria-live='polite'><h3 class=\"collection-title\">FAQs Agitaci\u00f3 i mescla en l\u00ednia<\/h3><form class=\"search\" onSubmit=\"return false;\"><div class=\"search__wrapper\"><input type=\"text\" class=\"search__input\" aria-label=\"Search\" role=\"searchbox\" placeholder=\"Search FAQ\"><span class=\"search__icon\"><svg class=\"svg-icon--search\" role=\"img\" xmlns=\"http:\/\/www.w3.org\/2000\/svg\" viewBox=\"0 0 22 22\">\r\n                        <g fill=\"none\" stroke=\"#171717\">\r\n                            <path stroke-linecap=\"square\" stroke-width=\"2\" d=\"M18.5 18.3l-5.4-5.4\"\/>\r\n                            <circle cx=\"8\" cy=\"8\" r=\"7\" stroke-width=\"2\"\/>\r\n                        <\/g>\r\n                    <\/svg><\/span><\/div><div class=\"search__message\"><\/div><\/form><article class=\"accordion \"><div class='helpie-faq-row'><div class='helpie-faq-col helpie-faq-col-12' ><ul><li class=\"accordion__item \"><div class=\"accordion__header \" \r\n                id=\"accordion-header-post-8378\"\r\n                role=\"button\"\r\n                aria-expanded=\"false\"\r\n                aria-controls=\"accordion-content-post-8378\"\r\n                data-id=\"post-8378\" \r\n                data-item=\"hfaq-post-8378\" \r\n                style=\"background:transparent;\" \r\n                data-tags=\"\"\r\n                tabindex=\"0\"><div class=\"accordion__title\">Com puc saber quin agitador necessito pel meu proc\u00e9s de mescla?<\/div><\/div><div id=\"accordion-content-post-8378\" \r\n                class=\"accordion__body\" \r\n                role=\"region\"\r\n                aria-labelledby=\"accordion-header-post-8378\"\r\n                style=\"background:transparent;\">No cal que ho s\u00e0piga vost\u00e8, nosaltres ens fem responsables d'oferir l'agitador adequat basant-nos en: l'experi\u00e8ncia de 50 anys, els nostres programes de c\u00e0lcul, la simulaci\u00f3 ANSYS i la nostra planta pilot. A VK donem doble garantia als nostres equips de mescla: mec\u00e0nica i de proc\u00e9s.<\/div><\/li><li class=\"accordion__item \"><div class=\"accordion__header \" \r\n                id=\"accordion-header-post-8383\"\r\n                role=\"button\"\r\n                aria-expanded=\"false\"\r\n                aria-controls=\"accordion-content-post-8383\"\r\n                data-id=\"post-8383\" \r\n                data-item=\"hfaq-post-8383\" \r\n                style=\"background:transparent;\" \r\n                data-tags=\"\"\r\n                tabindex=\"0\"><div class=\"accordion__title\">Qu\u00e8 \u00e9s un agitador en contra rotaci\u00f3?<\/div><\/div><div id=\"accordion-content-post-8383\" \r\n                class=\"accordion__body\" \r\n                role=\"region\"\r\n                aria-labelledby=\"accordion-header-post-8383\"\r\n                style=\"background:transparent;\">\u00c9s un agitador que disposa de dos sistemes de pales: pales interm\u00e8dies i ancora exterior amb rascadors en el mateix eix girant en sentit contrari entre elles. Disposen de motor-reductors independents i s\u00f3n adequats per a productes de viscositat molt alta i processos de mescla, homogene\u00eftzaci\u00f3 i intercanvi t\u00e8rmic.<\/div><\/li><li class=\"accordion__item \"><div class=\"accordion__header \" \r\n                id=\"accordion-header-post-8381\"\r\n                role=\"button\"\r\n                aria-expanded=\"false\"\r\n                aria-controls=\"accordion-content-post-8381\"\r\n                data-id=\"post-8381\" \r\n                data-item=\"hfaq-post-8381\" \r\n                style=\"background:transparent;\" \r\n                data-tags=\"\"\r\n                tabindex=\"0\"><div class=\"accordion__title\">Quan es recomana la instal\u00b7laci\u00f3 d'un agitador lateral?<\/div><\/div><div id=\"accordion-content-post-8381\" \r\n                class=\"accordion__body\" \r\n                role=\"region\"\r\n                aria-labelledby=\"accordion-header-post-8381\"\r\n                style=\"background:transparent;\">Els agitadors laterals s\u00f3n adequats per a processos simples d'homogene\u00eftzaci\u00f3 i per a productes de baixa viscositat.<\/div><\/li><li class=\"accordion__item \"><div class=\"accordion__header \" \r\n                id=\"accordion-header-post-8382\"\r\n                role=\"button\"\r\n                aria-expanded=\"false\"\r\n                aria-controls=\"accordion-content-post-8382\"\r\n                data-id=\"post-8382\" \r\n                data-item=\"hfaq-post-8382\" \r\n                style=\"background:transparent;\" \r\n                data-tags=\"\"\r\n                tabindex=\"0\"><div class=\"accordion__title\">Quan \u00e9s necessari l'\u00fas de deflectors?<\/div><\/div><div id=\"accordion-content-post-8382\" \r\n                class=\"accordion__body\" \r\n                role=\"region\"\r\n                aria-labelledby=\"accordion-header-post-8382\"\r\n                style=\"background:transparent;\">Quan treballem amb productes de viscositats baixes o mitjanes i amb agitadors centrats, es produeixen dos fen\u00f2mens, el producte gira i es produeix v\u00f2rtex de manera que no es genera turbul\u00e8ncia ni barreja. La manera d'evitar aquests dos fen\u00f2mens \u00e9s instal\u00b7lar deflectors en el tanc. Per a productes de baixa viscositat hi ha l'opci\u00f3 de descentrar l'agitador sense la necessitat d'instal\u00b7lar deflectors.<\/div><\/li><li class=\"accordion__item \"><div class=\"accordion__header \" \r\n                id=\"accordion-header-post-8384\"\r\n                role=\"button\"\r\n                aria-expanded=\"false\"\r\n                aria-controls=\"accordion-content-post-8384\"\r\n                data-id=\"post-8384\" \r\n                data-item=\"hfaq-post-8384\" \r\n                style=\"background:transparent;\" \r\n                data-tags=\"\"\r\n                tabindex=\"0\"><div class=\"accordion__title\">Pot Vak Kimsa dissenyar equips per a processos est\u00e8rils o as\u00e8ptics?<\/div><\/div><div id=\"accordion-content-post-8384\" \r\n                class=\"accordion__body\" \r\n                role=\"region\"\r\n                aria-labelledby=\"accordion-header-post-8384\"\r\n                style=\"background:transparent;\">Disposem d'agitadors amb dissenys est\u00e8rils o as\u00e8ptics amb tanques mec\u00e0niques adequats a aquestes condicions de treball, acoblaments externs al tanc i acabats superficial gra 320 + electropolit.<\/div><\/li><li class=\"accordion__item \"><div class=\"accordion__header \" \r\n                id=\"accordion-header-post-8375\"\r\n                role=\"button\"\r\n                aria-expanded=\"false\"\r\n                aria-controls=\"accordion-content-post-8375\"\r\n                data-id=\"post-8375\" \r\n                data-item=\"hfaq-post-8375\" \r\n                style=\"background:transparent;\" \r\n                data-tags=\"\"\r\n                tabindex=\"0\"><div class=\"accordion__title\">Com puc fer un proc\u00e9s de mescla sense incorporar aire?<\/div><\/div><div id=\"accordion-content-post-8375\" \r\n                class=\"accordion__body\" \r\n                role=\"region\"\r\n                aria-labelledby=\"accordion-header-post-8375\"\r\n                style=\"background:transparent;\">Treballar al buit ens garanteix un 0% d'aire a la barreja. Treballant atmosf\u00e8ricament un agitador amb un disseny adequat amb di\u00e0metres de pales grans i velocitats baixes minimitzen l'entrada d'aire. Aix\u00ed mateix treballar a trav\u00e9s d'un Mesclador en l\u00ednia tamb\u00e9 redueix l'entrada d'aire a la barreja.<\/div><\/li><li class=\"accordion__item \"><div class=\"accordion__header \" \r\n                id=\"accordion-header-post-8372\"\r\n                role=\"button\"\r\n                aria-expanded=\"false\"\r\n                aria-controls=\"accordion-content-post-8372\"\r\n                data-id=\"post-8372\" \r\n                data-item=\"hfaq-post-8372\" \r\n                style=\"background:transparent;\" \r\n                data-tags=\"\"\r\n                tabindex=\"0\"><div class=\"accordion__title\">Quan \u00e9s necess\u00e0ria la instal\u00b7laci\u00f3 d'un mesclador en l\u00ednia?<\/div><\/div><div id=\"accordion-content-post-8372\" \r\n                class=\"accordion__body\" \r\n                role=\"region\"\r\n                aria-labelledby=\"accordion-header-post-8372\"\r\n                style=\"background:transparent;\">Per a processos de dissoluci\u00f3, dispersi\u00f3 i emulsi\u00f3, per a grans volums o per a productes de dif\u00edcil mescla.<\/div><\/li><li class=\"accordion__item \"><div class=\"accordion__header \" \r\n                id=\"accordion-header-post-8373\"\r\n                role=\"button\"\r\n                aria-expanded=\"false\"\r\n                aria-controls=\"accordion-content-post-8373\"\r\n                data-id=\"post-8373\" \r\n                data-item=\"hfaq-post-8373\" \r\n                style=\"background:transparent;\" \r\n                data-tags=\"\"\r\n                tabindex=\"0\"><div class=\"accordion__title\">Quins s\u00f3n els avantatges d'un mesclador en l\u00ednia?<\/div><\/div><div id=\"accordion-content-post-8373\" \r\n                class=\"accordion__body\" \r\n                role=\"region\"\r\n                aria-labelledby=\"accordion-header-post-8373\"\r\n                style=\"background:transparent;\">Podem destacar fins a 10 avantatges respecte un agitador tradicional:\r\n<ul>\r\n \t<li>No es formen grumolls.<\/li>\r\n \t<li>M\u00ednima entrada d'aire.<\/li>\r\n \t<li>Menor pot\u00e8ncia que amb un agitador convencional.<\/li>\r\n \t<li>Flexibilitat en el volum del lot.<\/li>\r\n \t<li>Un sol mesclador per fabricar sobre diversos dip\u00f2sits.<\/li>\r\n \t<li>C\u00e0rrega de components a peu de s\u00f2l.<\/li>\r\n \t<li>Dip\u00f2sits exempts de s\u00f2lids adherits a les seves parets.<\/li>\r\n \t<li>Dissoluci\u00f3 total de s\u00f2lids higrosc\u00f2pics.<\/li>\r\n \t<li>Dispersions de baixa granulometria.<\/li>\r\n \t<li>Emulsions de petita mida de gota.<\/li>\r\n<\/ul><\/div><\/li><li class=\"accordion__item \"><div class=\"accordion__header \" \r\n                id=\"accordion-header-post-8374\"\r\n                role=\"button\"\r\n                aria-expanded=\"false\"\r\n                aria-controls=\"accordion-content-post-8374\"\r\n                data-id=\"post-8374\" \r\n                data-item=\"hfaq-post-8374\" \r\n                style=\"background:transparent;\" \r\n                data-tags=\"\"\r\n                tabindex=\"0\"><div class=\"accordion__title\">Quines s\u00f3n les difer\u00e8ncies entre la fabricaci\u00f3 en lots i en continu?<\/div><\/div><div id=\"accordion-content-post-8374\" \r\n                class=\"accordion__body\" \r\n                role=\"region\"\r\n                aria-labelledby=\"accordion-header-post-8374\"\r\n                style=\"background:transparent;\">La fabricaci\u00f3 en lots amb un Mesclador en l\u00ednia es realitza mitjan\u00e7ant un tanc en qu\u00e8 el producte recircula sobre el mateix. Per a la fabricaci\u00f3 en continu cal tenir estocades les mat\u00e8ries primeres, dosificar-se directament al cap\u00e7al del mesclador, sortint directament la barreja ja feta en les proporcions necess\u00e0ries.<\/div><\/li><li class=\"accordion__item \"><div class=\"accordion__header \" \r\n                id=\"accordion-header-post-8376\"\r\n                role=\"button\"\r\n                aria-expanded=\"false\"\r\n                aria-controls=\"accordion-content-post-8376\"\r\n                data-id=\"post-8376\" \r\n                data-item=\"hfaq-post-8376\" \r\n                style=\"background:transparent;\" \r\n                data-tags=\"\"\r\n                tabindex=\"0\"><div class=\"accordion__title\">Com puc evitar que es formin grumolls a la mescla?<\/div><\/div><div id=\"accordion-content-post-8376\" \r\n                class=\"accordion__body\" \r\n                role=\"region\"\r\n                aria-labelledby=\"accordion-header-post-8376\"\r\n                style=\"background:transparent;\">Els Mescladors en l\u00ednia garanteixen que no es formin grumolls doncs s\u00f2lid i l\u00edquid entren en contacte just en el punt de mescla, reduint dr\u00e0sticament els temps de fabricaci\u00f3.<\/div><\/li><li class=\"accordion__item \"><div class=\"accordion__header \" \r\n                id=\"accordion-header-post-8377\"\r\n                role=\"button\"\r\n                aria-expanded=\"false\"\r\n                aria-controls=\"accordion-content-post-8377\"\r\n                data-id=\"post-8377\" \r\n                data-item=\"hfaq-post-8377\" \r\n                style=\"background:transparent;\" \r\n                data-tags=\"\"\r\n                tabindex=\"0\"><div class=\"accordion__title\">Com m'asseguro que el proc\u00e9s de mescla s'efectuar\u00e0 amb \u00e8xit?<\/div><\/div><div id=\"accordion-content-post-8377\" \r\n                class=\"accordion__body\" \r\n                role=\"region\"\r\n                aria-labelledby=\"accordion-header-post-8377\"\r\n                style=\"background:transparent;\">A Vak Kimsa basem l'\u00e8xit en la combinaci\u00f3 de 4 puntals: l'experi\u00e8ncia de 50 anys, els nostres programes de c\u00e0lcul, la simulaci\u00f3 ANSYS i la nostra planta pilot. A Vak Kimsa donem doble garantia als nostres equips de mescla: mec\u00e0nica i de proc\u00e9s.<\/div><\/li><li class=\"accordion__item \"><div class=\"accordion__header \" \r\n                id=\"accordion-header-post-8379\"\r\n                role=\"button\"\r\n                aria-expanded=\"false\"\r\n                aria-controls=\"accordion-content-post-8379\"\r\n                data-id=\"post-8379\" \r\n                data-item=\"hfaq-post-8379\" \r\n                style=\"background:transparent;\" \r\n                data-tags=\"\"\r\n                tabindex=\"0\"><div class=\"accordion__title\">Pot Vak Kimsa subministrar equips a qualsevol part de m\u00f3n?<\/div><\/div><div id=\"accordion-content-post-8379\" \r\n                class=\"accordion__body\" \r\n                role=\"region\"\r\n                aria-labelledby=\"accordion-header-post-8379\"\r\n                style=\"background:transparent;\">\u00c9s clar! El nostre mercat \u00e9s el m\u00f3n. Tenim equips instal\u00b7lats en m\u00e9s de 40 pa\u00efsos.<\/div><\/li><li class=\"accordion__item \"><div class=\"accordion__header \" \r\n                id=\"accordion-header-post-8380\"\r\n                role=\"button\"\r\n                aria-expanded=\"false\"\r\n                aria-controls=\"accordion-content-post-8380\"\r\n                data-id=\"post-8380\" \r\n                data-item=\"hfaq-post-8380\" \r\n                style=\"background:transparent;\" \r\n                data-tags=\"\"\r\n                tabindex=\"0\"><div class=\"accordion__title\">Ofereix Vak Kimsa la possibilitat de realitzar assist\u00e8ncia t\u00e8cnica remota?<\/div><\/div><div id=\"accordion-content-post-8380\" \r\n                class=\"accordion__body\" \r\n                role=\"region\"\r\n                aria-labelledby=\"accordion-header-post-8380\"\r\n                style=\"background:transparent;\">Si, la tecnologia actual ens permet realitzar assist\u00e8ncia t\u00e8cnica remota entre 1 i 24 hores, depenent de la difer\u00e8ncia hor\u00e0ria.<\/div><\/li><\/ul><\/div><\/div><\/article><\/section>\n","protected":false},"excerpt":{"rendered":"","protected":false},"author":1,"featured_media":0,"parent":0,"menu_order":0,"comment_status":"closed","ping_status":"closed","template":"","meta":{"footnotes":""},"class_list":["post-8398","page","type-page","status-publish","hentry"],"yoast_head":"<!-- This site is optimized with the Yoast SEO plugin v27.5 - https:\/\/yoast.com\/product\/yoast-seo-wordpress\/ -->\n<title>FAQs Agitaci\u00f3 i Mescla en l\u00ednia - Vak Kimsa, S.A.<\/title>\n<meta name=\"description\" content=\"Fabricants d&#039;agitadors, mescladors en l\u00ednia i instal\u00b7lacions completes de mescla per a la ind\u00fastria aliment\u00e0ria, qu\u00edmica, cosm\u00e8tica i farmac\u00e8utica.\" \/>\n<meta name=\"robots\" content=\"index, follow, max-snippet:-1, max-image-preview:large, max-video-preview:-1\" \/>\n<link rel=\"canonical\" href=\"https:\/\/vakkimsa.com\/ca\/faqs-agitacio-i-mescla-en-linea\/\" \/>\n<meta property=\"og:locale\" content=\"ca_ES\" \/>\n<meta property=\"og:type\" content=\"article\" \/>\n<meta property=\"og:title\" content=\"FAQs Agitaci\u00f3 i Mescla en l\u00ednia - Vak Kimsa, S.A.\" \/>\n<meta property=\"og:description\" content=\"Fabricants d&#039;agitadors, mescladors en l\u00ednia i instal\u00b7lacions completes de mescla per a la ind\u00fastria aliment\u00e0ria, qu\u00edmica, cosm\u00e8tica i farmac\u00e8utica.\" \/>\n<meta property=\"og:url\" content=\"https:\/\/vakkimsa.com\/ca\/faqs-agitacio-i-mescla-en-linea\/\" \/>\n<meta property=\"og:site_name\" content=\"Vak Kimsa, S.A.\" \/>\n<meta property=\"article:modified_time\" content=\"2022-03-22T10:42:35+00:00\" \/>\n<meta property=\"og:image\" content=\"https:\/\/vakkimsa.com\/wp-content\/uploads\/2022\/02\/Imagen3.jpg\" \/>\n\t<meta property=\"og:image:width\" content=\"457\" \/>\n\t<meta property=\"og:image:height\" content=\"259\" \/>\n\t<meta property=\"og:image:type\" content=\"image\/jpeg\" \/>\n<meta name=\"twitter:card\" content=\"summary_large_image\" \/>\n<meta name=\"twitter:label1\" content=\"Temps estimat de lectura\" \/>\n\t<meta name=\"twitter:data1\" content=\"1 minut\" \/>\n<script type=\"application\/ld+json\" class=\"yoast-schema-graph\">{\"@context\":\"https:\\\/\\\/schema.org\",\"@graph\":[{\"@type\":\"WebPage\",\"@id\":\"https:\\\/\\\/vakkimsa.com\\\/ca\\\/faqs-agitacio-i-mescla-en-linea\\\/\",\"url\":\"https:\\\/\\\/vakkimsa.com\\\/ca\\\/faqs-agitacio-i-mescla-en-linea\\\/\",\"name\":\"FAQs Agitaci\u00f3 i Mescla en l\u00ednia - Vak Kimsa, S.A.\",\"isPartOf\":{\"@id\":\"https:\\\/\\\/vakkimsa.com\\\/ca\\\/#website\"},\"datePublished\":\"2021-09-02T11:05:21+00:00\",\"dateModified\":\"2022-03-22T10:42:35+00:00\",\"description\":\"Fabricants d'agitadors, mescladors en l\u00ednia i instal\u00b7lacions completes de mescla per a la ind\u00fastria aliment\u00e0ria, qu\u00edmica, cosm\u00e8tica i farmac\u00e8utica.\",\"breadcrumb\":{\"@id\":\"https:\\\/\\\/vakkimsa.com\\\/ca\\\/faqs-agitacio-i-mescla-en-linea\\\/#breadcrumb\"},\"inLanguage\":\"ca\",\"potentialAction\":[{\"@type\":\"ReadAction\",\"target\":[\"https:\\\/\\\/vakkimsa.com\\\/ca\\\/faqs-agitacio-i-mescla-en-linea\\\/\"]}]},{\"@type\":\"BreadcrumbList\",\"@id\":\"https:\\\/\\\/vakkimsa.com\\\/ca\\\/faqs-agitacio-i-mescla-en-linea\\\/#breadcrumb\",\"itemListElement\":[{\"@type\":\"ListItem\",\"position\":1,\"name\":\"Portada\",\"item\":\"https:\\\/\\\/vakkimsa.com\\\/ca\\\/\"},{\"@type\":\"ListItem\",\"position\":2,\"name\":\"FAQs Agitaci\u00f3 i Mescla en l\u00ednia\"}]},{\"@type\":\"WebSite\",\"@id\":\"https:\\\/\\\/vakkimsa.com\\\/ca\\\/#website\",\"url\":\"https:\\\/\\\/vakkimsa.com\\\/ca\\\/\",\"name\":\"Vak Kimsa, S.A.\",\"description\":\"Agitadores y mezcladores en l\u00ednea\",\"potentialAction\":[{\"@type\":\"SearchAction\",\"target\":{\"@type\":\"EntryPoint\",\"urlTemplate\":\"https:\\\/\\\/vakkimsa.com\\\/ca\\\/?s={search_term_string}\"},\"query-input\":{\"@type\":\"PropertyValueSpecification\",\"valueRequired\":true,\"valueName\":\"search_term_string\"}}],\"inLanguage\":\"ca\"}]}<\/script>\n<!-- \/ Yoast SEO plugin. -->","yoast_head_json":{"title":"FAQs Agitaci\u00f3 i Mescla en l\u00ednia - Vak Kimsa, S.A.","description":"Fabricants d'agitadors, mescladors en l\u00ednia i instal\u00b7lacions completes de mescla per a la ind\u00fastria aliment\u00e0ria, qu\u00edmica, cosm\u00e8tica i farmac\u00e8utica.","robots":{"index":"index","follow":"follow","max-snippet":"max-snippet:-1","max-image-preview":"max-image-preview:large","max-video-preview":"max-video-preview:-1"},"canonical":"https:\/\/vakkimsa.com\/ca\/faqs-agitacio-i-mescla-en-linea\/","og_locale":"ca_ES","og_type":"article","og_title":"FAQs Agitaci\u00f3 i Mescla en l\u00ednia - Vak Kimsa, S.A.","og_description":"Fabricants d'agitadors, mescladors en l\u00ednia i instal\u00b7lacions completes de mescla per a la ind\u00fastria aliment\u00e0ria, qu\u00edmica, cosm\u00e8tica i farmac\u00e8utica.","og_url":"https:\/\/vakkimsa.com\/ca\/faqs-agitacio-i-mescla-en-linea\/","og_site_name":"Vak Kimsa, S.A.","article_modified_time":"2022-03-22T10:42:35+00:00","og_image":[{"width":457,"height":259,"url":"https:\/\/vakkimsa.com\/wp-content\/uploads\/2022\/02\/Imagen3.jpg","type":"image\/jpeg"}],"twitter_card":"summary_large_image","twitter_misc":{"Temps estimat de lectura":"1 minut"},"schema":{"@context":"https:\/\/schema.org","@graph":[{"@type":"WebPage","@id":"https:\/\/vakkimsa.com\/ca\/faqs-agitacio-i-mescla-en-linea\/","url":"https:\/\/vakkimsa.com\/ca\/faqs-agitacio-i-mescla-en-linea\/","name":"FAQs Agitaci\u00f3 i Mescla en l\u00ednia - Vak Kimsa, S.A.","isPartOf":{"@id":"https:\/\/vakkimsa.com\/ca\/#website"},"datePublished":"2021-09-02T11:05:21+00:00","dateModified":"2022-03-22T10:42:35+00:00","description":"Fabricants d'agitadors, mescladors en l\u00ednia i instal\u00b7lacions completes de mescla per a la ind\u00fastria aliment\u00e0ria, qu\u00edmica, cosm\u00e8tica i farmac\u00e8utica.","breadcrumb":{"@id":"https:\/\/vakkimsa.com\/ca\/faqs-agitacio-i-mescla-en-linea\/#breadcrumb"},"inLanguage":"ca","potentialAction":[{"@type":"ReadAction","target":["https:\/\/vakkimsa.com\/ca\/faqs-agitacio-i-mescla-en-linea\/"]}]},{"@type":"BreadcrumbList","@id":"https:\/\/vakkimsa.com\/ca\/faqs-agitacio-i-mescla-en-linea\/#breadcrumb","itemListElement":[{"@type":"ListItem","position":1,"name":"Portada","item":"https:\/\/vakkimsa.com\/ca\/"},{"@type":"ListItem","position":2,"name":"FAQs Agitaci\u00f3 i Mescla en l\u00ednia"}]},{"@type":"WebSite","@id":"https:\/\/vakkimsa.com\/ca\/#website","url":"https:\/\/vakkimsa.com\/ca\/","name":"Vak Kimsa, S.A.","description":"Agitadores y mezcladores en l\u00ednea","potentialAction":[{"@type":"SearchAction","target":{"@type":"EntryPoint","urlTemplate":"https:\/\/vakkimsa.com\/ca\/?s={search_term_string}"},"query-input":{"@type":"PropertyValueSpecification","valueRequired":true,"valueName":"search_term_string"}}],"inLanguage":"ca"}]}},"_links":{"self":[{"href":"https:\/\/vakkimsa.com\/ca\/wp-json\/wp\/v2\/pages\/8398","targetHints":{"allow":["GET"]}}],"collection":[{"href":"https:\/\/vakkimsa.com\/ca\/wp-json\/wp\/v2\/pages"}],"about":[{"href":"https:\/\/vakkimsa.com\/ca\/wp-json\/wp\/v2\/types\/page"}],"author":[{"embeddable":true,"href":"https:\/\/vakkimsa.com\/ca\/wp-json\/wp\/v2\/users\/1"}],"replies":[{"embeddable":true,"href":"https:\/\/vakkimsa.com\/ca\/wp-json\/wp\/v2\/comments?post=8398"}],"version-history":[{"count":0,"href":"https:\/\/vakkimsa.com\/ca\/wp-json\/wp\/v2\/pages\/8398\/revisions"}],"wp:attachment":[{"href":"https:\/\/vakkimsa.com\/ca\/wp-json\/wp\/v2\/media?parent=8398"}],"curies":[{"name":"wp","href":"https:\/\/api.w.org\/{rel}","templated":true}]}}