{"id":10174,"date":"2022-03-22T11:23:02","date_gmt":"2022-03-22T10:23:02","guid":{"rendered":"https:\/\/vakkimsa.com\/?page_id=10174"},"modified":"2022-03-22T11:46:36","modified_gmt":"2022-03-22T10:46:36","slug":"faqs-agitare-e-miscelare-in-linea","status":"publish","type":"page","link":"https:\/\/vakkimsa.com\/it\/faqs-agitare-e-miscelare-in-linea\/","title":{"rendered":"FAQs Agitare e miscelare in linea"},"content":{"rendered":"<div class=\"fusion-fullwidth fullwidth-box fusion-builder-row-1 nonhundred-percent-fullwidth non-hundred-percent-height-scrolling\" style=\"--awb-border-radius-top-left:0px;--awb-border-radius-top-right:0px;--awb-border-radius-bottom-right:0px;--awb-border-radius-bottom-left:0px;--awb-flex-wrap:wrap;\" ><div class=\"fusion-builder-row fusion-row\"><div class=\"fusion-layout-column fusion_builder_column fusion-builder-column-0 fusion_builder_column_1_1 1_1 fusion-one-full fusion-column-first fusion-column-last\" style=\"--awb-bg-size:cover;\"><div class=\"fusion-column-wrapper fusion-column-has-shadow fusion-flex-column-wrapper-legacy\"><div class=\"fusion-text fusion-text-1\"><section id='' \n                class='helpie-faq accordions faq-toggle open-first' \n                data-collection='' \n                data-pagination='0' \n                data-search='0' \n                data-pagination-enabled='0'\n                role='region'\n                aria-label='FAQ Section'\n                aria-live='polite'><h3 class=\"collection-title\">FAQs Agitare e miscelare online<\/h3><form class=\"search\" onSubmit=\"return false;\"><div class=\"search__wrapper\"><input type=\"text\" class=\"search__input\" aria-label=\"Search\" role=\"searchbox\" placeholder=\"Search FAQ\"><span class=\"search__icon\"><svg class=\"svg-icon--search\" role=\"img\" xmlns=\"http:\/\/www.w3.org\/2000\/svg\" viewBox=\"0 0 22 22\">\r\n                        <g fill=\"none\" stroke=\"#171717\">\r\n                            <path stroke-linecap=\"square\" stroke-width=\"2\" d=\"M18.5 18.3l-5.4-5.4\"\/>\r\n                            <circle cx=\"8\" cy=\"8\" r=\"7\" stroke-width=\"2\"\/>\r\n                        <\/g>\r\n                    <\/svg><\/span><\/div><div class=\"search__message\"><\/div><\/form><article class=\"accordion \"><div class='helpie-faq-row'><div class='helpie-faq-col helpie-faq-col-12' ><ul><li class=\"accordion__item \"><div class=\"accordion__header \" \r\n                id=\"accordion-header-post-10161\"\r\n                role=\"button\"\r\n                aria-expanded=\"false\"\r\n                aria-controls=\"accordion-content-post-10161\"\r\n                data-id=\"post-10161\" \r\n                data-item=\"hfaq-post-10161\" \r\n                style=\"background:transparent;\" \r\n                data-tags=\"\"\r\n                tabindex=\"0\"><div class=\"accordion__title\">Come posso sapere di quale agitatore ho bisogno per il mio processo di miscelazione?<\/div><\/div><div id=\"accordion-content-post-10161\" \r\n                class=\"accordion__body\" \r\n                role=\"region\"\r\n                aria-labelledby=\"accordion-header-post-10161\"\r\n                style=\"background:transparent;\">Non devi saperlo, ci assumiamo la responsabilit\u00e0 di offrirti l'agitatore giusto sulla base di: 50 anni di esperienza, i nostri programmi di calcolo, la simulazione ANSYS e il nostro impianto pilota. Alla Vak Kimsa diamo una doppia garanzia alle nostre apparecchiature di miscelazione: meccanica e di processo.<\/div><\/li><li class=\"accordion__item \"><div class=\"accordion__header \" \r\n                id=\"accordion-header-post-10162\"\r\n                role=\"button\"\r\n                aria-expanded=\"false\"\r\n                aria-controls=\"accordion-content-post-10162\"\r\n                data-id=\"post-10162\" \r\n                data-item=\"hfaq-post-10162\" \r\n                style=\"background:transparent;\" \r\n                data-tags=\"\"\r\n                tabindex=\"0\"><div class=\"accordion__title\">Cos'\u00e8 un agitatore controrotante?<\/div><\/div><div id=\"accordion-content-post-10162\" \r\n                class=\"accordion__body\" \r\n                role=\"region\"\r\n                aria-labelledby=\"accordion-header-post-10162\"\r\n                style=\"background:transparent;\">\u00c8 un agitatore che ha due sistemi di lame: lame intermedie e un'ancora esterna con raschiatori, sullo stesso asse ruotanti in direzioni opposte tra loro. Sono dotati di motoriduttori indipendenti e sono adatti per prodotti ad altissima viscosit\u00e0 e processi di miscelazione, omogeneizzazione e scambio termico.<\/div><\/li><li class=\"accordion__item \"><div class=\"accordion__header \" \r\n                id=\"accordion-header-post-10163\"\r\n                role=\"button\"\r\n                aria-expanded=\"false\"\r\n                aria-controls=\"accordion-content-post-10163\"\r\n                data-id=\"post-10163\" \r\n                data-item=\"hfaq-post-10163\" \r\n                style=\"background:transparent;\" \r\n                data-tags=\"\"\r\n                tabindex=\"0\"><div class=\"accordion__title\">Quando \u00e8 consigliata l'installazione di un agitatore laterale?<\/div><\/div><div id=\"accordion-content-post-10163\" \r\n                class=\"accordion__body\" \r\n                role=\"region\"\r\n                aria-labelledby=\"accordion-header-post-10163\"\r\n                style=\"background:transparent;\">Gli agitatori laterali sono adatti per semplici processi di omogeneizzazione e per prodotti a bassa viscosit\u00e0.<\/div><\/li><li class=\"accordion__item \"><div class=\"accordion__header \" \r\n                id=\"accordion-header-post-10164\"\r\n                role=\"button\"\r\n                aria-expanded=\"false\"\r\n                aria-controls=\"accordion-content-post-10164\"\r\n                data-id=\"post-10164\" \r\n                data-item=\"hfaq-post-10164\" \r\n                style=\"background:transparent;\" \r\n                data-tags=\"\"\r\n                tabindex=\"0\"><div class=\"accordion__title\">Quando \u00e8 necessario l'uso dei deflettori?<\/div><\/div><div id=\"accordion-content-post-10164\" \r\n                class=\"accordion__body\" \r\n                role=\"region\"\r\n                aria-labelledby=\"accordion-header-post-10164\"\r\n                style=\"background:transparent;\">Quando lavoriamo con prodotti a bassa o media viscosit\u00e0 e con agitatori centrati, si verificano due fenomeni: il prodotto ruota e si forma un vortice in modo che non si generino turbolenze o rimescolamenti. Il modo per evitare questi due fenomeni \u00e8 installare dei deflettori nel serbatoio. Per i prodotti a bassa viscosit\u00e0 c'\u00e8 la possibilit\u00e0 di sfalsare l'agitatore senza la necessit\u00e0 di installare deflettori.<\/div><\/li><li class=\"accordion__item \"><div class=\"accordion__header \" \r\n                id=\"accordion-header-post-10165\"\r\n                role=\"button\"\r\n                aria-expanded=\"false\"\r\n                aria-controls=\"accordion-content-post-10165\"\r\n                data-id=\"post-10165\" \r\n                data-item=\"hfaq-post-10165\" \r\n                style=\"background:transparent;\" \r\n                data-tags=\"\"\r\n                tabindex=\"0\"><div class=\"accordion__title\">Vak Kimsa pu\u00f2 progettare apparecchiature per processi sterili o asettici?<\/div><\/div><div id=\"accordion-content-post-10165\" \r\n                class=\"accordion__body\" \r\n                role=\"region\"\r\n                aria-labelledby=\"accordion-header-post-10165\"\r\n                style=\"background:transparent;\">Disponiamo di agitatori con design sterile o asettico con tenute meccaniche adatte a queste condizioni di lavoro, attacchi esterni alla vasca e finiture superficiali grana 320 + elettrolucidata.<\/div><\/li><li class=\"accordion__item \"><div class=\"accordion__header \" \r\n                id=\"accordion-header-post-10166\"\r\n                role=\"button\"\r\n                aria-expanded=\"false\"\r\n                aria-controls=\"accordion-content-post-10166\"\r\n                data-id=\"post-10166\" \r\n                data-item=\"hfaq-post-10166\" \r\n                style=\"background:transparent;\" \r\n                data-tags=\"\"\r\n                tabindex=\"0\"><div class=\"accordion__title\">Come posso eseguire un processo di miscelazione senza incorporare aria?<\/div><\/div><div id=\"accordion-content-post-10166\" \r\n                class=\"accordion__body\" \r\n                role=\"region\"\r\n                aria-labelledby=\"accordion-header-post-10166\"\r\n                style=\"background:transparent;\">Lavorare sotto vuoto ci garantisce lo 0% di aria nell'impasto. Lavorando in modo atmosferico, un agitatore con un design adatto con grandi diametri delle pale e basse velocit\u00e0 riduce al minimo l'aspirazione dell'aria. Allo stesso modo, lavorare con un ML riduce anche l'ingresso di aria nella miscela.<\/div><\/li><li class=\"accordion__item \"><div class=\"accordion__header \" \r\n                id=\"accordion-header-post-10167\"\r\n                role=\"button\"\r\n                aria-expanded=\"false\"\r\n                aria-controls=\"accordion-content-post-10167\"\r\n                data-id=\"post-10167\" \r\n                data-item=\"hfaq-post-10167\" \r\n                style=\"background:transparent;\" \r\n                data-tags=\"\"\r\n                tabindex=\"0\"><div class=\"accordion__title\">Quando \u00e8 necessaria l'installazione di un miscelatore in linea?<\/div><\/div><div id=\"accordion-content-post-10167\" \r\n                class=\"accordion__body\" \r\n                role=\"region\"\r\n                aria-labelledby=\"accordion-header-post-10167\"\r\n                style=\"background:transparent;\">Per processi di dissoluzione, dispersione ed emulsione per grandi volumi o per prodotti difficili da miscelare.<\/div><\/li><li class=\"accordion__item \"><div class=\"accordion__header \" \r\n                id=\"accordion-header-post-10168\"\r\n                role=\"button\"\r\n                aria-expanded=\"false\"\r\n                aria-controls=\"accordion-content-post-10168\"\r\n                data-id=\"post-10168\" \r\n                data-item=\"hfaq-post-10168\" \r\n                style=\"background:transparent;\" \r\n                data-tags=\"\"\r\n                tabindex=\"0\"><div class=\"accordion__title\">Quali sono i vantaggi di un mixer online?<\/div><\/div><div id=\"accordion-content-post-10168\" \r\n                class=\"accordion__body\" \r\n                role=\"region\"\r\n                aria-labelledby=\"accordion-header-post-10168\"\r\n                style=\"background:transparent;\">Possiamo evidenziare fino a 10 vantaggi rispetto ad un agitatore tradizionale:\r\n<ul>\r\n \t<li style=\"list-style-type: none\">\r\n<ul>\r\n \t<li>Non si formano grumi.<\/li>\r\n \t<li>Presa d'aria minima.<\/li>\r\n \t<li>Potenza inferiore rispetto a un agitatore convenzionale.<\/li>\r\n \t<li>Flessibilit\u00e0 nel volume del lotto.<\/li>\r\n \t<li>Un unico miscelatore da realizzare su pi\u00f9 serbatoi.<\/li>\r\n \t<li>Caricamento dei componenti a livello del suolo.<\/li>\r\n \t<li>Depositi privi di solidi aderenti alle pareti.<\/li>\r\n \t<li>Dissoluzione totale dei solidi igroscopici.<\/li>\r\n \t<li>Dispersioni a bassa granulometria.<\/li>\r\n \t<li>Emulsioni a piccole gocce.<\/li>\r\n<\/ul>\r\n<\/li>\r\n<\/ul><\/div><\/li><li class=\"accordion__item \"><div class=\"accordion__header \" \r\n                id=\"accordion-header-post-10169\"\r\n                role=\"button\"\r\n                aria-expanded=\"false\"\r\n                aria-controls=\"accordion-content-post-10169\"\r\n                data-id=\"post-10169\" \r\n                data-item=\"hfaq-post-10169\" \r\n                style=\"background:transparent;\" \r\n                data-tags=\"\"\r\n                tabindex=\"0\"><div class=\"accordion__title\">Quali sono le differenze tra produzione batch e produzione continua?<\/div><\/div><div id=\"accordion-content-post-10169\" \r\n                class=\"accordion__body\" \r\n                role=\"region\"\r\n                aria-labelledby=\"accordion-header-post-10169\"\r\n                style=\"background:transparent;\">La produzione in lotti con un ML viene eseguita utilizzando un serbatoio in cui il prodotto ricircola su di esso. Per la lavorazione in continuo \u00e8 necessario avere a magazzino le materie prime, dosarle direttamente nella testa dell'impastatrice, e l'impasto gi\u00e0 preparato nelle proporzioni necessarie esce direttamente.<\/div><\/li><li class=\"accordion__item \"><div class=\"accordion__header \" \r\n                id=\"accordion-header-post-10170\"\r\n                role=\"button\"\r\n                aria-expanded=\"false\"\r\n                aria-controls=\"accordion-content-post-10170\"\r\n                data-id=\"post-10170\" \r\n                data-item=\"hfaq-post-10170\" \r\n                style=\"background:transparent;\" \r\n                data-tags=\"\"\r\n                tabindex=\"0\"><div class=\"accordion__title\">Come posso evitare la formazione di grumi nell'impasto?<\/div><\/div><div id=\"accordion-content-post-10170\" \r\n                class=\"accordion__body\" \r\n                role=\"region\"\r\n                aria-labelledby=\"accordion-header-post-10170\"\r\n                style=\"background:transparent;\">I miscelatori in linea garantiscono che non si formino grumi, poich\u00e9 solido e liquido entrano in contatto proprio nel punto di miscelazione, riducendo drasticamente i tempi di lavorazione.<\/div><\/li><li class=\"accordion__item \"><div class=\"accordion__header \" \r\n                id=\"accordion-header-post-10171\"\r\n                role=\"button\"\r\n                aria-expanded=\"false\"\r\n                aria-controls=\"accordion-content-post-10171\"\r\n                data-id=\"post-10171\" \r\n                data-item=\"hfaq-post-10171\" \r\n                style=\"background:transparent;\" \r\n                data-tags=\"\"\r\n                tabindex=\"0\"><div class=\"accordion__title\">Come posso assicurarmi che il processo di unione vada a buon fine?<\/div><\/div><div id=\"accordion-content-post-10171\" \r\n                class=\"accordion__body\" \r\n                role=\"region\"\r\n                aria-labelledby=\"accordion-header-post-10171\"\r\n                style=\"background:transparent;\">In Vak Kimsa basiamo il successo della miscela su 4 pilastri: 50 anni di esperienza, i nostri programmi di calcolo, la simulazione ANSYS e il nostro impianto pilota. In VK diamo una doppia garanzia alle nostre apparecchiature di miscelazione: meccanica e di processo.<\/div><\/li><li class=\"accordion__item \"><div class=\"accordion__header \" \r\n                id=\"accordion-header-post-10172\"\r\n                role=\"button\"\r\n                aria-expanded=\"false\"\r\n                aria-controls=\"accordion-content-post-10172\"\r\n                data-id=\"post-10172\" \r\n                data-item=\"hfaq-post-10172\" \r\n                style=\"background:transparent;\" \r\n                data-tags=\"\"\r\n                tabindex=\"0\"><div class=\"accordion__title\">Vak Kimsa pu\u00f2 fornire attrezzature in qualsiasi parte del mondo?<\/div><\/div><div id=\"accordion-content-post-10172\" \r\n                class=\"accordion__body\" \r\n                role=\"region\"\r\n                aria-labelledby=\"accordion-header-post-10172\"\r\n                style=\"background:transparent;\">Certamente! Il nostro mercato \u00e8 il mondo. Abbiamo squadre in pi\u00f9 di 40 paesi.<\/div><\/li><li class=\"accordion__item \"><div class=\"accordion__header \" \r\n                id=\"accordion-header-post-10173\"\r\n                role=\"button\"\r\n                aria-expanded=\"false\"\r\n                aria-controls=\"accordion-content-post-10173\"\r\n                data-id=\"post-10173\" \r\n                data-item=\"hfaq-post-10173\" \r\n                style=\"background:transparent;\" \r\n                data-tags=\"\"\r\n                tabindex=\"0\"><div class=\"accordion__title\">Vak Kimsa offre la possibilit\u00e0 di assistenza tecnica a distanza?<\/div><\/div><div id=\"accordion-content-post-10173\" \r\n                class=\"accordion__body\" \r\n                role=\"region\"\r\n                aria-labelledby=\"accordion-header-post-10173\"\r\n                style=\"background:transparent;\">S\u00ec, la tecnologia attuale ci consente di fornire assistenza tecnica da remoto tra 1 e 24 ore, a seconda della differenza di orario.<\/div><\/li><\/ul><\/div><\/div><\/article><\/section>\n<\/div><div class=\"fusion-clearfix\"><\/div><\/div><\/div><\/div><\/div>\n","protected":false},"excerpt":{"rendered":"","protected":false},"author":1,"featured_media":0,"parent":0,"menu_order":0,"comment_status":"closed","ping_status":"closed","template":"","meta":{"footnotes":""},"class_list":["post-10174","page","type-page","status-publish","hentry"],"yoast_head":"<!-- This site is optimized with the Yoast SEO plugin v27.5 - https:\/\/yoast.com\/product\/yoast-seo-wordpress\/ -->\n<title>FAQs Agitare e miscelare in linea - Vak Kimsa, S.A.<\/title>\n<meta name=\"description\" content=\"Produttori di agitatori, miscelatori in linea e impianti di miscelazione completi per l&#039;industria alimentare, chimica, cosmetica e farmaceutica.\" \/>\n<meta name=\"robots\" content=\"index, follow, max-snippet:-1, max-image-preview:large, max-video-preview:-1\" \/>\n<link rel=\"canonical\" href=\"https:\/\/vakkimsa.com\/it\/faqs-agitare-e-miscelare-in-linea\/\" \/>\n<meta property=\"og:locale\" content=\"it_IT\" \/>\n<meta property=\"og:type\" content=\"article\" \/>\n<meta property=\"og:title\" content=\"FAQs Agitare e miscelare in linea - Vak Kimsa, S.A.\" \/>\n<meta property=\"og:description\" content=\"Produttori di agitatori, miscelatori in linea e impianti di miscelazione completi per l&#039;industria alimentare, chimica, cosmetica e farmaceutica.\" \/>\n<meta property=\"og:url\" content=\"https:\/\/vakkimsa.com\/it\/faqs-agitare-e-miscelare-in-linea\/\" \/>\n<meta property=\"og:site_name\" content=\"Vak Kimsa, S.A.\" \/>\n<meta property=\"article:modified_time\" content=\"2022-03-22T10:46:36+00:00\" \/>\n<meta name=\"twitter:card\" content=\"summary_large_image\" \/>\n<meta name=\"twitter:label1\" content=\"Tempo di lettura stimato\" \/>\n\t<meta name=\"twitter:data1\" content=\"1 minuto\" \/>\n<script type=\"application\/ld+json\" class=\"yoast-schema-graph\">{\"@context\":\"https:\\\/\\\/schema.org\",\"@graph\":[{\"@type\":\"WebPage\",\"@id\":\"https:\\\/\\\/vakkimsa.com\\\/it\\\/faqs-agitare-e-miscelare-in-linea\\\/\",\"url\":\"https:\\\/\\\/vakkimsa.com\\\/it\\\/faqs-agitare-e-miscelare-in-linea\\\/\",\"name\":\"FAQs Agitare e miscelare in linea - Vak Kimsa, S.A.\",\"isPartOf\":{\"@id\":\"https:\\\/\\\/vakkimsa.com\\\/it\\\/#website\"},\"datePublished\":\"2022-03-22T10:23:02+00:00\",\"dateModified\":\"2022-03-22T10:46:36+00:00\",\"description\":\"Produttori di agitatori, miscelatori in linea e impianti di miscelazione completi per l'industria alimentare, chimica, cosmetica e farmaceutica.\",\"breadcrumb\":{\"@id\":\"https:\\\/\\\/vakkimsa.com\\\/it\\\/faqs-agitare-e-miscelare-in-linea\\\/#breadcrumb\"},\"inLanguage\":\"it-IT\",\"potentialAction\":[{\"@type\":\"ReadAction\",\"target\":[\"https:\\\/\\\/vakkimsa.com\\\/it\\\/faqs-agitare-e-miscelare-in-linea\\\/\"]}]},{\"@type\":\"BreadcrumbList\",\"@id\":\"https:\\\/\\\/vakkimsa.com\\\/it\\\/faqs-agitare-e-miscelare-in-linea\\\/#breadcrumb\",\"itemListElement\":[{\"@type\":\"ListItem\",\"position\":1,\"name\":\"Portada\",\"item\":\"https:\\\/\\\/vakkimsa.com\\\/it\\\/\"},{\"@type\":\"ListItem\",\"position\":2,\"name\":\"FAQs Agitare e miscelare in linea\"}]},{\"@type\":\"WebSite\",\"@id\":\"https:\\\/\\\/vakkimsa.com\\\/it\\\/#website\",\"url\":\"https:\\\/\\\/vakkimsa.com\\\/it\\\/\",\"name\":\"Vak Kimsa, S.A.\",\"description\":\"Agitadores y mezcladores en l\u00ednea\",\"potentialAction\":[{\"@type\":\"SearchAction\",\"target\":{\"@type\":\"EntryPoint\",\"urlTemplate\":\"https:\\\/\\\/vakkimsa.com\\\/it\\\/?s={search_term_string}\"},\"query-input\":{\"@type\":\"PropertyValueSpecification\",\"valueRequired\":true,\"valueName\":\"search_term_string\"}}],\"inLanguage\":\"it-IT\"}]}<\/script>\n<!-- \/ Yoast SEO plugin. -->","yoast_head_json":{"title":"FAQs Agitare e miscelare in linea - Vak Kimsa, S.A.","description":"Produttori di agitatori, miscelatori in linea e impianti di miscelazione completi per l'industria alimentare, chimica, cosmetica e farmaceutica.","robots":{"index":"index","follow":"follow","max-snippet":"max-snippet:-1","max-image-preview":"max-image-preview:large","max-video-preview":"max-video-preview:-1"},"canonical":"https:\/\/vakkimsa.com\/it\/faqs-agitare-e-miscelare-in-linea\/","og_locale":"it_IT","og_type":"article","og_title":"FAQs Agitare e miscelare in linea - Vak Kimsa, S.A.","og_description":"Produttori di agitatori, miscelatori in linea e impianti di miscelazione completi per l'industria alimentare, chimica, cosmetica e farmaceutica.","og_url":"https:\/\/vakkimsa.com\/it\/faqs-agitare-e-miscelare-in-linea\/","og_site_name":"Vak Kimsa, S.A.","article_modified_time":"2022-03-22T10:46:36+00:00","twitter_card":"summary_large_image","twitter_misc":{"Tempo di lettura stimato":"1 minuto"},"schema":{"@context":"https:\/\/schema.org","@graph":[{"@type":"WebPage","@id":"https:\/\/vakkimsa.com\/it\/faqs-agitare-e-miscelare-in-linea\/","url":"https:\/\/vakkimsa.com\/it\/faqs-agitare-e-miscelare-in-linea\/","name":"FAQs Agitare e miscelare in linea - Vak Kimsa, S.A.","isPartOf":{"@id":"https:\/\/vakkimsa.com\/it\/#website"},"datePublished":"2022-03-22T10:23:02+00:00","dateModified":"2022-03-22T10:46:36+00:00","description":"Produttori di agitatori, miscelatori in linea e impianti di miscelazione completi per l'industria alimentare, chimica, cosmetica e farmaceutica.","breadcrumb":{"@id":"https:\/\/vakkimsa.com\/it\/faqs-agitare-e-miscelare-in-linea\/#breadcrumb"},"inLanguage":"it-IT","potentialAction":[{"@type":"ReadAction","target":["https:\/\/vakkimsa.com\/it\/faqs-agitare-e-miscelare-in-linea\/"]}]},{"@type":"BreadcrumbList","@id":"https:\/\/vakkimsa.com\/it\/faqs-agitare-e-miscelare-in-linea\/#breadcrumb","itemListElement":[{"@type":"ListItem","position":1,"name":"Portada","item":"https:\/\/vakkimsa.com\/it\/"},{"@type":"ListItem","position":2,"name":"FAQs Agitare e miscelare in linea"}]},{"@type":"WebSite","@id":"https:\/\/vakkimsa.com\/it\/#website","url":"https:\/\/vakkimsa.com\/it\/","name":"Vak Kimsa, S.A.","description":"Agitadores y mezcladores en l\u00ednea","potentialAction":[{"@type":"SearchAction","target":{"@type":"EntryPoint","urlTemplate":"https:\/\/vakkimsa.com\/it\/?s={search_term_string}"},"query-input":{"@type":"PropertyValueSpecification","valueRequired":true,"valueName":"search_term_string"}}],"inLanguage":"it-IT"}]}},"_links":{"self":[{"href":"https:\/\/vakkimsa.com\/it\/wp-json\/wp\/v2\/pages\/10174","targetHints":{"allow":["GET"]}}],"collection":[{"href":"https:\/\/vakkimsa.com\/it\/wp-json\/wp\/v2\/pages"}],"about":[{"href":"https:\/\/vakkimsa.com\/it\/wp-json\/wp\/v2\/types\/page"}],"author":[{"embeddable":true,"href":"https:\/\/vakkimsa.com\/it\/wp-json\/wp\/v2\/users\/1"}],"replies":[{"embeddable":true,"href":"https:\/\/vakkimsa.com\/it\/wp-json\/wp\/v2\/comments?post=10174"}],"version-history":[{"count":0,"href":"https:\/\/vakkimsa.com\/it\/wp-json\/wp\/v2\/pages\/10174\/revisions"}],"wp:attachment":[{"href":"https:\/\/vakkimsa.com\/it\/wp-json\/wp\/v2\/media?parent=10174"}],"curies":[{"name":"wp","href":"https:\/\/api.w.org\/{rel}","templated":true}]}}