{"id":4936,"date":"2019-10-18T13:30:29","date_gmt":"2019-10-18T11:30:29","guid":{"rendered":"https:\/\/vakkimsa.com\/?page_id=4936"},"modified":"2019-10-18T13:30:29","modified_gmt":"2019-10-18T11:30:29","slug":"condizioni-di-uso","status":"publish","type":"page","link":"https:\/\/vakkimsa.com\/it\/condizioni-di-uso\/","title":{"rendered":"Condizioni di uso"},"content":{"rendered":"<div class=\"fusion-fullwidth fullwidth-box fusion-builder-row-1 nonhundred-percent-fullwidth non-hundred-percent-height-scrolling\" style=\"--awb-border-radius-top-left:0px;--awb-border-radius-top-right:0px;--awb-border-radius-bottom-right:0px;--awb-border-radius-bottom-left:0px;--awb-flex-wrap:wrap;\" ><div class=\"fusion-builder-row fusion-row\"><div class=\"fusion-layout-column fusion_builder_column fusion-builder-column-0 fusion_builder_column_1_1 1_1 fusion-one-full fusion-column-first fusion-column-last\" style=\"--awb-bg-size:cover;\"><div class=\"fusion-column-wrapper fusion-column-has-shadow fusion-flex-column-wrapper-legacy\"><div class=\"fusion-text fusion-text-1\"><h2 style=\"margin-bottom: 2.5% !important;\" data-fontsize=\"22\" data-lineheight=\"22\">Condizioni di uso<\/h2>\n<\/div><div class=\"fusion-text fusion-text-2\"><p style=\"text-align: justify;\">En cumplimiento de la Ley 34\/2002, de 11 de julio, de Servicios de la Sociedad de la Informaci\u00f3n y de Comercio Electr\u00f3nico (LSSI-CE), <strong>VAK KIMSA SA<\/strong> informa que es titular del sitio web <strong>www.vakkimsa.com<\/strong> .<\/p>\n<p style=\"text-align: justify;\">De acuerdo con la exigencia del art\u00edculo 10 de la citada Ley, VAK KIMSA SA informa de los siguientes datos: El titular de este sitio web es VAK KIMSA SA, con CIF A08290389 y domicilio social en CL PAGESIA 8-10 POL IND MOL\u00cd DE LA BASTIDA 08191, RUBI (BARCELONA), inscrita en el Registro Mercantil, en el tomo 22225, folio 99, hoja 22714 e inscripci\u00f3n 1\u00aa. La direcci\u00f3n de correo electr\u00f3nico de contacto con la empresa es: vakkimsa@vakkimsa.com<\/p>\n<p style=\"text-align: justify;\"><span style=\"text-decoration: underline;\"><strong>Usuario y r\u00e9gimen de responsabilidades<\/strong><\/span><\/p>\n<p style=\"text-align: justify;\">La navegaci\u00f3n, acceso y uso por el sitio web de VAK KIMSA SA confiere la condici\u00f3n de usuario, por la que se aceptan, desde la navegaci\u00f3n por el sitio web de VAK KIMSA SA, todas las condiciones de uso aqu\u00ed establecidas sin perjuicio de la aplicaci\u00f3n de la correspondiente normativa de obligado cumplimiento legal seg\u00fan el caso.<\/p>\n<p style=\"text-align: justify;\">El sitio web de VAK KIMSA SA proporciona gran diversidad de informaci\u00f3n, servicios y datos. El usuario asume su responsabilidad en el uso correcto del sitio web. Esta responsabilidad se extender\u00e1 a:<\/p>\n<ul>\n<li style=\"text-align: justify;\">La veracidad y licitud de las informaciones aportadas por el usuario en los formularios extendidos por VAK KIMSA SA para el acceso a ciertos contenidos o servicios ofrecidos por el web.<\/li>\n<li style=\"text-align: justify;\">El uso de la informaci\u00f3n, servicios y datos ofrecidos por VAK KIMSA SA contrariamente a lo dispuesto por las presentes condiciones, la Ley, la moral, las buenas costumbres o el orden p\u00fablico, o que de cualquier otro modo puedan suponer lesi\u00f3n de los derechos de terceros o del mismo funcionamiento del sitio web.<\/li>\n<\/ul>\n<p style=\"text-align: justify;\"><span style=\"text-decoration: underline;\"><strong>Pol\u00edtica de enlaces y exenciones de responsabilidad<\/strong><\/span><\/p>\n<p style=\"text-align: justify;\">VAK KIMSA SA no se hace responsable del contenido de los sitios web a los que el usuario pueda acceder a trav\u00e9s de los enlaces establecidos en su sitio web y declara que en ning\u00fan caso proceder\u00e1 a examinar o ejercitar ning\u00fan tipo de control sobre el contenido de otros sitios de la red. Asimismo, tampoco garantizar\u00e1 la disponibilidad t\u00e9cnica, exactitud, veracidad, validez o legalidad de sitios ajenos a su propiedad a los que se pueda acceder por medio de los enlaces. VAK KIMSA SA declara haber adoptado todas las medidas necesarias para evitar cualquier da\u00f1o a los usuarios de su sitio web, que pudieran derivarse de la navegaci\u00f3n por su sitio web. En consecuencia, VAK KIMSA SA no se hace responsable, en ning\u00fan caso, de los eventuales da\u00f1os que por la navegaci\u00f3n por Internet pudiera sufrir el usuario.<\/p>\n<p style=\"text-align: justify;\"><span style=\"text-decoration: underline;\"><strong>Modificaciones<\/strong><\/span><\/p>\n<p style=\"text-align: justify;\">VAK KIMSA SA se reserva el derecho a realizar las modificaciones que considere oportunas, sin aviso previo, en el contenido de su sitio web. Tanto en lo referente a los contenidos del sitio web, como en las condiciones de uso del mismo. Dichas modificaciones podr\u00e1n realizarse a trav\u00e9s de su sitio web por cualquier forma admisible en derecho y ser\u00e1n de obligado cumplimiento durante el tiempo en que se encuentren publicadas en la web y hasta que no sean modificadas v\u00e1lidamente por otras posteriores.<\/p>\n<p style=\"text-align: justify;\"><span style=\"text-decoration: underline;\"><strong>Protecci\u00f3n de datos<\/strong><\/span><\/p>\n<p style=\"text-align: justify;\">De conformidad con la normativa vigente y aplicable en protecci\u00f3n de datos de car\u00e1cter personal, le informamos que sus datos ser\u00e1n incorporados al sistema de tratamiento titularidad de VAK KIMSA SA con CIF A08290389 y domicilio social sito en CL PAGESIA 8-10 POL IND MOL\u00cd DE LA BASTIDA 08191, RUBI (BARCELONA), y que a continuaci\u00f3n se relacionan sus respectivas finalidades, plazos de conservaci\u00f3n y bases legitimadoras. Para aquellos tratamientos que lo requieran, se informa tambi\u00e9n de la posible elaboraci\u00f3n de perfiles y decisiones automatizadas, as\u00ed como las posibles cesiones y las transferencias internacionales que VAK KIMSA SA tiene previsto realizar:<\/p>\n<p style=\"text-align: justify;\">&#8211; Finalidad: Atender sus consultas y\/o solicitudes e Instalaci\u00f3n de cookies<br \/>\n&#8211; Plazo de conservaci\u00f3n: mientras se mantenga el consentimiento prestado.<br \/>\n&#8211; Base leg\u00edtima: El consentimiento del interesado.<\/p>\n<p style=\"text-align: justify;\">De acuerdo con los derechos que le confiere la normativa vigente y aplicable en protecci\u00f3n de datos podr\u00e1 ejercer los derechos de acceso, rectificaci\u00f3n, limitaci\u00f3n de tratamiento, supresi\u00f3n (\u201cderecho al olvido\u201d), portabilidad y oposici\u00f3n al tratamiento de sus datos de car\u00e1cter personal as\u00ed como la revocaci\u00f3n del consentimiento prestado para el tratamiento de los mismos, dirigiendo su petici\u00f3n a la direcci\u00f3n postal CL PAGESIA 8-10 POL IND MOL\u00cd DE LA BASTIDA 08191, RUBI (BARCELONA) o al correo electr\u00f3nico VAKKIMSA@VAKKIMSA.COM.<\/p>\n<p style=\"text-align: justify;\">Podr\u00e1 dirigirse a la Autoridad de Control competente para presentar la reclamaci\u00f3n que considere oportuna.<br \/>\nLos datos identificados con una marca (*) se entienden como campos obligatorios y requeridos, en consecuencia se entender\u00e1n como necesarios para acometer las finalidades mencionadas con anterioridad.<\/p>\n<p style=\"text-align: justify;\">Con env\u00edo del formulario de recogida de datos usted acepta la pol\u00edtica de privacidad de VAK KIMSA SA.<\/p>\n<p style=\"text-align: justify;\"><strong><span style=\"text-decoration: underline;\">Propiedad intelectual e industrial<\/span><\/strong><\/p>\n<p style=\"text-align: justify;\">VAK KIMSA SA por s\u00ed misma o como cesionaria, es titular de todos los derechos de propiedad intelectual e industrial de su p\u00e1gina web, as\u00ed como de los elementos contenidos en la misma (a t\u00edtulo enunciativo, im\u00e1genes, sonido, audio, v\u00eddeo, software o textos; marcas o logotipos, combinaciones de colores, estructura y dise\u00f1o, selecci\u00f3n de materiales usados, programas de ordenador necesarios para su funcionamiento, acceso y uso, etc.), titularidad de VAK KIMSA SA. Ser\u00e1n, por consiguiente, obras protegidas como propiedad intelectual por el ordenamiento jur\u00eddico espa\u00f1ol, si\u00e9ndoles aplicables tanto la normativa espa\u00f1ola y comunitaria en este campo, como los tratados internacionales relativos a la materia y suscritos por Espa\u00f1a. Todos los derechos reservados. En virtud de lo dispuesto en la Ley de Propiedad Intelectual, quedan expresamente prohibidas la reproducci\u00f3n, la distribuci\u00f3n y la comunicaci\u00f3n p\u00fablica, incluida su modalidad de puesta a disposici\u00f3n, de la totalidad o parte de los contenidos de esta p\u00e1gina web, con fines comerciales, en cualquier soporte y por cualquier medio t\u00e9cnico, sin la autorizaci\u00f3n de VAK KIMSA SA.<\/p>\n<p style=\"text-align: justify;\">El usuario se compromete a respetar los derechos de Propiedad Intelectual e Industrial titularidad de VAK KIMSA SA. Podr\u00e1 visualizar los elementos del portal e incluso imprimirlos, copiarlos y almacenarlos en el disco duro de su ordenador o en cualquier otro soporte f\u00edsico siempre y cuando sea, \u00fanica y exclusivamente, para su uso personal y privado. El usuario deber\u00e1 abstenerse de suprimir, alterar, eludir o manipular cualquier dispositivo de protecci\u00f3n o sistema de seguridad que estuviera instalado en las p\u00e1ginas de VAK KIMSA SA.<\/p>\n<p style=\"text-align: justify;\"><span style=\"text-decoration: underline;\"><strong>Acciones legales, legislaci\u00f3n aplicable y jurisdicci\u00f3n<\/strong><\/span><\/p>\n<p style=\"text-align: justify;\">VAK KIMSA SA se reserva, asimismo, la facultad de presentar las acciones civiles o penales que considere oportunas por la utilizaci\u00f3n indebida de su sitio web y contenidos, o por el incumplimiento de las presentes condiciones. La relaci\u00f3n entre el usuario y el prestador se regir\u00e1 por la normativa vigente y de aplicaci\u00f3n en el territorio espa\u00f1ol. De surgir cualquier controversia las partes podr\u00e1n someter sus conflictos a arbitraje o acudir a la jurisdicci\u00f3n ordinaria cumpliendo con las normas sobre jurisdicci\u00f3n y competencia al respecto. VAK KIMSA SA tiene su domicilio en BARCELONA, Espa\u00f1a.<\/p>\n<\/div><div class=\"fusion-clearfix\"><\/div><\/div><\/div><\/div><\/div>\n","protected":false},"excerpt":{"rendered":"","protected":false},"author":1,"featured_media":0,"parent":0,"menu_order":0,"comment_status":"closed","ping_status":"closed","template":"","meta":{"footnotes":""},"class_list":["post-4936","page","type-page","status-publish","hentry"],"yoast_head":"<!-- This site is optimized with the Yoast SEO plugin v27.1.1 - https:\/\/yoast.com\/product\/yoast-seo-wordpress\/ -->\n<title>Condizioni di uso - Vak Kimsa, S.A.<\/title>\n<meta name=\"robots\" content=\"index, follow, max-snippet:-1, max-image-preview:large, max-video-preview:-1\" \/>\n<link rel=\"canonical\" href=\"https:\/\/vakkimsa.com\/it\/condizioni-di-uso\/\" \/>\n<meta property=\"og:locale\" content=\"it_IT\" \/>\n<meta property=\"og:type\" content=\"article\" \/>\n<meta property=\"og:title\" content=\"Condizioni di uso - Vak Kimsa, S.A.\" \/>\n<meta property=\"og:url\" content=\"https:\/\/vakkimsa.com\/it\/condizioni-di-uso\/\" \/>\n<meta property=\"og:site_name\" content=\"Vak Kimsa, S.A.\" \/>\n<meta name=\"twitter:card\" content=\"summary_large_image\" \/>\n<meta name=\"twitter:label1\" content=\"Tempo di lettura stimato\" \/>\n\t<meta name=\"twitter:data1\" content=\"7 minuti\" \/>\n<script type=\"application\/ld+json\" class=\"yoast-schema-graph\">{\"@context\":\"https:\/\/schema.org\",\"@graph\":[{\"@type\":\"WebPage\",\"@id\":\"https:\/\/vakkimsa.com\/it\/condizioni-di-uso\/\",\"url\":\"https:\/\/vakkimsa.com\/it\/condizioni-di-uso\/\",\"name\":\"Condizioni di uso - Vak Kimsa, S.A.\",\"isPartOf\":{\"@id\":\"https:\/\/vakkimsa.com\/it\/#website\"},\"datePublished\":\"2019-10-18T11:30:29+00:00\",\"breadcrumb\":{\"@id\":\"https:\/\/vakkimsa.com\/it\/condizioni-di-uso\/#breadcrumb\"},\"inLanguage\":\"it-IT\",\"potentialAction\":[{\"@type\":\"ReadAction\",\"target\":[\"https:\/\/vakkimsa.com\/it\/condizioni-di-uso\/\"]}]},{\"@type\":\"BreadcrumbList\",\"@id\":\"https:\/\/vakkimsa.com\/it\/condizioni-di-uso\/#breadcrumb\",\"itemListElement\":[{\"@type\":\"ListItem\",\"position\":1,\"name\":\"Portada\",\"item\":\"https:\/\/vakkimsa.com\/it\/\"},{\"@type\":\"ListItem\",\"position\":2,\"name\":\"Condizioni di uso\"}]},{\"@type\":\"WebSite\",\"@id\":\"https:\/\/vakkimsa.com\/it\/#website\",\"url\":\"https:\/\/vakkimsa.com\/it\/\",\"name\":\"Vak Kimsa, S.A.\",\"description\":\"Agitadores y mezcladores en l\u00ednea\",\"potentialAction\":[{\"@type\":\"SearchAction\",\"target\":{\"@type\":\"EntryPoint\",\"urlTemplate\":\"https:\/\/vakkimsa.com\/it\/?s={search_term_string}\"},\"query-input\":{\"@type\":\"PropertyValueSpecification\",\"valueRequired\":true,\"valueName\":\"search_term_string\"}}],\"inLanguage\":\"it-IT\"}]}<\/script>\n<!-- \/ Yoast SEO plugin. -->","yoast_head_json":{"title":"Condizioni di uso - Vak Kimsa, S.A.","robots":{"index":"index","follow":"follow","max-snippet":"max-snippet:-1","max-image-preview":"max-image-preview:large","max-video-preview":"max-video-preview:-1"},"canonical":"https:\/\/vakkimsa.com\/it\/condizioni-di-uso\/","og_locale":"it_IT","og_type":"article","og_title":"Condizioni di uso - Vak Kimsa, S.A.","og_url":"https:\/\/vakkimsa.com\/it\/condizioni-di-uso\/","og_site_name":"Vak Kimsa, S.A.","twitter_card":"summary_large_image","twitter_misc":{"Tempo di lettura stimato":"7 minuti"},"schema":{"@context":"https:\/\/schema.org","@graph":[{"@type":"WebPage","@id":"https:\/\/vakkimsa.com\/it\/condizioni-di-uso\/","url":"https:\/\/vakkimsa.com\/it\/condizioni-di-uso\/","name":"Condizioni di uso - Vak Kimsa, S.A.","isPartOf":{"@id":"https:\/\/vakkimsa.com\/it\/#website"},"datePublished":"2019-10-18T11:30:29+00:00","breadcrumb":{"@id":"https:\/\/vakkimsa.com\/it\/condizioni-di-uso\/#breadcrumb"},"inLanguage":"it-IT","potentialAction":[{"@type":"ReadAction","target":["https:\/\/vakkimsa.com\/it\/condizioni-di-uso\/"]}]},{"@type":"BreadcrumbList","@id":"https:\/\/vakkimsa.com\/it\/condizioni-di-uso\/#breadcrumb","itemListElement":[{"@type":"ListItem","position":1,"name":"Portada","item":"https:\/\/vakkimsa.com\/it\/"},{"@type":"ListItem","position":2,"name":"Condizioni di uso"}]},{"@type":"WebSite","@id":"https:\/\/vakkimsa.com\/it\/#website","url":"https:\/\/vakkimsa.com\/it\/","name":"Vak Kimsa, S.A.","description":"Agitadores y mezcladores en l\u00ednea","potentialAction":[{"@type":"SearchAction","target":{"@type":"EntryPoint","urlTemplate":"https:\/\/vakkimsa.com\/it\/?s={search_term_string}"},"query-input":{"@type":"PropertyValueSpecification","valueRequired":true,"valueName":"search_term_string"}}],"inLanguage":"it-IT"}]}},"_links":{"self":[{"href":"https:\/\/vakkimsa.com\/it\/wp-json\/wp\/v2\/pages\/4936","targetHints":{"allow":["GET"]}}],"collection":[{"href":"https:\/\/vakkimsa.com\/it\/wp-json\/wp\/v2\/pages"}],"about":[{"href":"https:\/\/vakkimsa.com\/it\/wp-json\/wp\/v2\/types\/page"}],"author":[{"embeddable":true,"href":"https:\/\/vakkimsa.com\/it\/wp-json\/wp\/v2\/users\/1"}],"replies":[{"embeddable":true,"href":"https:\/\/vakkimsa.com\/it\/wp-json\/wp\/v2\/comments?post=4936"}],"version-history":[{"count":0,"href":"https:\/\/vakkimsa.com\/it\/wp-json\/wp\/v2\/pages\/4936\/revisions"}],"wp:attachment":[{"href":"https:\/\/vakkimsa.com\/it\/wp-json\/wp\/v2\/media?parent=4936"}],"curies":[{"name":"wp","href":"https:\/\/api.w.org\/{rel}","templated":true}]}}