{"id":13358,"date":"2019-05-20T13:24:01","date_gmt":"2019-05-20T13:24:01","guid":{"rendered":"https:\/\/vakkimsa.com\/?page_id=13358"},"modified":"2025-03-04T14:43:49","modified_gmt":"2025-03-04T14:43:49","slug":"produkty","status":"publish","type":"page","link":"https:\/\/vakkimsa.com\/pl\/produkty\/","title":{"rendered":"PRODUKTY"},"content":{"rendered":"<p><div class=\"fusion-fullwidth fullwidth-box fusion-builder-row-1 fusion-flex-container has-pattern-background has-mask-background hundred-percent-fullwidth non-hundred-percent-height-scrolling\" style=\"--awb-border-radius-top-left:0px;--awb-border-radius-top-right:0px;--awb-border-radius-bottom-right:0px;--awb-border-radius-bottom-left:0px;--awb-flex-wrap:wrap;\" ><div class=\"fusion-builder-row fusion-row fusion-flex-align-items-flex-start fusion-flex-content-wrap\" style=\"width:104% !important;max-width:104% !important;margin-left: calc(-4% \/ 2 );margin-right: calc(-4% \/ 2 );\"><div class=\"fusion-layout-column fusion_builder_column fusion-builder-column-0 fusion_builder_column_1_1 1_1 fusion-flex-column\" style=\"--awb-bg-size:cover;--awb-width-large:100%;--awb-margin-top-large:0px;--awb-spacing-right-large:0%;--awb-margin-bottom-large:0px;--awb-spacing-left-large:0%;--awb-width-medium:100%;--awb-order-medium:0;--awb-spacing-right-medium:1.92%;--awb-spacing-left-medium:1.92%;--awb-width-small:100%;--awb-order-small:0;--awb-spacing-right-small:1.92%;--awb-spacing-left-small:1.92%;\"><div class=\"fusion-column-wrapper fusion-column-has-shadow fusion-flex-justify-content-flex-start fusion-content-layout-column\"><div class=\"fusion-image-element \" style=\"--awb-caption-title-font-family:var(--h2_typography-font-family);--awb-caption-title-font-weight:var(--h2_typography-font-weight);--awb-caption-title-font-style:var(--h2_typography-font-style);--awb-caption-title-size:var(--h2_typography-font-size);--awb-caption-title-transform:var(--h2_typography-text-transform);--awb-caption-title-line-height:var(--h2_typography-line-height);--awb-caption-title-letter-spacing:var(--h2_typography-letter-spacing);\"><span class=\" fusion-imageframe imageframe-none imageframe-1 hover-type-none\"><img fetchpriority=\"high\" fetchpriority=\"high\" decoding=\"async\" width=\"3959\" height=\"1250\" title=\"produkty &#8211; PL\" src=\"https:\/\/vakkimsa.com\/wp-content\/uploads\/2024\/11\/produkty-PL.png\" alt class=\"img-responsive wp-image-16374\" srcset=\"https:\/\/vakkimsa.com\/wp-content\/uploads\/2024\/11\/produkty-PL-200x63.png 200w, https:\/\/vakkimsa.com\/wp-content\/uploads\/2024\/11\/produkty-PL-400x126.png 400w, https:\/\/vakkimsa.com\/wp-content\/uploads\/2024\/11\/produkty-PL-600x189.png 600w, https:\/\/vakkimsa.com\/wp-content\/uploads\/2024\/11\/produkty-PL-800x253.png 800w, https:\/\/vakkimsa.com\/wp-content\/uploads\/2024\/11\/produkty-PL-1200x379.png 1200w, https:\/\/vakkimsa.com\/wp-content\/uploads\/2024\/11\/produkty-PL.png 3959w\" sizes=\"(max-width: 1024px) 100vw, (max-width: 640px) 100vw, 3959px\" \/><\/span><\/div><br><\/div><\/div><\/div><\/div><div class=\"fusion-fullwidth fullwidth-box fusion-builder-row-2 nonhundred-percent-fullwidth non-hundred-percent-height-scrolling fusion-no-small-visibility fusion-no-medium-visibility\" style=\"--awb-background-position:center bottom;--awb-border-radius-top-left:0px;--awb-border-radius-top-right:0px;--awb-border-radius-bottom-right:0px;--awb-border-radius-bottom-left:0px;--awb-padding-top:-7%;--awb-padding-bottom:50px;--awb-background-color:#ececec;--awb-flex-wrap:wrap;\" ><div class=\"fusion-builder-row fusion-row\"><div class=\"fusion-layout-column fusion_builder_column fusion-builder-column-1 fusion_builder_column_1_1 1_1 fusion-one-full fusion-column-first fusion-column-last fusion-animated\" style=\"--awb-padding-top:0%;--awb-padding-right:0%;--awb-padding-bottom:0%;--awb-padding-left:0%;--awb-bg-color:#ffffff;--awb-bg-color-hover:#ffffff;--awb-bg-size:cover;--awb-box-shadow:0px 25px 20px 0px rgba(61,61,61,0.27);;--awb-margin-top:-2%;\" data-animationType=\"fadeInUp\" data-animationDuration=\"0.6\" data-animationOffset=\"top-into-view\"><div class=\"fusion-column-wrapper fusion-column-has-shadow fusion-flex-column-wrapper-legacy\"><div class=\"fusion-title title fusion-title-1 fusion-sep-none fusion-title-center fusion-title-text fusion-title-size-two\" style=\"--awb-margin-top:10px;--awb-margin-bottom:10px;\"><h2 class=\"fusion-title-heading title-heading-center fusion-responsive-typography-calculated\" style=\"margin:0;--fontSize:22;line-height:1;\"><h3 style=\"text-align: center;\"><span style=\"color: #4a4b4e;\">Ponad 22.500 urz\u0105dze\u0144 mieszaj\u0105cych w ponad 45 krajach<\/span><\/h3>\n<h3 style=\"text-align: center;\"><span style=\"color: #4a4b4e;\">Opanowanie technologii mieszania pozwala nam zaoferowa\u0107 <\/span><span style=\"color: #4a4b4e;\">najlepsze rozwi\u0105zanie dla Twojego procesu.<\/span><\/h3><\/h2><\/div><div class=\"fusion-clearfix\"><\/div><\/div><\/div><div class=\"fusion-layout-column fusion_builder_column fusion-builder-column-2 fusion_builder_column_1_1 1_1 fusion-one-full fusion-column-first fusion-column-last fusion-no-large-visibility\" style=\"--awb-bg-size:cover;\"><div class=\"fusion-column-wrapper fusion-flex-column-wrapper-legacy\"><div class=\"fusion-sep-clear\"><\/div><div class=\"fusion-separator fusion-full-width-sep\" style=\"margin-left: auto;margin-right: auto;margin-top:10px;margin-bottom:10px;width:100%;\"><\/div><div class=\"fusion-sep-clear\"><\/div><div class=\"fusion-clearfix\"><\/div><\/div><\/div><\/div><\/div><div class=\"fusion-fullwidth fullwidth-box fusion-builder-row-3 nonhundred-percent-fullwidth non-hundred-percent-height-scrolling fusion-no-large-visibility\" style=\"--awb-background-position:center bottom;--awb-border-radius-top-left:0px;--awb-border-radius-top-right:0px;--awb-border-radius-bottom-right:0px;--awb-border-radius-bottom-left:0px;--awb-padding-top:0px;--awb-padding-bottom:30px;--awb-background-color:#ececec;--awb-flex-wrap:wrap;\" ><div class=\"fusion-builder-row fusion-row\"><div class=\"fusion-layout-column fusion_builder_column fusion-builder-column-3 fusion_builder_column_1_1 1_1 fusion-one-full fusion-column-first fusion-column-last fusion-animated\" style=\"--awb-padding-top:0%;--awb-padding-right:0%;--awb-padding-bottom:0%;--awb-padding-left:0%;--awb-bg-color:#ffffff;--awb-bg-color-hover:#ffffff;--awb-bg-size:cover;--awb-box-shadow:0px 25px 20px 0px rgba(61,61,61,0.27);;\" data-animationType=\"fadeInUp\" data-animationDuration=\"0.6\" data-animationOffset=\"top-into-view\"><div class=\"fusion-column-wrapper fusion-column-has-shadow fusion-flex-column-wrapper-legacy\"><div class=\"fusion-title title fusion-title-2 fusion-sep-none fusion-title-center fusion-title-text fusion-title-size-two\" style=\"--awb-margin-top:10px;--awb-margin-bottom:10px;\"><h2 class=\"fusion-title-heading title-heading-center fusion-responsive-typography-calculated\" style=\"margin:0;--fontSize:22;line-height:1;\"><h3 style=\"text-align: center;\"><span style=\"color: #4a4b4e;\">Ponad 22.500 urz\u0105dze\u0144 mieszaj\u0105cych w ponad 45 krajach<\/span><\/h3>\n<h3 style=\"text-align: center;\"><span style=\"color: #4a4b4e;\">Opanowanie technologii mieszania pozwala nam zaoferowa\u0107 <\/span><span style=\"color: #4a4b4e;\">najlepsze rozwi\u0105zanie dla Twojego procesu.<\/span><\/h3><\/h2><\/div><div class=\"fusion-clearfix\"><\/div><\/div><\/div><div class=\"fusion-layout-column fusion_builder_column fusion-builder-column-4 fusion_builder_column_1_1 1_1 fusion-one-full fusion-column-first fusion-column-last fusion-no-large-visibility\" style=\"--awb-bg-size:cover;\"><div class=\"fusion-column-wrapper fusion-flex-column-wrapper-legacy\"><div class=\"fusion-sep-clear\"><\/div><div class=\"fusion-separator fusion-full-width-sep\" style=\"margin-left: auto;margin-right: auto;margin-top:10px;margin-bottom:10px;width:100%;\"><\/div><div class=\"fusion-sep-clear\"><\/div><div class=\"fusion-clearfix\"><\/div><\/div><\/div><\/div><\/div><div class=\"fusion-fullwidth fullwidth-box fusion-builder-row-4 nonhundred-percent-fullwidth non-hundred-percent-height-scrolling\" style=\"--awb-background-position:center bottom;--awb-border-radius-top-left:0px;--awb-border-radius-top-right:0px;--awb-border-radius-bottom-right:0px;--awb-border-radius-bottom-left:0px;--awb-padding-top:0px;--awb-padding-bottom:80px;--awb-background-color:#ececec;--awb-flex-wrap:wrap;\" ><div class=\"fusion-builder-row fusion-row\"><div class=\"fusion-layout-column fusion_builder_column fusion-builder-column-5 fusion_builder_column_1_3 1_3 fusion-one-third fusion-column-first fusion-animated\" style=\"--awb-padding-bottom:30px;--awb-overflow:hidden;--awb-bg-color:#ffffff;--awb-bg-color-hover:#ffffff;--awb-bg-size:cover;--awb-box-shadow:0px 25px 20px 0px rgba(61,61,61,0.1);;--awb-border-color:#002e6d;--awb-border-top:6px;--awb-border-style:solid;--awb-border-radius:5px 5px 5px 5px;--awb-margin-bottom:40px;width:33.333333333333%;width:calc(33.333333333333% - ( ( 10px + 10px ) * 0.33333333333333 ) );margin-right: 10px;\" data-animationType=\"fadeInLeft\" data-animationDuration=\"0.6\" data-animationOffset=\"top-into-view\"><div class=\"fusion-column-wrapper fusion-column-has-shadow fusion-flex-column-wrapper-legacy\"><div class=\"fusion-sep-clear\"><\/div><div class=\"fusion-separator fusion-full-width-sep\" style=\"margin-left: auto;margin-right: auto;margin-bottom:6%;width:100%;\"><\/div><div class=\"fusion-sep-clear\"><\/div><div class=\"fusion-title title fusion-title-3 fusion-sep-none fusion-title-center fusion-title-text fusion-title-size-four\" style=\"--awb-margin-top:20px;--awb-margin-bottom:10px;\"><h4 class=\"fusion-title-heading title-heading-center fusion-responsive-typography-calculated\" style=\"margin:0;--fontSize:21;line-height:1.5;\"><a href=\"https:\/\/vakkimsa.com\/productos\/agitadores\/\"><span style=\"color: #002e6d;\">Mieszalniki<\/span><\/a><\/h4><\/div><div class=\"fusion-sep-clear\"><\/div><div class=\"fusion-separator fusion-full-width-sep\" style=\"margin-left: auto;margin-right: auto;margin-bottom:6%;width:100%;\"><\/div><div class=\"fusion-sep-clear\"><\/div><div class=\"fusion-image-element fusion-image-align-center in-legacy-container\" style=\"text-align:center;--awb-caption-title-font-family:var(--h2_typography-font-family);--awb-caption-title-font-weight:var(--h2_typography-font-weight);--awb-caption-title-font-style:var(--h2_typography-font-style);--awb-caption-title-size:var(--h2_typography-font-size);--awb-caption-title-transform:var(--h2_typography-text-transform);--awb-caption-title-line-height:var(--h2_typography-line-height);--awb-caption-title-letter-spacing:var(--h2_typography-letter-spacing);\"><div class=\"imageframe-align-center\"><span class=\" fusion-imageframe imageframe-none imageframe-2 hover-type-zoomin\"><a class=\"fusion-no-lightbox\" href=\"https:\/\/vakkimsa.com\/pl\/produkty\/mieszalniki\/\" target=\"_self\" aria-label=\"Agitadores industriales, mezcladores en l\u00ednea e instalaciones completas de mezcla\"><img decoding=\"async\" width=\"600\" height=\"461\" alt=\"Agitadores industriales\" src=\"https:\/\/vakkimsa.com\/wp-content\/uploads\/2019\/10\/agitadores-home.jpg\" class=\"img-responsive wp-image-13301\" srcset=\"https:\/\/vakkimsa.com\/wp-content\/uploads\/2019\/10\/agitadores-home-200x154.jpg 200w, https:\/\/vakkimsa.com\/wp-content\/uploads\/2019\/10\/agitadores-home-400x307.jpg 400w, https:\/\/vakkimsa.com\/wp-content\/uploads\/2019\/10\/agitadores-home.jpg 600w\" sizes=\"(max-width: 1051px) 100vw, 600px\" \/><\/a><\/span><\/div><\/div><div class=\"fusion-clearfix\"><\/div><\/div><\/div><div class=\"fusion-layout-column fusion_builder_column fusion-builder-column-6 fusion_builder_column_1_3 1_3 fusion-one-third fusion-animated\" style=\"--awb-padding-bottom:30px;--awb-overflow:hidden;--awb-bg-color:#ffffff;--awb-bg-color-hover:#ffffff;--awb-bg-size:cover;--awb-box-shadow:0px 25px 20px 0px rgba(61,61,61,0.1);;--awb-border-color:#002e6d;--awb-border-top:6px;--awb-border-style:solid;--awb-border-radius:5px 5px 5px 5px;--awb-margin-bottom:40px;width:33.333333333333%;width:calc(33.333333333333% - ( ( 10px + 10px ) * 0.33333333333333 ) );margin-right: 10px;\" data-animationType=\"fadeInUp\" data-animationDuration=\"0.6\" data-animationOffset=\"top-into-view\"><div class=\"fusion-column-wrapper fusion-column-has-shadow fusion-flex-column-wrapper-legacy\"><div class=\"fusion-sep-clear\"><\/div><div class=\"fusion-separator fusion-full-width-sep\" style=\"margin-left: auto;margin-right: auto;margin-bottom:6%;width:100%;\"><\/div><div class=\"fusion-sep-clear\"><\/div><div class=\"fusion-title title fusion-title-4 fusion-sep-none fusion-title-center fusion-title-text fusion-title-size-four\" style=\"--awb-margin-top:20px;--awb-margin-bottom:10px;\"><h4 class=\"fusion-title-heading title-heading-center fusion-responsive-typography-calculated\" style=\"margin:0;--fontSize:21;line-height:1.5;\"><a href=\"https:\/\/vakkimsa.com\/productos\/mezcladores-en-linea\/\"><span style=\"color: #002e6d;\">Mieszarki liniowe<\/span><\/a><\/h4><\/div><div class=\"fusion-sep-clear\"><\/div><div class=\"fusion-separator fusion-full-width-sep\" style=\"margin-left: auto;margin-right: auto;margin-bottom:6%;width:100%;\"><\/div><div class=\"fusion-sep-clear\"><\/div><div class=\"fusion-image-element fusion-image-align-center in-legacy-container\" style=\"text-align:center;--awb-caption-title-font-family:var(--h2_typography-font-family);--awb-caption-title-font-weight:var(--h2_typography-font-weight);--awb-caption-title-font-style:var(--h2_typography-font-style);--awb-caption-title-size:var(--h2_typography-font-size);--awb-caption-title-transform:var(--h2_typography-text-transform);--awb-caption-title-line-height:var(--h2_typography-line-height);--awb-caption-title-letter-spacing:var(--h2_typography-letter-spacing);\"><div class=\"imageframe-align-center\"><span class=\" fusion-imageframe imageframe-none imageframe-3 hover-type-zoomin\"><a class=\"fusion-no-lightbox\" href=\"https:\/\/vakkimsa.com\/pl\/produkty\/mieszarki-liniowe\/\" target=\"_self\" aria-label=\"Agitadores industriales, mezcladores en l\u00ednea e instalaciones completas de mezcla\"><img decoding=\"async\" width=\"600\" height=\"461\" alt=\"Mezcladores en l\u00ednea\" src=\"https:\/\/vakkimsa.com\/wp-content\/uploads\/2019\/10\/linea-home.jpg\" class=\"img-responsive wp-image-13303\" srcset=\"https:\/\/vakkimsa.com\/wp-content\/uploads\/2019\/10\/linea-home-200x154.jpg 200w, https:\/\/vakkimsa.com\/wp-content\/uploads\/2019\/10\/linea-home-400x307.jpg 400w, https:\/\/vakkimsa.com\/wp-content\/uploads\/2019\/10\/linea-home.jpg 600w\" sizes=\"(max-width: 1051px) 100vw, 600px\" \/><\/a><\/span><\/div><\/div><div class=\"fusion-clearfix\"><\/div><\/div><\/div><div class=\"fusion-layout-column fusion_builder_column fusion-builder-column-7 fusion_builder_column_1_3 1_3 fusion-one-third fusion-column-last fusion-animated\" style=\"--awb-padding-bottom:30px;--awb-overflow:hidden;--awb-bg-color:#ffffff;--awb-bg-color-hover:#ffffff;--awb-bg-size:cover;--awb-box-shadow:0px 25px 20px 0px rgba(61,61,61,0.1);;--awb-border-color:#002e6d;--awb-border-top:6px;--awb-border-style:solid;--awb-border-radius:5px 5px 5px 5px;--awb-margin-bottom:40px;width:33.333333333333%;width:calc(33.333333333333% - ( ( 10px + 10px ) * 0.33333333333333 ) );\" data-animationType=\"fadeInUp\" data-animationDuration=\"0.6\" data-animationOffset=\"top-into-view\"><div class=\"fusion-column-wrapper fusion-column-has-shadow fusion-flex-column-wrapper-legacy\"><div class=\"fusion-sep-clear\"><\/div><div class=\"fusion-separator fusion-full-width-sep\" style=\"margin-left: auto;margin-right: auto;margin-bottom:6%;width:100%;\"><\/div><div class=\"fusion-sep-clear\"><\/div><div class=\"fusion-title title fusion-title-5 fusion-sep-none fusion-title-center fusion-title-text fusion-title-size-four\" style=\"--awb-margin-top:20px;--awb-margin-bottom:10px;\"><h4 class=\"fusion-title-heading title-heading-center fusion-responsive-typography-calculated\" style=\"margin:0;--fontSize:21;line-height:1.5;\"><a href=\"https:\/\/vakkimsa.com\/productos\/instalaciones-completas-de-mezcla\/\"><span style=\"color: #002e6d;\">Kompletne instalacje mieszaj\u0105ce<\/span><\/a><\/h4><\/div><div class=\"fusion-sep-clear\"><\/div><div class=\"fusion-separator fusion-full-width-sep\" style=\"margin-left: auto;margin-right: auto;margin-bottom:6%;width:100%;\"><\/div><div class=\"fusion-sep-clear\"><\/div><div class=\"fusion-image-element fusion-image-align-center in-legacy-container\" style=\"text-align:center;--awb-caption-title-font-family:var(--h2_typography-font-family);--awb-caption-title-font-weight:var(--h2_typography-font-weight);--awb-caption-title-font-style:var(--h2_typography-font-style);--awb-caption-title-size:var(--h2_typography-font-size);--awb-caption-title-transform:var(--h2_typography-text-transform);--awb-caption-title-line-height:var(--h2_typography-line-height);--awb-caption-title-letter-spacing:var(--h2_typography-letter-spacing);\"><div class=\"imageframe-align-center\"><span class=\" fusion-imageframe imageframe-none imageframe-4 hover-type-zoomin\"><a class=\"fusion-no-lightbox\" href=\"https:\/\/vakkimsa.com\/pl\/produkty\/kompletne-instalacje-mieszajace\/\" target=\"_self\" aria-label=\"Agitadores industriales, mezcladores en l\u00ednea e instalaciones completas de mezcla\"><img loading=\"lazy\" loading=\"lazy\" decoding=\"async\" width=\"601\" height=\"460\" alt=\"Instalaciones completas de mezcla\" src=\"https:\/\/vakkimsa.com\/wp-content\/uploads\/2019\/10\/instalaciones-completas-home.jpg\" class=\"img-responsive wp-image-13302\" srcset=\"https:\/\/vakkimsa.com\/wp-content\/uploads\/2019\/10\/instalaciones-completas-home-200x153.jpg 200w, https:\/\/vakkimsa.com\/wp-content\/uploads\/2019\/10\/instalaciones-completas-home-400x306.jpg 400w, https:\/\/vakkimsa.com\/wp-content\/uploads\/2019\/10\/instalaciones-completas-home-600x459.jpg 600w, https:\/\/vakkimsa.com\/wp-content\/uploads\/2019\/10\/instalaciones-completas-home.jpg 601w\" sizes=\"auto, (max-width: 1051px) 100vw, 600px\" \/><\/a><\/span><\/div><\/div><div class=\"fusion-clearfix\"><\/div><\/div><\/div><\/div><\/div><\/p>\n","protected":false},"excerpt":{"rendered":"","protected":false},"author":1,"featured_media":0,"parent":0,"menu_order":0,"comment_status":"closed","ping_status":"closed","template":"100-width.php","meta":{"footnotes":""},"class_list":["post-13358","page","type-page","status-publish","hentry"],"yoast_head":"<!-- This site is optimized with the Yoast SEO plugin v27.1.1 - https:\/\/yoast.com\/product\/yoast-seo-wordpress\/ -->\n<title>PRODUKTY - Vak Kimsa, S.A.<\/title>\n<meta name=\"robots\" content=\"index, follow, max-snippet:-1, max-image-preview:large, max-video-preview:-1\" \/>\n<link rel=\"canonical\" href=\"https:\/\/vakkimsa.com\/pl\/produkty\/\" \/>\n<meta property=\"og:locale\" content=\"pl_PL\" \/>\n<meta property=\"og:type\" content=\"article\" \/>\n<meta property=\"og:title\" content=\"PRODUKTY - Vak Kimsa, S.A.\" \/>\n<meta property=\"og:url\" content=\"https:\/\/vakkimsa.com\/pl\/produkty\/\" \/>\n<meta property=\"og:site_name\" content=\"Vak Kimsa, S.A.\" \/>\n<meta property=\"article:modified_time\" content=\"2025-03-04T14:43:49+00:00\" \/>\n<meta property=\"og:image\" content=\"https:\/\/vakkimsa.com\/wp-content\/uploads\/2019\/10\/instalaciones-completas-home.jpg\" \/>\n<meta name=\"twitter:card\" content=\"summary_large_image\" \/>\n<meta name=\"twitter:label1\" content=\"Szacowany czas czytania\" \/>\n\t<meta name=\"twitter:data1\" content=\"2 minuty\" \/>\n<script type=\"application\/ld+json\" class=\"yoast-schema-graph\">{\"@context\":\"https:\/\/schema.org\",\"@graph\":[{\"@type\":\"WebPage\",\"@id\":\"https:\/\/vakkimsa.com\/pl\/produkty\/\",\"url\":\"https:\/\/vakkimsa.com\/pl\/produkty\/\",\"name\":\"PRODUKTY - Vak Kimsa, S.A.\",\"isPartOf\":{\"@id\":\"https:\/\/vakkimsa.com\/pl\/#website\"},\"datePublished\":\"2019-05-20T13:24:01+00:00\",\"dateModified\":\"2025-03-04T14:43:49+00:00\",\"breadcrumb\":{\"@id\":\"https:\/\/vakkimsa.com\/pl\/produkty\/#breadcrumb\"},\"inLanguage\":\"pl-PL\",\"potentialAction\":[{\"@type\":\"ReadAction\",\"target\":[\"https:\/\/vakkimsa.com\/pl\/produkty\/\"]}]},{\"@type\":\"BreadcrumbList\",\"@id\":\"https:\/\/vakkimsa.com\/pl\/produkty\/#breadcrumb\",\"itemListElement\":[{\"@type\":\"ListItem\",\"position\":1,\"name\":\"Portada\",\"item\":\"https:\/\/vakkimsa.com\/pl\/\"},{\"@type\":\"ListItem\",\"position\":2,\"name\":\"PRODUKTY\"}]},{\"@type\":\"WebSite\",\"@id\":\"https:\/\/vakkimsa.com\/pl\/#website\",\"url\":\"https:\/\/vakkimsa.com\/pl\/\",\"name\":\"Vak Kimsa, S.A.\",\"description\":\"Agitadores y mezcladores en l\u00ednea\",\"potentialAction\":[{\"@type\":\"SearchAction\",\"target\":{\"@type\":\"EntryPoint\",\"urlTemplate\":\"https:\/\/vakkimsa.com\/pl\/?s={search_term_string}\"},\"query-input\":{\"@type\":\"PropertyValueSpecification\",\"valueRequired\":true,\"valueName\":\"search_term_string\"}}],\"inLanguage\":\"pl-PL\"}]}<\/script>\n<!-- \/ Yoast SEO plugin. -->","yoast_head_json":{"title":"PRODUKTY - Vak Kimsa, S.A.","robots":{"index":"index","follow":"follow","max-snippet":"max-snippet:-1","max-image-preview":"max-image-preview:large","max-video-preview":"max-video-preview:-1"},"canonical":"https:\/\/vakkimsa.com\/pl\/produkty\/","og_locale":"pl_PL","og_type":"article","og_title":"PRODUKTY - Vak Kimsa, S.A.","og_url":"https:\/\/vakkimsa.com\/pl\/produkty\/","og_site_name":"Vak Kimsa, S.A.","article_modified_time":"2025-03-04T14:43:49+00:00","og_image":[{"url":"https:\/\/vakkimsa.com\/wp-content\/uploads\/2019\/10\/instalaciones-completas-home.jpg","type":"","width":"","height":""}],"twitter_card":"summary_large_image","twitter_misc":{"Szacowany czas czytania":"2 minuty"},"schema":{"@context":"https:\/\/schema.org","@graph":[{"@type":"WebPage","@id":"https:\/\/vakkimsa.com\/pl\/produkty\/","url":"https:\/\/vakkimsa.com\/pl\/produkty\/","name":"PRODUKTY - Vak Kimsa, S.A.","isPartOf":{"@id":"https:\/\/vakkimsa.com\/pl\/#website"},"datePublished":"2019-05-20T13:24:01+00:00","dateModified":"2025-03-04T14:43:49+00:00","breadcrumb":{"@id":"https:\/\/vakkimsa.com\/pl\/produkty\/#breadcrumb"},"inLanguage":"pl-PL","potentialAction":[{"@type":"ReadAction","target":["https:\/\/vakkimsa.com\/pl\/produkty\/"]}]},{"@type":"BreadcrumbList","@id":"https:\/\/vakkimsa.com\/pl\/produkty\/#breadcrumb","itemListElement":[{"@type":"ListItem","position":1,"name":"Portada","item":"https:\/\/vakkimsa.com\/pl\/"},{"@type":"ListItem","position":2,"name":"PRODUKTY"}]},{"@type":"WebSite","@id":"https:\/\/vakkimsa.com\/pl\/#website","url":"https:\/\/vakkimsa.com\/pl\/","name":"Vak Kimsa, S.A.","description":"Agitadores y mezcladores en l\u00ednea","potentialAction":[{"@type":"SearchAction","target":{"@type":"EntryPoint","urlTemplate":"https:\/\/vakkimsa.com\/pl\/?s={search_term_string}"},"query-input":{"@type":"PropertyValueSpecification","valueRequired":true,"valueName":"search_term_string"}}],"inLanguage":"pl-PL"}]}},"_links":{"self":[{"href":"https:\/\/vakkimsa.com\/pl\/wp-json\/wp\/v2\/pages\/13358","targetHints":{"allow":["GET"]}}],"collection":[{"href":"https:\/\/vakkimsa.com\/pl\/wp-json\/wp\/v2\/pages"}],"about":[{"href":"https:\/\/vakkimsa.com\/pl\/wp-json\/wp\/v2\/types\/page"}],"author":[{"embeddable":true,"href":"https:\/\/vakkimsa.com\/pl\/wp-json\/wp\/v2\/users\/1"}],"replies":[{"embeddable":true,"href":"https:\/\/vakkimsa.com\/pl\/wp-json\/wp\/v2\/comments?post=13358"}],"version-history":[{"count":1,"href":"https:\/\/vakkimsa.com\/pl\/wp-json\/wp\/v2\/pages\/13358\/revisions"}],"predecessor-version":[{"id":17287,"href":"https:\/\/vakkimsa.com\/pl\/wp-json\/wp\/v2\/pages\/13358\/revisions\/17287"}],"wp:attachment":[{"href":"https:\/\/vakkimsa.com\/pl\/wp-json\/wp\/v2\/media?parent=13358"}],"curies":[{"name":"wp","href":"https:\/\/api.w.org\/{rel}","templated":true}]}}