{"id":14131,"date":"2023-04-12T13:57:58","date_gmt":"2023-04-12T11:57:58","guid":{"rendered":"https:\/\/vakkimsa.com\/?page_id=14131"},"modified":"2023-04-18T09:19:05","modified_gmt":"2023-04-18T07:19:05","slug":"faqs-najczesciej-zadawane-pytania","status":"publish","type":"page","link":"https:\/\/vakkimsa.com\/pl\/faqs-najczesciej-zadawane-pytania\/","title":{"rendered":"FAQs Najcz\u0119\u015bciej zadawane pytania"},"content":{"rendered":"<section id='' \n                class='helpie-faq accordions faq-toggle open-first' \n                data-collection='' \n                data-pagination='0' \n                data-search='0' \n                data-pagination-enabled='0'\n                role='region'\n                aria-label='FAQ Section'\n                aria-live='polite'><h3 class=\"collection-title\">Najcz\u0119\u015bciej zadawane pytania<\/h3><form class=\"search\" onSubmit=\"return false;\"><div class=\"search__wrapper\"><input type=\"text\" class=\"search__input\" aria-label=\"Search\" role=\"searchbox\" placeholder=\"Search FAQ\"><span class=\"search__icon\"><svg class=\"svg-icon--search\" role=\"img\" xmlns=\"http:\/\/www.w3.org\/2000\/svg\" viewBox=\"0 0 22 22\">\r\n                        <g fill=\"none\" stroke=\"#171717\">\r\n                            <path stroke-linecap=\"square\" stroke-width=\"2\" d=\"M18.5 18.3l-5.4-5.4\"\/>\r\n                            <circle cx=\"8\" cy=\"8\" r=\"7\" stroke-width=\"2\"\/>\r\n                        <\/g>\r\n                    <\/svg><\/span><\/div><div class=\"search__message\"><\/div><\/form><article class=\"accordion \"><div class='helpie-faq-row'><div class='helpie-faq-col helpie-faq-col-12' ><ul><li class=\"accordion__item \"><div class=\"accordion__header \" \r\n                id=\"accordion-header-post-14143\"\r\n                role=\"button\"\r\n                aria-expanded=\"false\"\r\n                aria-controls=\"accordion-content-post-14143\"\r\n                data-id=\"post-14143\" \r\n                data-item=\"hfaq-post-14143\" \r\n                style=\"background:transparent;\" \r\n                data-tags=\"\"\r\n                tabindex=\"0\"><div class=\"accordion__title\">Kiedy konieczna jest instalacja mieszarki liniowej?<\/div><\/div><div id=\"accordion-content-post-14143\" \r\n                class=\"accordion__body\" \r\n                role=\"region\"\r\n                aria-labelledby=\"accordion-header-post-14143\"\r\n                style=\"background:transparent;\">W przypadku proces\u00f3w rozpuszczania, rozbijania i emulgowania dla du\u017cych obj\u0119to\u015bci lub dla produkt\u00f3w trudnych do wymieszania.<\/div><\/li><li class=\"accordion__item \"><div class=\"accordion__header \" \r\n                id=\"accordion-header-post-14146\"\r\n                role=\"button\"\r\n                aria-expanded=\"false\"\r\n                aria-controls=\"accordion-content-post-14146\"\r\n                data-id=\"post-14146\" \r\n                data-item=\"hfaq-post-14146\" \r\n                style=\"background:transparent;\" \r\n                data-tags=\"\"\r\n                tabindex=\"0\"><div class=\"accordion__title\">Jakie s\u0105 zalety mieszarki liniowej?<\/div><\/div><div id=\"accordion-content-post-14146\" \r\n                class=\"accordion__body\" \r\n                role=\"region\"\r\n                aria-labelledby=\"accordion-header-post-14146\"\r\n                style=\"background:transparent;\">Mo\u017cemy poda\u0107 do 10 zalet w por\u00f3wnaniu z tradycyjnym mieszalnikiem:\r\n\r\nNie tworz\u0105 si\u0119 grudki.\r\n\r\nMinimalny dost\u0119p powietrza.\r\n\r\nElastyczno\u015b\u0107 w zakresie wielko\u015bci partii.\r\n\r\nJedna mieszarka do produkcji na kilka zbiornik\u00f3w\r\n\r\nZa\u0142adunek sk\u0142adnik\u00f3w na poziomie gruntu.\r\n\r\nZbiorniki wolne od cia\u0142 sta\u0142ych przylegaj\u0105cych do ich \u015bcianek.\r\n\r\nCa\u0142kowite rozpuszczenie higroskopijnych substancji sta\u0142ych.\r\n\r\nRozbijanie do ma\u0142ej wielko\u015bci cz\u0105stek.\r\n\r\nEmulsje o ma\u0142ej wielko\u015bci kropli.<\/div><\/li><li class=\"accordion__item \"><div class=\"accordion__header \" \r\n                id=\"accordion-header-post-14147\"\r\n                role=\"button\"\r\n                aria-expanded=\"false\"\r\n                aria-controls=\"accordion-content-post-14147\"\r\n                data-id=\"post-14147\" \r\n                data-item=\"hfaq-post-14147\" \r\n                style=\"background:transparent;\" \r\n                data-tags=\"\"\r\n                tabindex=\"0\"><div class=\"accordion__title\">Jakie s\u0105 r\u00f3\u017cnice mi\u0119dzy produkcj\u0105 partiami a ci\u0105g\u0142\u0105?<\/div><\/div><div id=\"accordion-content-post-14147\" \r\n                class=\"accordion__body\" \r\n                role=\"region\"\r\n                aria-labelledby=\"accordion-header-post-14147\"\r\n                style=\"background:transparent;\">Produkcja partiami za pomoc\u0105 mieszarki liniowej odbywa si\u0119 w zbiorniku, w kt\u00f3rym produkt jest recyrkulowany. W przypadku produkcji ci\u0105g\u0142ej surowce musz\u0105 by\u0107 magazynowane, dozowane bezpo\u015brednio do g\u0142owicy mieszarki, a nast\u0119pnie mieszanina jest bezpo\u015brednio mieszana w wymaganych proporcjach.<\/div><\/li><li class=\"accordion__item \"><div class=\"accordion__header \" \r\n                id=\"accordion-header-post-14148\"\r\n                role=\"button\"\r\n                aria-expanded=\"false\"\r\n                aria-controls=\"accordion-content-post-14148\"\r\n                data-id=\"post-14148\" \r\n                data-item=\"hfaq-post-14148\" \r\n                style=\"background:transparent;\" \r\n                data-tags=\"\"\r\n                tabindex=\"0\"><div class=\"accordion__title\">Jak wykona\u0107 proces mieszania bez udzia\u0142u powietrza?<\/div><\/div><div id=\"accordion-content-post-14148\" \r\n                class=\"accordion__body\" \r\n                role=\"region\"\r\n                aria-labelledby=\"accordion-header-post-14148\"\r\n                style=\"background:transparent;\">Praca w pr\u00f3\u017cni gwarantuje 0% powietrza w mieszaninie. Praca w atmosferze, odpowiednio zaprojektowany mieszalnik z du\u017cymi \u015brednicami \u0142opatek i niskimi pr\u0119dko\u015bciami minimalizuje wnikanie powietrza. Praca przez mieszark\u0119 liniow\u0105 r\u00f3wnie\u017c ogranicza wnikanie powietrza do mieszaniny.<\/div><\/li><li class=\"accordion__item \"><div class=\"accordion__header \" \r\n                id=\"accordion-header-post-14149\"\r\n                role=\"button\"\r\n                aria-expanded=\"false\"\r\n                aria-controls=\"accordion-content-post-14149\"\r\n                data-id=\"post-14149\" \r\n                data-item=\"hfaq-post-14149\" \r\n                style=\"background:transparent;\" \r\n                data-tags=\"\"\r\n                tabindex=\"0\"><div class=\"accordion__title\">Jak mog\u0119 zapobiec tworzeniu si\u0119 grudek w mieszance?<\/div><\/div><div id=\"accordion-content-post-14149\" \r\n                class=\"accordion__body\" \r\n                role=\"region\"\r\n                aria-labelledby=\"accordion-header-post-14149\"\r\n                style=\"background:transparent;\">Mieszarka liniowa gwarantuje, \u017ce nie powstaj\u0105 grudki, poniewa\u017c substancja sta\u0142a i p\u0142yn wchodz\u0105 w kontakt w miejscu mieszania, co drastycznie skraca czas produkcji.<\/div><\/li><li class=\"accordion__item \"><div class=\"accordion__header \" \r\n                id=\"accordion-header-post-14150\"\r\n                role=\"button\"\r\n                aria-expanded=\"false\"\r\n                aria-controls=\"accordion-content-post-14150\"\r\n                data-id=\"post-14150\" \r\n                data-item=\"hfaq-post-14150\" \r\n                style=\"background:transparent;\" \r\n                data-tags=\"\"\r\n                tabindex=\"0\"><div class=\"accordion__title\">Jak mog\u0119 by\u0107 pewien, \u017ce proces mieszania zako\u0144czy si\u0119 sukcesem?<\/div><\/div><div id=\"accordion-content-post-14150\" \r\n                class=\"accordion__body\" \r\n                role=\"region\"\r\n                aria-labelledby=\"accordion-header-post-14150\"\r\n                style=\"background:transparent;\">W VK opieramy udane mieszanie na 4 filarach: 51 lat do\u015bwiadczenia, nasze programy obliczeniowe, symulacja ANSYS i nasza instalacja pilota\u017cowa. W VK dajemy podw\u00f3jn\u0105 gwarancj\u0119 na nasze urz\u0105dzenia mieszaj\u0105ce: mechaniczn\u0105 i procesow\u0105.<\/div><\/li><li class=\"accordion__item \"><div class=\"accordion__header \" \r\n                id=\"accordion-header-post-14151\"\r\n                role=\"button\"\r\n                aria-expanded=\"false\"\r\n                aria-controls=\"accordion-content-post-14151\"\r\n                data-id=\"post-14151\" \r\n                data-item=\"hfaq-post-14151\" \r\n                style=\"background:transparent;\" \r\n                data-tags=\"\"\r\n                tabindex=\"0\"><div class=\"accordion__title\">Sk\u0105d mam wiedzie\u0107, jakiego mieszalnika potrzebuj\u0119 do mojego procesu mieszania?<\/div><\/div><div id=\"accordion-content-post-14151\" \r\n                class=\"accordion__body\" \r\n                role=\"region\"\r\n                aria-labelledby=\"accordion-header-post-14151\"\r\n                style=\"background:transparent;\">Nie musisz tego wiedzie\u0107. To my jeste\u015bmy odpowiedzialni za dostarczenie Ci odpowiedniego mieszalnika na podstawie: 50 lat do\u015bwiadczenia, naszych program\u00f3w obliczeniowych, symulacji ANSYS i naszej instalacji pilota\u017cowej. W VK dajemy podw\u00f3jn\u0105 gwarancj\u0119 na nasze urz\u0105dzenia mieszaj\u0105ce: mechaniczn\u0105 i procesow\u0105.<\/div><\/li><li class=\"accordion__item \"><div class=\"accordion__header \" \r\n                id=\"accordion-header-post-14152\"\r\n                role=\"button\"\r\n                aria-expanded=\"false\"\r\n                aria-controls=\"accordion-content-post-14152\"\r\n                data-id=\"post-14152\" \r\n                data-item=\"hfaq-post-14152\" \r\n                style=\"background:transparent;\" \r\n                data-tags=\"\"\r\n                tabindex=\"0\"><div class=\"accordion__title\">Czy Vak Kimsa mo\u017ce dostarczy\u0107 sprz\u0119t do ka\u017cdej cz\u0119\u015bci \u015bwiata?<\/div><\/div><div id=\"accordion-content-post-14152\" \r\n                class=\"accordion__body\" \r\n                role=\"region\"\r\n                aria-labelledby=\"accordion-header-post-14152\"\r\n                style=\"background:transparent;\">Oczywi\u015bcie! Naszym rynkiem jest ca\u0142y \u015bwiat. Mamy sprz\u0119ty w ponad 40 krajach.<\/div><\/li><li class=\"accordion__item \"><div class=\"accordion__header \" \r\n                id=\"accordion-header-post-14153\"\r\n                role=\"button\"\r\n                aria-expanded=\"false\"\r\n                aria-controls=\"accordion-content-post-14153\"\r\n                data-id=\"post-14153\" \r\n                data-item=\"hfaq-post-14153\" \r\n                style=\"background:transparent;\" \r\n                data-tags=\"\"\r\n                tabindex=\"0\"><div class=\"accordion__title\">Czy Vak Kimsa oferuje mo\u017cliwo\u015b\u0107 zdalnej pomocy technicznej?<\/div><\/div><div id=\"accordion-content-post-14153\" \r\n                class=\"accordion__body\" \r\n                role=\"region\"\r\n                aria-labelledby=\"accordion-header-post-14153\"\r\n                style=\"background:transparent;\">Tak, obecna technologia pozwala nam na \u015bwiadczenie zdalnej pomocy technicznej od 1 do 24 godzin, w zale\u017cno\u015bci od r\u00f3\u017cnicy czasu.<\/div><\/li><li class=\"accordion__item \"><div class=\"accordion__header \" \r\n                id=\"accordion-header-post-14154\"\r\n                role=\"button\"\r\n                aria-expanded=\"false\"\r\n                aria-controls=\"accordion-content-post-14154\"\r\n                data-id=\"post-14154\" \r\n                data-item=\"hfaq-post-14154\" \r\n                style=\"background:transparent;\" \r\n                data-tags=\"\"\r\n                tabindex=\"0\"><div class=\"accordion__title\">Kiedy zalecana jest instalacja mieszalnika bocznego?<\/div><\/div><div id=\"accordion-content-post-14154\" \r\n                class=\"accordion__body\" \r\n                role=\"region\"\r\n                aria-labelledby=\"accordion-header-post-14154\"\r\n                style=\"background:transparent;\">Mieszalniki boczne nadaj\u0105 si\u0119 do prostych proces\u00f3w homogenizacji i do produkt\u00f3w o niskiej lepko\u015bci.<\/div><\/li><li class=\"accordion__item \"><div class=\"accordion__header \" \r\n                id=\"accordion-header-post-14155\"\r\n                role=\"button\"\r\n                aria-expanded=\"false\"\r\n                aria-controls=\"accordion-content-post-14155\"\r\n                data-id=\"post-14155\" \r\n                data-item=\"hfaq-post-14155\" \r\n                style=\"background:transparent;\" \r\n                data-tags=\"\"\r\n                tabindex=\"0\"><div class=\"accordion__title\">Kiedy konieczne jest zastosowanie deflektor\u00f3w?<\/div><\/div><div id=\"accordion-content-post-14155\" \r\n                class=\"accordion__body\" \r\n                role=\"region\"\r\n                aria-labelledby=\"accordion-header-post-14155\"\r\n                style=\"background:transparent;\">Kiedy pracujemy z produktami o niskiej lub \u015bredniej lepko\u015bci i z mieszad\u0142ami centrowanymi, zachodz\u0105 dwa zjawiska, produkt obraca si\u0119 i powstaje wir, wi\u0119c nie powstaj\u0105 turbulencje ani mieszanie. Sposobem na unikni\u0119cie tych dw\u00f3ch zjawisk jest zainstalowanie deflektor\u00f3w w zbiorniku. Dla produkt\u00f3w o niskiej lepko\u015bci istnieje mo\u017cliwo\u015b\u0107 decentralizacji mieszad\u0142a bez konieczno\u015bci instalowania deflektor\u00f3w.<\/div><\/li><li class=\"accordion__item \"><div class=\"accordion__header \" \r\n                id=\"accordion-header-post-14156\"\r\n                role=\"button\"\r\n                aria-expanded=\"false\"\r\n                aria-controls=\"accordion-content-post-14156\"\r\n                data-id=\"post-14156\" \r\n                data-item=\"hfaq-post-14156\" \r\n                style=\"background:transparent;\" \r\n                data-tags=\"\"\r\n                tabindex=\"0\"><div class=\"accordion__title\">Co to jest mieszad\u0142o przeciwbie\u017cne?<\/div><\/div><div id=\"accordion-content-post-14156\" \r\n                class=\"accordion__body\" \r\n                role=\"region\"\r\n                aria-labelledby=\"accordion-header-post-14156\"\r\n                style=\"background:transparent;\">Jest to mieszad\u0142o, kt\u00f3re posiada dwa systemy \u0142opatek, \u0142opatki po\u015brednie i kotwic\u0119 zewn\u0119trzn\u0105 ze zgarniaczami, na tej samej osi obracaj\u0105ce si\u0119 w przeciwnych kierunkach mi\u0119dzy sob\u0105. Posiadaj\u0105 one niezale\u017cne motoreduktory i nadaj\u0105 si\u0119 do produkt\u00f3w o bardzo wysokiej lepko\u015bci oraz proces\u00f3w mieszania, homogenizacji i wymiany ciep\u0142a.<\/div><\/li><li class=\"accordion__item \"><div class=\"accordion__header \" \r\n                id=\"accordion-header-post-14157\"\r\n                role=\"button\"\r\n                aria-expanded=\"false\"\r\n                aria-controls=\"accordion-content-post-14157\"\r\n                data-id=\"post-14157\" \r\n                data-item=\"hfaq-post-14157\" \r\n                style=\"background:transparent;\" \r\n                data-tags=\"\"\r\n                tabindex=\"0\"><div class=\"accordion__title\">Czy Vak Kimsa mo\u017ce zaprojektowa\u0107 urz\u0105dzenia do proces\u00f3w sterylnych lub aseptycznych?<\/div><\/div><div id=\"accordion-content-post-14157\" \r\n                class=\"accordion__body\" \r\n                role=\"region\"\r\n                aria-labelledby=\"accordion-header-post-14157\"\r\n                style=\"background:transparent;\">Mamy mieszalniki w wykonaniu sterylnym lub aseptycznym z uszczelnieniami mechanicznymi odpowiednimi do tych warunk\u00f3w pracy, zewn\u0119trznymi z\u0142\u0105czami do zbiornika i wyko\u0144czeniem powierzchni 320 ziarnisto\u015bci + elektropolerowane.<\/div><\/li><\/ul><\/div><\/div><\/article><\/section>\n","protected":false},"excerpt":{"rendered":"","protected":false},"author":1,"featured_media":0,"parent":0,"menu_order":0,"comment_status":"closed","ping_status":"closed","template":"","meta":{"footnotes":""},"class_list":["post-14131","page","type-page","status-publish","hentry"],"yoast_head":"<!-- This site is optimized with the Yoast SEO plugin v27.1.1 - https:\/\/yoast.com\/product\/yoast-seo-wordpress\/ -->\n<title>FAQs Najcz\u0119\u015bciej zadawane pytania - Vak Kimsa, S.A.<\/title>\n<meta name=\"robots\" content=\"index, follow, max-snippet:-1, max-image-preview:large, max-video-preview:-1\" \/>\n<link rel=\"canonical\" href=\"https:\/\/vakkimsa.com\/pl\/faqs-najczesciej-zadawane-pytania\/\" \/>\n<meta property=\"og:locale\" content=\"pl_PL\" \/>\n<meta property=\"og:type\" content=\"article\" \/>\n<meta property=\"og:title\" content=\"FAQs Najcz\u0119\u015bciej zadawane pytania - Vak Kimsa, S.A.\" \/>\n<meta property=\"og:url\" content=\"https:\/\/vakkimsa.com\/pl\/faqs-najczesciej-zadawane-pytania\/\" \/>\n<meta property=\"og:site_name\" content=\"Vak Kimsa, S.A.\" \/>\n<meta property=\"article:modified_time\" content=\"2023-04-18T07:19:05+00:00\" \/>\n<meta name=\"twitter:card\" content=\"summary_large_image\" \/>\n<script type=\"application\/ld+json\" class=\"yoast-schema-graph\">{\"@context\":\"https:\/\/schema.org\",\"@graph\":[{\"@type\":\"WebPage\",\"@id\":\"https:\/\/vakkimsa.com\/pl\/faqs-najczesciej-zadawane-pytania\/\",\"url\":\"https:\/\/vakkimsa.com\/pl\/faqs-najczesciej-zadawane-pytania\/\",\"name\":\"FAQs Najcz\u0119\u015bciej zadawane pytania - Vak Kimsa, S.A.\",\"isPartOf\":{\"@id\":\"https:\/\/vakkimsa.com\/pl\/#website\"},\"datePublished\":\"2023-04-12T11:57:58+00:00\",\"dateModified\":\"2023-04-18T07:19:05+00:00\",\"breadcrumb\":{\"@id\":\"https:\/\/vakkimsa.com\/pl\/faqs-najczesciej-zadawane-pytania\/#breadcrumb\"},\"inLanguage\":\"pl-PL\",\"potentialAction\":[{\"@type\":\"ReadAction\",\"target\":[\"https:\/\/vakkimsa.com\/pl\/faqs-najczesciej-zadawane-pytania\/\"]}]},{\"@type\":\"BreadcrumbList\",\"@id\":\"https:\/\/vakkimsa.com\/pl\/faqs-najczesciej-zadawane-pytania\/#breadcrumb\",\"itemListElement\":[{\"@type\":\"ListItem\",\"position\":1,\"name\":\"Portada\",\"item\":\"https:\/\/vakkimsa.com\/pl\/\"},{\"@type\":\"ListItem\",\"position\":2,\"name\":\"FAQs Najcz\u0119\u015bciej zadawane pytania\"}]},{\"@type\":\"WebSite\",\"@id\":\"https:\/\/vakkimsa.com\/pl\/#website\",\"url\":\"https:\/\/vakkimsa.com\/pl\/\",\"name\":\"Vak Kimsa, S.A.\",\"description\":\"Agitadores y mezcladores en l\u00ednea\",\"potentialAction\":[{\"@type\":\"SearchAction\",\"target\":{\"@type\":\"EntryPoint\",\"urlTemplate\":\"https:\/\/vakkimsa.com\/pl\/?s={search_term_string}\"},\"query-input\":{\"@type\":\"PropertyValueSpecification\",\"valueRequired\":true,\"valueName\":\"search_term_string\"}}],\"inLanguage\":\"pl-PL\"}]}<\/script>\n<!-- \/ Yoast SEO plugin. -->","yoast_head_json":{"title":"FAQs Najcz\u0119\u015bciej zadawane pytania - Vak Kimsa, S.A.","robots":{"index":"index","follow":"follow","max-snippet":"max-snippet:-1","max-image-preview":"max-image-preview:large","max-video-preview":"max-video-preview:-1"},"canonical":"https:\/\/vakkimsa.com\/pl\/faqs-najczesciej-zadawane-pytania\/","og_locale":"pl_PL","og_type":"article","og_title":"FAQs Najcz\u0119\u015bciej zadawane pytania - Vak Kimsa, S.A.","og_url":"https:\/\/vakkimsa.com\/pl\/faqs-najczesciej-zadawane-pytania\/","og_site_name":"Vak Kimsa, S.A.","article_modified_time":"2023-04-18T07:19:05+00:00","twitter_card":"summary_large_image","schema":{"@context":"https:\/\/schema.org","@graph":[{"@type":"WebPage","@id":"https:\/\/vakkimsa.com\/pl\/faqs-najczesciej-zadawane-pytania\/","url":"https:\/\/vakkimsa.com\/pl\/faqs-najczesciej-zadawane-pytania\/","name":"FAQs Najcz\u0119\u015bciej zadawane pytania - Vak Kimsa, S.A.","isPartOf":{"@id":"https:\/\/vakkimsa.com\/pl\/#website"},"datePublished":"2023-04-12T11:57:58+00:00","dateModified":"2023-04-18T07:19:05+00:00","breadcrumb":{"@id":"https:\/\/vakkimsa.com\/pl\/faqs-najczesciej-zadawane-pytania\/#breadcrumb"},"inLanguage":"pl-PL","potentialAction":[{"@type":"ReadAction","target":["https:\/\/vakkimsa.com\/pl\/faqs-najczesciej-zadawane-pytania\/"]}]},{"@type":"BreadcrumbList","@id":"https:\/\/vakkimsa.com\/pl\/faqs-najczesciej-zadawane-pytania\/#breadcrumb","itemListElement":[{"@type":"ListItem","position":1,"name":"Portada","item":"https:\/\/vakkimsa.com\/pl\/"},{"@type":"ListItem","position":2,"name":"FAQs Najcz\u0119\u015bciej zadawane pytania"}]},{"@type":"WebSite","@id":"https:\/\/vakkimsa.com\/pl\/#website","url":"https:\/\/vakkimsa.com\/pl\/","name":"Vak Kimsa, S.A.","description":"Agitadores y mezcladores en l\u00ednea","potentialAction":[{"@type":"SearchAction","target":{"@type":"EntryPoint","urlTemplate":"https:\/\/vakkimsa.com\/pl\/?s={search_term_string}"},"query-input":{"@type":"PropertyValueSpecification","valueRequired":true,"valueName":"search_term_string"}}],"inLanguage":"pl-PL"}]}},"_links":{"self":[{"href":"https:\/\/vakkimsa.com\/pl\/wp-json\/wp\/v2\/pages\/14131","targetHints":{"allow":["GET"]}}],"collection":[{"href":"https:\/\/vakkimsa.com\/pl\/wp-json\/wp\/v2\/pages"}],"about":[{"href":"https:\/\/vakkimsa.com\/pl\/wp-json\/wp\/v2\/types\/page"}],"author":[{"embeddable":true,"href":"https:\/\/vakkimsa.com\/pl\/wp-json\/wp\/v2\/users\/1"}],"replies":[{"embeddable":true,"href":"https:\/\/vakkimsa.com\/pl\/wp-json\/wp\/v2\/comments?post=14131"}],"version-history":[{"count":0,"href":"https:\/\/vakkimsa.com\/pl\/wp-json\/wp\/v2\/pages\/14131\/revisions"}],"wp:attachment":[{"href":"https:\/\/vakkimsa.com\/pl\/wp-json\/wp\/v2\/media?parent=14131"}],"curies":[{"name":"wp","href":"https:\/\/api.w.org\/{rel}","templated":true}]}}