{"id":13034,"date":"2023-03-24T13:28:18","date_gmt":"2023-03-24T12:28:18","guid":{"rendered":"https:\/\/vakkimsa.com\/?page_id=13034"},"modified":"2023-03-24T13:31:06","modified_gmt":"2023-03-24T12:31:06","slug":"trabalhar-na-vak-kimsa","status":"publish","type":"page","link":"https:\/\/vakkimsa.com\/pt-pt\/vak-kimsa\/trabalhar-na-vak-kimsa\/","title":{"rendered":"TRABALHAR NA VAK KIMSA"},"content":{"rendered":"<p><div class=\"fusion-fullwidth fullwidth-box fusion-builder-row-1 nonhundred-percent-fullwidth non-hundred-percent-height-scrolling\" style=\"--awb-border-radius-top-left:0px;--awb-border-radius-top-right:0px;--awb-border-radius-bottom-right:0px;--awb-border-radius-bottom-left:0px;--awb-flex-wrap:wrap;\" ><div class=\"fusion-builder-row fusion-row\"><div class=\"fusion-layout-column fusion_builder_column fusion-builder-column-0 fusion_builder_column_1_1 1_1 fusion-one-full fusion-column-first fusion-column-last\" style=\"--awb-bg-size:cover;\"><div class=\"fusion-column-wrapper fusion-column-has-shadow fusion-flex-column-wrapper-legacy\">[rev_slider alias=&#8221;trabaja-en-vk-pt&#8221; \/]<br><div class=\"fusion-clearfix\"><\/div><\/div><\/div><\/div><\/div><div class=\"fusion-fullwidth fullwidth-box fusion-builder-row-2 nonhundred-percent-fullwidth non-hundred-percent-height-scrolling\" style=\"--awb-border-radius-top-left:0px;--awb-border-radius-top-right:0px;--awb-border-radius-bottom-right:0px;--awb-border-radius-bottom-left:0px;--awb-flex-wrap:wrap;\" ><div class=\"fusion-builder-row fusion-row\"><div class=\"fusion-layout-column fusion_builder_column fusion-builder-column-1 fusion_builder_column_1_1 1_1 fusion-one-full fusion-column-first fusion-column-last\" style=\"--awb-bg-size:cover;\"><div class=\"fusion-column-wrapper fusion-column-has-shadow fusion-flex-column-wrapper-legacy\"><div class=\"fusion-text fusion-text-1\"><h2><strong>Quer fazer parte da nossa equipa?<\/strong><\/h2>\n<\/div><div class=\"fusion-sep-clear\"><\/div><div class=\"fusion-separator fusion-full-width-sep\" style=\"margin-left: auto;margin-right: auto;margin-bottom:3%;width:100%;\"><\/div><div class=\"fusion-sep-clear\"><\/div><div class=\"fusion-clearfix\"><\/div><\/div><\/div><div class=\"fusion-layout-column fusion_builder_column fusion-builder-column-2 fusion_builder_column_1_2 1_2 fusion-one-half fusion-column-first\" style=\"--awb-bg-size:cover;width:50%;width:calc(50% - ( ( 4% ) * 0.5 ) );margin-right: 4%;\"><div class=\"fusion-column-wrapper fusion-column-has-shadow fusion-flex-column-wrapper-legacy\">\n<div class=\"wpcf7 no-js\" id=\"wpcf7-f13033-o1\" lang=\"es-ES\" dir=\"ltr\" data-wpcf7-id=\"13033\">\n<div class=\"screen-reader-response\"><p role=\"status\" aria-live=\"polite\" aria-atomic=\"true\"><\/p> <ul><\/ul><\/div>\n<form action=\"\/pt-pt\/wp-json\/wp\/v2\/pages\/13034#wpcf7-f13033-o1\" method=\"post\" class=\"wpcf7-form init\" aria-label=\"Formulario de contacto\" enctype=\"multipart\/form-data\" novalidate=\"novalidate\" data-status=\"init\">\n<fieldset class=\"hidden-fields-container\"><input type=\"hidden\" name=\"_wpcf7\" value=\"13033\" \/><input type=\"hidden\" name=\"_wpcf7_version\" value=\"6.1.5\" \/><input type=\"hidden\" name=\"_wpcf7_locale\" value=\"es_ES\" \/><input type=\"hidden\" name=\"_wpcf7_unit_tag\" value=\"wpcf7-f13033-o1\" \/><input type=\"hidden\" name=\"_wpcf7_container_post\" value=\"0\" \/><input type=\"hidden\" name=\"_wpcf7_posted_data_hash\" value=\"\" \/>\n<\/fieldset>\n<div class=\"fusion-alert alert custom alert-custom fusion-alert-center wpcf7-response-output awb-alert-native-link-color alert-dismissable awb-alert-close-boxed\" style=\"--awb-border-size:0px;--awb-border-top-left-radius:0px;--awb-border-top-right-radius:0px;--awb-border-bottom-left-radius:0px;--awb-border-bottom-right-radius:0px;\" role=\"alert\"><div class=\"fusion-alert-content-wrapper\"><span class=\"fusion-alert-content\"><\/span><\/div><button type=\"button\" class=\"close toggle-alert\" data-dismiss=\"alert\" aria-label=\"Close\">&times;<\/button><\/div>\n<p><span class=\"wpcf7-form-control-wrap\" data-name=\"nombre\"><input size=\"40\" maxlength=\"400\" class=\"wpcf7-form-control wpcf7-text wpcf7-validates-as-required\" aria-required=\"true\" aria-invalid=\"false\" placeholder=\"Nome*\" value=\"\" type=\"text\" name=\"nombre\" \/><\/span>\n<\/p>\n<p><span class=\"wpcf7-form-control-wrap\" data-name=\"telefono\"><input size=\"40\" maxlength=\"400\" class=\"wpcf7-form-control wpcf7-tel wpcf7-validates-as-required wpcf7-text wpcf7-validates-as-tel\" aria-required=\"true\" aria-invalid=\"false\" placeholder=\"Telefone*\" value=\"\" type=\"tel\" name=\"telefono\" \/><\/span>\n<\/p>\n<p><span class=\"wpcf7-form-control-wrap\" data-name=\"email\"><input size=\"40\" maxlength=\"400\" class=\"wpcf7-form-control wpcf7-email wpcf7-validates-as-required wpcf7-text wpcf7-validates-as-email\" aria-required=\"true\" aria-invalid=\"false\" placeholder=\"Email*\" value=\"\" type=\"email\" name=\"email\" \/><\/span>\n<\/p>\n<p><span class=\"wpcf7-form-control-wrap\" data-name=\"mensaje\"><textarea cols=\"40\" rows=\"10\" maxlength=\"2000\" class=\"wpcf7-form-control wpcf7-textarea wpcf7-validates-as-required\" aria-required=\"true\" aria-invalid=\"false\" placeholder=\"Mensagem*\" name=\"mensaje\"><\/textarea><\/span>\n<\/p>\n<p><label> Anexe o seu CV:<br \/>\n<span class=\"wpcf7-form-control-wrap\" data-name=\"archivo\"><input size=\"40\" class=\"wpcf7-form-control wpcf7-file\" accept=\"audio\/*,video\/*,image\/*\" aria-invalid=\"false\" type=\"file\" name=\"archivo\" \/><\/span> <\/label>\n<\/p>\n<p><span class=\"wpcf7-form-control-wrap\" data-name=\"acceptance-631\"><span class=\"wpcf7-form-control wpcf7-acceptance\"><span class=\"wpcf7-list-item\"><label><input type=\"checkbox\" name=\"acceptance-631\" value=\"1\" aria-invalid=\"false\" \/><span class=\"wpcf7-list-item-label\">Li e aceito os <a href=\"https:\/\/vakkimsa.com\/pt-pt\/termos-e-condicoes-de-utilizacao\/\" target=\"_blank\">termos e condi\u00e7\u00f5es de utiliza\u00e7\u00e3o<\/a><\/span><\/label><\/span><\/span><\/span><br \/>\n<span id=\"wpcf7-69fa27fb8e109-wrapper\" class=\"wpcf7-form-control-wrap honeypot-919-wrap\" style=\"display:none !important; visibility:hidden !important;\"><label for=\"wpcf7-69fa27fb8e109-field\" class=\"hp-message\">Por favor, deja este campo vac\u00edo.<\/label><input id=\"wpcf7-69fa27fb8e109-field\"  class=\"wpcf7-form-control wpcf7-text\" type=\"text\" name=\"honeypot-919\" value=\"\" size=\"40\" tabindex=\"-1\" autocomplete=\"new-password\" \/><\/span>\n<\/p>\n<p><input class=\"wpcf7-form-control wpcf7-submit has-spinner\" type=\"submit\" value=\"Enviar\" \/><br \/>\n<div class=\"fusion-alert alert custom alert-custom fusion-alert-center wpcf7-response-output awb-alert-native-link-color alert-dismissable awb-alert-close-boxed\" style=\"--awb-border-size:0px;--awb-border-top-left-radius:0px;--awb-border-top-right-radius:0px;--awb-border-bottom-left-radius:0px;--awb-border-bottom-right-radius:0px;\" role=\"alert\"><div class=\"fusion-alert-content-wrapper\"><span class=\"fusion-alert-content\"><\/span><\/div><button type=\"button\" class=\"close toggle-alert\" data-dismiss=\"alert\" aria-label=\"Close\">&times;<\/button><\/div>\n<\/p>\n<\/form>\n<\/div>\n<div class=\"fusion-clearfix\"><\/div><\/div><\/div><\/div><\/div><\/p>\n","protected":false},"excerpt":{"rendered":"","protected":false},"author":1,"featured_media":0,"parent":12849,"menu_order":0,"comment_status":"closed","ping_status":"closed","template":"100-width.php","meta":{"footnotes":""},"class_list":["post-13034","page","type-page","status-publish","hentry"],"yoast_head":"<!-- This site is optimized with the Yoast SEO plugin v27.5 - https:\/\/yoast.com\/product\/yoast-seo-wordpress\/ -->\n<title>TRABALHAR NA VAK KIMSA - Vak Kimsa, S.A.<\/title>\n<meta name=\"robots\" content=\"index, follow, max-snippet:-1, max-image-preview:large, max-video-preview:-1\" \/>\n<link rel=\"canonical\" href=\"https:\/\/vakkimsa.com\/pt-pt\/vak-kimsa\/trabalhar-na-vak-kimsa\/\" \/>\n<meta property=\"og:locale\" content=\"pt_PT\" \/>\n<meta property=\"og:type\" content=\"article\" \/>\n<meta property=\"og:title\" content=\"TRABALHAR NA VAK KIMSA - Vak Kimsa, S.A.\" \/>\n<meta property=\"og:url\" content=\"https:\/\/vakkimsa.com\/pt-pt\/vak-kimsa\/trabalhar-na-vak-kimsa\/\" \/>\n<meta property=\"og:site_name\" content=\"Vak Kimsa, S.A.\" \/>\n<meta property=\"article:modified_time\" content=\"2023-03-24T12:31:06+00:00\" \/>\n<meta property=\"og:image\" content=\"https:\/\/vakkimsa.com\/wp-content\/uploads\/2019\/09\/TRABAKA-EN-VK.jpg\" \/>\n<meta name=\"twitter:card\" content=\"summary_large_image\" \/>\n<meta name=\"twitter:label1\" content=\"Tempo estimado de leitura\" \/>\n\t<meta name=\"twitter:data1\" content=\"1 minuto\" \/>\n<script type=\"application\/ld+json\" class=\"yoast-schema-graph\">{\"@context\":\"https:\\\/\\\/schema.org\",\"@graph\":[{\"@type\":\"WebPage\",\"@id\":\"https:\\\/\\\/vakkimsa.com\\\/pt-pt\\\/vak-kimsa\\\/trabalhar-na-vak-kimsa\\\/\",\"url\":\"https:\\\/\\\/vakkimsa.com\\\/pt-pt\\\/vak-kimsa\\\/trabalhar-na-vak-kimsa\\\/\",\"name\":\"TRABALHAR NA VAK KIMSA - Vak Kimsa, S.A.\",\"isPartOf\":{\"@id\":\"https:\\\/\\\/vakkimsa.com\\\/pt-pt\\\/#website\"},\"datePublished\":\"2023-03-24T12:28:18+00:00\",\"dateModified\":\"2023-03-24T12:31:06+00:00\",\"breadcrumb\":{\"@id\":\"https:\\\/\\\/vakkimsa.com\\\/pt-pt\\\/vak-kimsa\\\/trabalhar-na-vak-kimsa\\\/#breadcrumb\"},\"inLanguage\":\"pt-PT\",\"potentialAction\":[{\"@type\":\"ReadAction\",\"target\":[\"https:\\\/\\\/vakkimsa.com\\\/pt-pt\\\/vak-kimsa\\\/trabalhar-na-vak-kimsa\\\/\"]}]},{\"@type\":\"BreadcrumbList\",\"@id\":\"https:\\\/\\\/vakkimsa.com\\\/pt-pt\\\/vak-kimsa\\\/trabalhar-na-vak-kimsa\\\/#breadcrumb\",\"itemListElement\":[{\"@type\":\"ListItem\",\"position\":1,\"name\":\"Portada\",\"item\":\"https:\\\/\\\/vakkimsa.com\\\/pt-pt\\\/\"},{\"@type\":\"ListItem\",\"position\":2,\"name\":\"Vak Kimsa\",\"item\":\"https:\\\/\\\/vakkimsa.com\\\/pt-pt\\\/vak-kimsa\\\/\"},{\"@type\":\"ListItem\",\"position\":3,\"name\":\"TRABALHAR NA VAK KIMSA\"}]},{\"@type\":\"WebSite\",\"@id\":\"https:\\\/\\\/vakkimsa.com\\\/pt-pt\\\/#website\",\"url\":\"https:\\\/\\\/vakkimsa.com\\\/pt-pt\\\/\",\"name\":\"Vak Kimsa, S.A.\",\"description\":\"Agitadores y mezcladores en l\u00ednea\",\"potentialAction\":[{\"@type\":\"SearchAction\",\"target\":{\"@type\":\"EntryPoint\",\"urlTemplate\":\"https:\\\/\\\/vakkimsa.com\\\/pt-pt\\\/?s={search_term_string}\"},\"query-input\":{\"@type\":\"PropertyValueSpecification\",\"valueRequired\":true,\"valueName\":\"search_term_string\"}}],\"inLanguage\":\"pt-PT\"}]}<\/script>\n<!-- \/ Yoast SEO plugin. -->","yoast_head_json":{"title":"TRABALHAR NA VAK KIMSA - Vak Kimsa, S.A.","robots":{"index":"index","follow":"follow","max-snippet":"max-snippet:-1","max-image-preview":"max-image-preview:large","max-video-preview":"max-video-preview:-1"},"canonical":"https:\/\/vakkimsa.com\/pt-pt\/vak-kimsa\/trabalhar-na-vak-kimsa\/","og_locale":"pt_PT","og_type":"article","og_title":"TRABALHAR NA VAK KIMSA - Vak Kimsa, S.A.","og_url":"https:\/\/vakkimsa.com\/pt-pt\/vak-kimsa\/trabalhar-na-vak-kimsa\/","og_site_name":"Vak Kimsa, S.A.","article_modified_time":"2023-03-24T12:31:06+00:00","og_image":[{"url":"https:\/\/vakkimsa.com\/wp-content\/uploads\/2019\/09\/TRABAKA-EN-VK.jpg","type":"","width":"","height":""}],"twitter_card":"summary_large_image","twitter_misc":{"Tempo estimado de leitura":"1 minuto"},"schema":{"@context":"https:\/\/schema.org","@graph":[{"@type":"WebPage","@id":"https:\/\/vakkimsa.com\/pt-pt\/vak-kimsa\/trabalhar-na-vak-kimsa\/","url":"https:\/\/vakkimsa.com\/pt-pt\/vak-kimsa\/trabalhar-na-vak-kimsa\/","name":"TRABALHAR NA VAK KIMSA - Vak Kimsa, S.A.","isPartOf":{"@id":"https:\/\/vakkimsa.com\/pt-pt\/#website"},"datePublished":"2023-03-24T12:28:18+00:00","dateModified":"2023-03-24T12:31:06+00:00","breadcrumb":{"@id":"https:\/\/vakkimsa.com\/pt-pt\/vak-kimsa\/trabalhar-na-vak-kimsa\/#breadcrumb"},"inLanguage":"pt-PT","potentialAction":[{"@type":"ReadAction","target":["https:\/\/vakkimsa.com\/pt-pt\/vak-kimsa\/trabalhar-na-vak-kimsa\/"]}]},{"@type":"BreadcrumbList","@id":"https:\/\/vakkimsa.com\/pt-pt\/vak-kimsa\/trabalhar-na-vak-kimsa\/#breadcrumb","itemListElement":[{"@type":"ListItem","position":1,"name":"Portada","item":"https:\/\/vakkimsa.com\/pt-pt\/"},{"@type":"ListItem","position":2,"name":"Vak Kimsa","item":"https:\/\/vakkimsa.com\/pt-pt\/vak-kimsa\/"},{"@type":"ListItem","position":3,"name":"TRABALHAR NA VAK KIMSA"}]},{"@type":"WebSite","@id":"https:\/\/vakkimsa.com\/pt-pt\/#website","url":"https:\/\/vakkimsa.com\/pt-pt\/","name":"Vak Kimsa, S.A.","description":"Agitadores y mezcladores en l\u00ednea","potentialAction":[{"@type":"SearchAction","target":{"@type":"EntryPoint","urlTemplate":"https:\/\/vakkimsa.com\/pt-pt\/?s={search_term_string}"},"query-input":{"@type":"PropertyValueSpecification","valueRequired":true,"valueName":"search_term_string"}}],"inLanguage":"pt-PT"}]}},"_links":{"self":[{"href":"https:\/\/vakkimsa.com\/pt-pt\/wp-json\/wp\/v2\/pages\/13034","targetHints":{"allow":["GET"]}}],"collection":[{"href":"https:\/\/vakkimsa.com\/pt-pt\/wp-json\/wp\/v2\/pages"}],"about":[{"href":"https:\/\/vakkimsa.com\/pt-pt\/wp-json\/wp\/v2\/types\/page"}],"author":[{"embeddable":true,"href":"https:\/\/vakkimsa.com\/pt-pt\/wp-json\/wp\/v2\/users\/1"}],"replies":[{"embeddable":true,"href":"https:\/\/vakkimsa.com\/pt-pt\/wp-json\/wp\/v2\/comments?post=13034"}],"version-history":[{"count":0,"href":"https:\/\/vakkimsa.com\/pt-pt\/wp-json\/wp\/v2\/pages\/13034\/revisions"}],"up":[{"embeddable":true,"href":"https:\/\/vakkimsa.com\/pt-pt\/wp-json\/wp\/v2\/pages\/12849"}],"wp:attachment":[{"href":"https:\/\/vakkimsa.com\/pt-pt\/wp-json\/wp\/v2\/media?parent=13034"}],"curies":[{"name":"wp","href":"https:\/\/api.w.org\/{rel}","templated":true}]}}