{"id":13040,"date":"2023-03-24T13:34:07","date_gmt":"2023-03-24T12:34:07","guid":{"rendered":"https:\/\/vakkimsa.com\/?page_id=13040"},"modified":"2023-03-24T13:44:36","modified_gmt":"2023-03-24T12:44:36","slug":"termos-e-condicoes-de-utilizacao","status":"publish","type":"page","link":"https:\/\/vakkimsa.com\/pt-pt\/termos-e-condicoes-de-utilizacao\/","title":{"rendered":"Termos e condi\u00e7\u00f5es de utiliza\u00e7\u00e3o"},"content":{"rendered":"<div class=\"fusion-fullwidth fullwidth-box fusion-builder-row-1 nonhundred-percent-fullwidth non-hundred-percent-height-scrolling\" style=\"--awb-border-radius-top-left:0px;--awb-border-radius-top-right:0px;--awb-border-radius-bottom-right:0px;--awb-border-radius-bottom-left:0px;--awb-flex-wrap:wrap;\" ><div class=\"fusion-builder-row fusion-row\"><div class=\"fusion-layout-column fusion_builder_column fusion-builder-column-0 fusion_builder_column_1_1 1_1 fusion-one-full fusion-column-first fusion-column-last\" style=\"--awb-bg-size:cover;\"><div class=\"fusion-column-wrapper fusion-column-has-shadow fusion-flex-column-wrapper-legacy\"><br>\n<br><div class=\"fusion-text fusion-text-1\"><h2 style=\"margin-bottom: 2.5% !important;\" data-fontsize=\"22\" data-lineheight=\"22\">Termos e condi\u00e7\u00f5es de utiliza\u00e7\u00e3o<\/h2>\n<\/div><div class=\"fusion-text fusion-text-2\"><p style=\"text-align: justify;\">Em conformidade com a Lei 34\/2002, de 11 de Julho, sobre Servi\u00e7os da Sociedade da Informa\u00e7\u00e3o e Com\u00e9rcio Electr\u00f3nico (LSSI-CE), <strong>VAK KIMSA SA<\/strong> informa que \u00e9 o propriet\u00e1rio do s\u00edtio <strong>www.vakkimsa.com<\/strong> .<\/p>\n<p style=\"text-align: justify;\">Em conformidade com os requisitos do artigo 10 da referida lei, VAK KIMSA SA informa sobre os seguintes dados: O propriet\u00e1rio deste website \u00e9 VAK KIMSA SA, com CIF A08290389 e sede social em CL PAGESIA 8-10 POL IND MOL\u00cd DE LA BASTIDA 08191, RUBI (BARCELONA), inscrita no Registo Mercantil, no volume 22225, f\u00f3lio 99, p\u00e1gina 22714 e 1\u00aa inscri\u00e7\u00e3o. O endere\u00e7o de correio electr\u00f3nico para contactar a empresa \u00e9: vakkimsa@vakkimsa.com<\/p>\n<p style=\"text-align: justify;\"><span style=\"text-decoration: underline;\"><strong>Regime de utiliza\u00e7\u00e3o e responsabilidade<\/strong><\/span><\/p>\n<p style=\"text-align: justify;\">A navega\u00e7\u00e3o, acesso e utiliza\u00e7\u00e3o do website VAK KIMSA SA confere a condi\u00e7\u00e3o de utilizador, pela qual, ao navegar no website VAK KIMSA SA, todas as condi\u00e7\u00f5es de utiliza\u00e7\u00e3o aqui estabelecidas s\u00e3o aceites, sem preju\u00edzo da aplica\u00e7\u00e3o dos regulamentos correspondentes de conformidade legal obrigat\u00f3ria, conforme o caso.<\/p>\n<p style=\"text-align: justify;\">O s\u00edtio web VAK KIMSA SA fornece uma vasta gama de informa\u00e7\u00f5es, servi\u00e7os e dados. O utilizador assume a responsabilidade pela utiliza\u00e7\u00e3o correcta do s\u00edtio web. Esta responsabilidade estende-se a:<\/p>\n<ul>\n<li style=\"text-align: justify;\">A veracidade e legalidade da informa\u00e7\u00e3o fornecida pelo utilizador nos formul\u00e1rios fornecidos pela VAK KIMSA SA para acesso a determinados conte\u00fados ou servi\u00e7os oferecidos pelo s\u00edtio web.<\/li>\n<li style=\"text-align: justify;\">A utiliza\u00e7\u00e3o das informa\u00e7\u00f5es, servi\u00e7os e dados oferecidos pela VAK KIMSA SA contr\u00e1ria \u00e0s disposi\u00e7\u00f5es destas condi\u00e7\u00f5es, \u00e0 lei, \u00e0 moral, aos bons costumes ou \u00e0 ordem p\u00fablica, ou que de qualquer outra forma possa infringir os direitos de terceiros ou o funcionamento do s\u00edtio web.<\/li>\n<\/ul>\n<p style=\"text-align: justify;\"><span style=\"text-decoration: underline;\"><strong>Pol\u00edtica de interliga\u00e7\u00e3o e isen\u00e7\u00f5es de responsabilidade<\/strong><\/span><\/p>\n<p style=\"text-align: justify;\">VAK KIMSA SA n\u00e3o \u00e9 respons\u00e1vel pelo conte\u00fado dos websites a que o utilizador pode aceder atrav\u00e9s das liga\u00e7\u00f5es estabelecidas no seu website e declara que em caso algum examinar\u00e1 ou exercer\u00e1 qualquer tipo de controlo sobre o conte\u00fado de outros websites. Do mesmo modo, n\u00e3o garante a disponibilidade t\u00e9cnica, exactid\u00e3o, veracidade, validade ou legalidade dos s\u00edtios fora da sua propriedade que podem ser acedidos atrav\u00e9s das liga\u00e7\u00f5es. VAK KIMSA SA declara ter adoptado todas as medidas necess\u00e1rias para evitar quaisquer danos aos utilizadores do seu s\u00edtio web, que possam surgir da navega\u00e7\u00e3o no seu s\u00edtio web. Consequentemente, VAK KIMSA SA n\u00e3o aceita qualquer responsabilidade, em nenhuma circunst\u00e2ncia, por quaisquer poss\u00edveis danos que o utilizador possa sofrer como resultado da navega\u00e7\u00e3o na Internet.<\/p>\n<p style=\"text-align: justify;\"><span style=\"text-decoration: underline;\"><strong>Modifica\u00e7\u00f5es<\/strong><\/span><\/p>\n<p style=\"text-align: justify;\">VAK KIMSA SA reserva-se o direito de fazer quaisquer modifica\u00e7\u00f5es que considere apropriadas, sem aviso pr\u00e9vio, ao conte\u00fado do seu website. Isto aplica-se tanto ao conte\u00fado do s\u00edtio web como \u00e0s condi\u00e7\u00f5es de utiliza\u00e7\u00e3o do mesmo. Tais modifica\u00e7\u00f5es podem ser feitas atrav\u00e9s do seu s\u00edtio web por qualquer meio legalmente admiss\u00edvel e ser\u00e3o vinculativas enquanto forem publicadas no s\u00edtio web e at\u00e9 serem validamente modificadas por modifica\u00e7\u00f5es subsequentes.<\/p>\n<p style=\"text-align: justify;\"><span style=\"text-decoration: underline;\"><strong>Protec\u00e7\u00e3o de dados<\/strong><\/span><\/p>\n<p style=\"text-align: justify;\">Em conformidade com a legisla\u00e7\u00e3o actual e aplic\u00e1vel sobre a protec\u00e7\u00e3o de dados pessoais, informamos que os seus dados ser\u00e3o incorporados no sistema de processamento propriedade da VAK KIMSA SA com CIF A08290389 e sede social em CL PAGESIA 8-10 POL IND MOL\u00cd DE LA BASTIDA 08191, RUBI (BARCELONA), e que os respectivos fins, per\u00edodos de reten\u00e7\u00e3o e bases leg\u00edtimas s\u00e3o enumerados abaixo. Para as opera\u00e7\u00f5es de processamento que o exijam, informamos tamb\u00e9m da poss\u00edvel cria\u00e7\u00e3o de perfis e decis\u00f5es automatizadas, bem como das poss\u00edveis atribui\u00e7\u00f5es e transfer\u00eancias internacionais que a VAK KIMSA SA pretende levar a cabo:<\/p>\n<p style=\"text-align: justify;\">&#8211; Objectivo: Lidar com as suas consultas e\/ou pedidos e instala\u00e7\u00e3o de cookies.<br \/>\n&#8211; Per\u00edodo de reten\u00e7\u00e3o: desde que o consentimento dado seja mantido.<br \/>\n&#8211; Base leg\u00edtima: O consentimento da parte interessada.<\/p>\n<p style=\"text-align: justify;\">Em conformidade com os direitos conferidos pela legisla\u00e7\u00e3o actual e aplic\u00e1vel em mat\u00e9ria de protec\u00e7\u00e3o de dados, pode exercer os seus direitos de acesso, rectifica\u00e7\u00e3o, limita\u00e7\u00e3o do tratamento, elimina\u00e7\u00e3o (&#8220;direito a ser esquecido&#8221;), portabilidade e oposi\u00e7\u00e3o ao tratamento dos seus dados pessoais, bem como a revoga\u00e7\u00e3o do consentimento dado para o seu tratamento, enviando o seu pedido para o endere\u00e7o postal CL PAGESIA 8-10 POL IND MOL\u00cd DE LA BASTIDA 08191, RUBI (BARCELONA) ou para o endere\u00e7o electr\u00f3nico VAKKIMSA@VAKKIMSA.COM.<\/p>\n<p style=\"text-align: justify;\">Pode contactar a autoridade de supervis\u00e3o competente para apresentar qualquer queixa que considere apropriada.<br \/>\nOs dados identificados com uma marca (*) s\u00e3o entendidos como obrigat\u00f3rios e campos obrigat\u00f3rios, e portanto ser\u00e3o entendidos como necess\u00e1rios para levar a cabo as finalidades acima mencionadas.\/p><\/p>\n<p style=\"text-align: justify;\">Ao enviar o formul\u00e1rio de recolha de dados aceita a pol\u00edtica de privacidade da VAK KIMSA SA.<\/p>\n<p style=\"text-align: justify;\"><strong><span style=\"text-decoration: underline;\">Propriedade intelectual e industrial<\/span><\/strong><\/p>\n<p style=\"text-align: justify;\">VAK KIMSA SA, ela pr\u00f3pria ou como cession\u00e1rio, \u00e9 propriet\u00e1ria de todos os direitos de propriedade intelectual e industrial do seu website, bem como dos elementos nele contidos (incluindo, entre outros, imagens, som, \u00e1udio, v\u00eddeo, software ou textos; marcas ou log\u00f3tipos, combina\u00e7\u00f5es de cores, estrutura e design, selec\u00e7\u00e3o de materiais utilizados, programas inform\u00e1ticos necess\u00e1rios ao seu funcionamento, acesso e utiliza\u00e7\u00e3o, etc.), propriedade da VAK KIMSA SA. S\u00e3o, portanto, obras protegidas como propriedade intelectual pelo sistema jur\u00eddico espanhol, sendo-lhes aplic\u00e1veis tanto a regulamenta\u00e7\u00e3o espanhola como a comunit\u00e1ria neste dom\u00ednio, bem como os tratados internacionais relacionados com a mat\u00e9ria e assinados pela Espanha. Todos os direitos reservados. Em virtude das disposi\u00e7\u00f5es da Lei de Propriedade Intelectual, a reprodu\u00e7\u00e3o, distribui\u00e7\u00e3o e comunica\u00e7\u00e3o p\u00fablica, incluindo a disponibiliza\u00e7\u00e3o, total ou parcial do conte\u00fado deste website, para fins comerciais, em qualquer meio e por quaisquer meios t\u00e9cnicos, sem autoriza\u00e7\u00e3o da VAK KIMSA SA, \u00e9 expressamente proibida sem a autoriza\u00e7\u00e3o da VAK KIMSA SA.<\/p>\n<p style=\"text-align: justify;\">O utilizador compromete-se a respeitar os direitos de Propriedade Intelectual e Industrial detidos pela VAK KIMSA SA. Podem visualizar os elementos do portal e at\u00e9 imprimi-los, copi\u00e1-los e armazen\u00e1-los no disco r\u00edgido do seu computador ou em qualquer outro suporte f\u00edsico, desde que seja \u00fanica e exclusivamente para seu uso pessoal e privado. O utilizador deve abster-se de apagar, alterar, iludir ou manipular qualquer dispositivo de protec\u00e7\u00e3o ou sistema de seguran\u00e7a instalado nas p\u00e1ginas da VAK KIMSA SA.\/p><\/p>\n<p style=\"text-align: justify;\"><span style=\"text-decoration: underline;\"><strong>Ac\u00e7\u00e3o legal, lei aplic\u00e1vel e jurisdi\u00e7\u00e3o<\/strong><\/span><\/p>\n<p style=\"text-align: justify;\">VAK KIMSA SA reserva-se igualmente o direito de intentar quaisquer ac\u00e7\u00f5es civis ou criminais que considere apropriadas para a utiliza\u00e7\u00e3o indevida do seu website e do seu conte\u00fado, ou para a viola\u00e7\u00e3o destas condi\u00e7\u00f5es. A rela\u00e7\u00e3o entre o utilizador e o fornecedor ser\u00e1 regida pela regulamenta\u00e7\u00e3o em vigor e aplic\u00e1vel em territ\u00f3rio espanhol. Em caso de lit\u00edgio, as partes podem submeter os seus conflitos a arbitragem ou recorrer \u00e0 jurisdi\u00e7\u00e3o ordin\u00e1ria, em conformidade com os regulamentos sobre jurisdi\u00e7\u00e3o e compet\u00eancia a este respeito. VAK KIMSA SA est\u00e1 domiciliada em BARCELONA, Espanha.<\/p>\n<\/div><div class=\"fusion-clearfix\"><\/div><\/div><\/div><\/div><\/div>\n","protected":false},"excerpt":{"rendered":"","protected":false},"author":1,"featured_media":0,"parent":0,"menu_order":0,"comment_status":"closed","ping_status":"closed","template":"","meta":{"footnotes":""},"class_list":["post-13040","page","type-page","status-publish","hentry"],"yoast_head":"<!-- This site is optimized with the Yoast SEO plugin v27.5 - https:\/\/yoast.com\/product\/yoast-seo-wordpress\/ -->\n<title>Termos e condi\u00e7\u00f5es de utiliza\u00e7\u00e3o - Vak Kimsa, S.A.<\/title>\n<meta name=\"robots\" content=\"index, follow, max-snippet:-1, max-image-preview:large, max-video-preview:-1\" \/>\n<link rel=\"canonical\" href=\"https:\/\/vakkimsa.com\/pt-pt\/termos-e-condicoes-de-utilizacao\/\" \/>\n<meta property=\"og:locale\" content=\"pt_PT\" \/>\n<meta property=\"og:type\" content=\"article\" \/>\n<meta property=\"og:title\" content=\"Termos e condi\u00e7\u00f5es de utiliza\u00e7\u00e3o - Vak Kimsa, S.A.\" \/>\n<meta property=\"og:url\" content=\"https:\/\/vakkimsa.com\/pt-pt\/termos-e-condicoes-de-utilizacao\/\" \/>\n<meta property=\"og:site_name\" content=\"Vak Kimsa, S.A.\" \/>\n<meta property=\"article:modified_time\" content=\"2023-03-24T12:44:36+00:00\" \/>\n<meta name=\"twitter:card\" content=\"summary_large_image\" \/>\n<meta name=\"twitter:label1\" content=\"Tempo estimado de leitura\" \/>\n\t<meta name=\"twitter:data1\" content=\"7 minutos\" \/>\n<script type=\"application\/ld+json\" class=\"yoast-schema-graph\">{\"@context\":\"https:\\\/\\\/schema.org\",\"@graph\":[{\"@type\":\"WebPage\",\"@id\":\"https:\\\/\\\/vakkimsa.com\\\/pt-pt\\\/termos-e-condicoes-de-utilizacao\\\/\",\"url\":\"https:\\\/\\\/vakkimsa.com\\\/pt-pt\\\/termos-e-condicoes-de-utilizacao\\\/\",\"name\":\"Termos e condi\u00e7\u00f5es de utiliza\u00e7\u00e3o - Vak Kimsa, S.A.\",\"isPartOf\":{\"@id\":\"https:\\\/\\\/vakkimsa.com\\\/pt-pt\\\/#website\"},\"datePublished\":\"2023-03-24T12:34:07+00:00\",\"dateModified\":\"2023-03-24T12:44:36+00:00\",\"breadcrumb\":{\"@id\":\"https:\\\/\\\/vakkimsa.com\\\/pt-pt\\\/termos-e-condicoes-de-utilizacao\\\/#breadcrumb\"},\"inLanguage\":\"pt-PT\",\"potentialAction\":[{\"@type\":\"ReadAction\",\"target\":[\"https:\\\/\\\/vakkimsa.com\\\/pt-pt\\\/termos-e-condicoes-de-utilizacao\\\/\"]}]},{\"@type\":\"BreadcrumbList\",\"@id\":\"https:\\\/\\\/vakkimsa.com\\\/pt-pt\\\/termos-e-condicoes-de-utilizacao\\\/#breadcrumb\",\"itemListElement\":[{\"@type\":\"ListItem\",\"position\":1,\"name\":\"Portada\",\"item\":\"https:\\\/\\\/vakkimsa.com\\\/pt-pt\\\/\"},{\"@type\":\"ListItem\",\"position\":2,\"name\":\"Termos e condi\u00e7\u00f5es de utiliza\u00e7\u00e3o\"}]},{\"@type\":\"WebSite\",\"@id\":\"https:\\\/\\\/vakkimsa.com\\\/pt-pt\\\/#website\",\"url\":\"https:\\\/\\\/vakkimsa.com\\\/pt-pt\\\/\",\"name\":\"Vak Kimsa, S.A.\",\"description\":\"Agitadores y mezcladores en l\u00ednea\",\"potentialAction\":[{\"@type\":\"SearchAction\",\"target\":{\"@type\":\"EntryPoint\",\"urlTemplate\":\"https:\\\/\\\/vakkimsa.com\\\/pt-pt\\\/?s={search_term_string}\"},\"query-input\":{\"@type\":\"PropertyValueSpecification\",\"valueRequired\":true,\"valueName\":\"search_term_string\"}}],\"inLanguage\":\"pt-PT\"}]}<\/script>\n<!-- \/ Yoast SEO plugin. -->","yoast_head_json":{"title":"Termos e condi\u00e7\u00f5es de utiliza\u00e7\u00e3o - Vak Kimsa, S.A.","robots":{"index":"index","follow":"follow","max-snippet":"max-snippet:-1","max-image-preview":"max-image-preview:large","max-video-preview":"max-video-preview:-1"},"canonical":"https:\/\/vakkimsa.com\/pt-pt\/termos-e-condicoes-de-utilizacao\/","og_locale":"pt_PT","og_type":"article","og_title":"Termos e condi\u00e7\u00f5es de utiliza\u00e7\u00e3o - Vak Kimsa, S.A.","og_url":"https:\/\/vakkimsa.com\/pt-pt\/termos-e-condicoes-de-utilizacao\/","og_site_name":"Vak Kimsa, S.A.","article_modified_time":"2023-03-24T12:44:36+00:00","twitter_card":"summary_large_image","twitter_misc":{"Tempo estimado de leitura":"7 minutos"},"schema":{"@context":"https:\/\/schema.org","@graph":[{"@type":"WebPage","@id":"https:\/\/vakkimsa.com\/pt-pt\/termos-e-condicoes-de-utilizacao\/","url":"https:\/\/vakkimsa.com\/pt-pt\/termos-e-condicoes-de-utilizacao\/","name":"Termos e condi\u00e7\u00f5es de utiliza\u00e7\u00e3o - Vak Kimsa, S.A.","isPartOf":{"@id":"https:\/\/vakkimsa.com\/pt-pt\/#website"},"datePublished":"2023-03-24T12:34:07+00:00","dateModified":"2023-03-24T12:44:36+00:00","breadcrumb":{"@id":"https:\/\/vakkimsa.com\/pt-pt\/termos-e-condicoes-de-utilizacao\/#breadcrumb"},"inLanguage":"pt-PT","potentialAction":[{"@type":"ReadAction","target":["https:\/\/vakkimsa.com\/pt-pt\/termos-e-condicoes-de-utilizacao\/"]}]},{"@type":"BreadcrumbList","@id":"https:\/\/vakkimsa.com\/pt-pt\/termos-e-condicoes-de-utilizacao\/#breadcrumb","itemListElement":[{"@type":"ListItem","position":1,"name":"Portada","item":"https:\/\/vakkimsa.com\/pt-pt\/"},{"@type":"ListItem","position":2,"name":"Termos e condi\u00e7\u00f5es de utiliza\u00e7\u00e3o"}]},{"@type":"WebSite","@id":"https:\/\/vakkimsa.com\/pt-pt\/#website","url":"https:\/\/vakkimsa.com\/pt-pt\/","name":"Vak Kimsa, S.A.","description":"Agitadores y mezcladores en l\u00ednea","potentialAction":[{"@type":"SearchAction","target":{"@type":"EntryPoint","urlTemplate":"https:\/\/vakkimsa.com\/pt-pt\/?s={search_term_string}"},"query-input":{"@type":"PropertyValueSpecification","valueRequired":true,"valueName":"search_term_string"}}],"inLanguage":"pt-PT"}]}},"_links":{"self":[{"href":"https:\/\/vakkimsa.com\/pt-pt\/wp-json\/wp\/v2\/pages\/13040","targetHints":{"allow":["GET"]}}],"collection":[{"href":"https:\/\/vakkimsa.com\/pt-pt\/wp-json\/wp\/v2\/pages"}],"about":[{"href":"https:\/\/vakkimsa.com\/pt-pt\/wp-json\/wp\/v2\/types\/page"}],"author":[{"embeddable":true,"href":"https:\/\/vakkimsa.com\/pt-pt\/wp-json\/wp\/v2\/users\/1"}],"replies":[{"embeddable":true,"href":"https:\/\/vakkimsa.com\/pt-pt\/wp-json\/wp\/v2\/comments?post=13040"}],"version-history":[{"count":0,"href":"https:\/\/vakkimsa.com\/pt-pt\/wp-json\/wp\/v2\/pages\/13040\/revisions"}],"wp:attachment":[{"href":"https:\/\/vakkimsa.com\/pt-pt\/wp-json\/wp\/v2\/media?parent=13040"}],"curies":[{"name":"wp","href":"https:\/\/api.w.org\/{rel}","templated":true}]}}