{"id":13067,"date":"2023-03-27T10:30:44","date_gmt":"2023-03-27T08:30:44","guid":{"rendered":"https:\/\/vakkimsa.com\/?page_id=13067"},"modified":"2023-03-27T11:03:36","modified_gmt":"2023-03-27T09:03:36","slug":"perguntas-frequentes","status":"publish","type":"page","link":"https:\/\/vakkimsa.com\/pt-pt\/perguntas-frequentes\/","title":{"rendered":"Perguntas frequentes"},"content":{"rendered":"<div class=\"fusion-fullwidth fullwidth-box fusion-builder-row-1 nonhundred-percent-fullwidth non-hundred-percent-height-scrolling\" style=\"--awb-border-radius-top-left:0px;--awb-border-radius-top-right:0px;--awb-border-radius-bottom-right:0px;--awb-border-radius-bottom-left:0px;--awb-flex-wrap:wrap;\" ><div class=\"fusion-builder-row fusion-row\"><div class=\"fusion-layout-column fusion_builder_column fusion-builder-column-0 fusion_builder_column_1_1 1_1 fusion-one-full fusion-column-first fusion-column-last\" style=\"--awb-bg-size:cover;\"><div class=\"fusion-column-wrapper fusion-flex-column-wrapper-legacy\"><br><div class=\"fusion-text fusion-text-1\"><section id='' \n                class='helpie-faq accordions faq-toggle open-first' \n                data-collection='' \n                data-pagination='0' \n                data-search='0' \n                data-pagination-enabled='0'\n                role='region'\n                aria-label='FAQ Section'\n                aria-live='polite'><h3 class=\"collection-title\">FAQs Agita\u00e7\u00e3o e mistura online<\/h3><form class=\"search\" onSubmit=\"return false;\"><div class=\"search__wrapper\"><input type=\"text\" class=\"search__input\" aria-label=\"Search\" role=\"searchbox\" placeholder=\"Search FAQ\"><span class=\"search__icon\"><svg class=\"svg-icon--search\" role=\"img\" xmlns=\"http:\/\/www.w3.org\/2000\/svg\" viewBox=\"0 0 22 22\">\r\n                        <g fill=\"none\" stroke=\"#171717\">\r\n                            <path stroke-linecap=\"square\" stroke-width=\"2\" d=\"M18.5 18.3l-5.4-5.4\"\/>\r\n                            <circle cx=\"8\" cy=\"8\" r=\"7\" stroke-width=\"2\"\/>\r\n                        <\/g>\r\n                    <\/svg><\/span><\/div><div class=\"search__message\"><\/div><\/form><article class=\"accordion \"><div class='helpie-faq-row'><div class='helpie-faq-col helpie-faq-col-12' ><ul><li class=\"accordion__item \"><div class=\"accordion__header \" \r\n                id=\"accordion-header-post-13071\"\r\n                role=\"button\"\r\n                aria-expanded=\"false\"\r\n                aria-controls=\"accordion-content-post-13071\"\r\n                data-id=\"post-13071\" \r\n                data-item=\"hfaq-post-13071\" \r\n                style=\"background:transparent;\" \r\n                data-tags=\"\"\r\n                tabindex=\"0\"><div class=\"accordion__title\">Quando \u00e9 necess\u00e1ria a instala\u00e7\u00e3o de um misturador em sequ\u00eancia?<\/div><\/div><div id=\"accordion-content-post-13071\" \r\n                class=\"accordion__body\" \r\n                role=\"region\"\r\n                aria-labelledby=\"accordion-header-post-13071\"\r\n                style=\"background:transparent;\">Para processos de dissolu\u00e7\u00e3o, dispers\u00e3o e emuls\u00e3o para grandes volumes ou para produtos de dif\u00edcil mistura.<\/div><\/li><li class=\"accordion__item \"><div class=\"accordion__header \" \r\n                id=\"accordion-header-post-13074\"\r\n                role=\"button\"\r\n                aria-expanded=\"false\"\r\n                aria-controls=\"accordion-content-post-13074\"\r\n                data-id=\"post-13074\" \r\n                data-item=\"hfaq-post-13074\" \r\n                style=\"background:transparent;\" \r\n                data-tags=\"\"\r\n                tabindex=\"0\"><div class=\"accordion__title\">Quais s\u00e3o as vantagens de um misturador em sequ\u00eancia?<\/div><\/div><div id=\"accordion-content-post-13074\" \r\n                class=\"accordion__body\" \r\n                role=\"region\"\r\n                aria-labelledby=\"accordion-header-post-13074\"\r\n                style=\"background:transparent;\">Podemos indicar-lhe 10 vantagens relativamente a um agitador tradicional:\r\n<ul>\r\n \t<li>N\u00e3o se foram grumos.<\/li>\r\n \t<li>M\u00ednima entrada de ar.<\/li>\r\n \t<li>Flexibilidade no volume do lote.<\/li>\r\n \t<li>Um s\u00f3 misturador para fabricar sobre v\u00e1rios dep\u00f3sitos<\/li>\r\n \t<li>Carga de componentes ao p\u00e9 do solo.<\/li>\r\n \t<li>Dep\u00f3sitos isentos de s\u00f3lidos aderidos \u00e0s suas paredes.<\/li>\r\n \t<li>Dissolu\u00e7\u00e3o total de s\u00f3lidos higrosc\u00f3picos.<\/li>\r\n \t<li>Dispers\u00f5es de baixa granulometria.<\/li>\r\n \t<li>Emuls\u00f5es de pequeno tamanho de gota.<\/li>\r\n<\/ul><\/div><\/li><li class=\"accordion__item \"><div class=\"accordion__header \" \r\n                id=\"accordion-header-post-13076\"\r\n                role=\"button\"\r\n                aria-expanded=\"false\"\r\n                aria-controls=\"accordion-content-post-13076\"\r\n                data-id=\"post-13076\" \r\n                data-item=\"hfaq-post-13076\" \r\n                style=\"background:transparent;\" \r\n                data-tags=\"\"\r\n                tabindex=\"0\"><div class=\"accordion__title\">Quais s\u00e3o as diferentes entre o fabrico em lotes e em cont\u00ednuo?<\/div><\/div><div id=\"accordion-content-post-13076\" \r\n                class=\"accordion__body\" \r\n                role=\"region\"\r\n                aria-labelledby=\"accordion-header-post-13076\"\r\n                style=\"background:transparent;\">O fabrico em lotes com um ML realiza-se mediante um dep\u00f3sito em que o produto recircula sobre o mesmo. Para o fabrico em cont\u00ednuo \u00e9 necess\u00e1rio ter mat\u00e9rias-primas em stock, dose\u00e1-las diretamente ao cabe\u00e7al do misturador, saindo diretamente a mistura j\u00e1 realizada nas propor\u00e7\u00f5es necess\u00e1rias.<\/div><\/li><li class=\"accordion__item \"><div class=\"accordion__header \" \r\n                id=\"accordion-header-post-13078\"\r\n                role=\"button\"\r\n                aria-expanded=\"false\"\r\n                aria-controls=\"accordion-content-post-13078\"\r\n                data-id=\"post-13078\" \r\n                data-item=\"hfaq-post-13078\" \r\n                style=\"background:transparent;\" \r\n                data-tags=\"\"\r\n                tabindex=\"0\"><div class=\"accordion__title\">Como posso fazer um processo de mistura sem entrar ar?<\/div><\/div><div id=\"accordion-content-post-13078\" \r\n                class=\"accordion__body\" \r\n                role=\"region\"\r\n                aria-labelledby=\"accordion-header-post-13078\"\r\n                style=\"background:transparent;\">Trabalhar em v\u00e1cuo garante-nos 0% de ar na mistura. Trabalhando atmosfericamente um agitador com um design adequado com di\u00e2metros de p\u00e1s grandes e velocidades baixas minimizam a entrada de ar. Assim, ao trabalhar atrav\u00e9s de um ML tamb\u00e9m reduz a entrada de ar na mistura.<\/div><\/li><li class=\"accordion__item \"><div class=\"accordion__header \" \r\n                id=\"accordion-header-post-13079\"\r\n                role=\"button\"\r\n                aria-expanded=\"false\"\r\n                aria-controls=\"accordion-content-post-13079\"\r\n                data-id=\"post-13079\" \r\n                data-item=\"hfaq-post-13079\" \r\n                style=\"background:transparent;\" \r\n                data-tags=\"\"\r\n                tabindex=\"0\"><div class=\"accordion__title\">Como posso evitar que se formem grumos na mistura?<\/div><\/div><div id=\"accordion-content-post-13079\" \r\n                class=\"accordion__body\" \r\n                role=\"region\"\r\n                aria-labelledby=\"accordion-header-post-13079\"\r\n                style=\"background:transparent;\">Os ML garantem que n\u00e3o se formam grumos uma vez que s\u00f3lido e l\u00edquido entram em contacto justamente no ponto de mistura, reduzindo drasticamente os tempos de fabrico.<\/div><\/li><li class=\"accordion__item \"><div class=\"accordion__header \" \r\n                id=\"accordion-header-post-13080\"\r\n                role=\"button\"\r\n                aria-expanded=\"false\"\r\n                aria-controls=\"accordion-content-post-13080\"\r\n                data-id=\"post-13080\" \r\n                data-item=\"hfaq-post-13080\" \r\n                style=\"background:transparent;\" \r\n                data-tags=\"\"\r\n                tabindex=\"0\"><div class=\"accordion__title\">Como me certifico de que o processo de mistura vai ser realizado com sucesso?<\/div><\/div><div id=\"accordion-content-post-13080\" \r\n                class=\"accordion__body\" \r\n                role=\"region\"\r\n                aria-labelledby=\"accordion-header-post-13080\"\r\n                style=\"background:transparent;\">Na VK baseamos o sucesso da mistura em 4 pontos essenciais: a experi\u00eancia de 51 anos, os nossos programas de c\u00e1lculo, a simula\u00e7\u00e3o ANSYS e a nossa unidade piloto. Na VK damos garantia dupla aos nossos equipamentos de mistura: mec\u00e2nica e de processo.<\/div><\/li><li class=\"accordion__item \"><div class=\"accordion__header \" \r\n                id=\"accordion-header-post-13081\"\r\n                role=\"button\"\r\n                aria-expanded=\"false\"\r\n                aria-controls=\"accordion-content-post-13081\"\r\n                data-id=\"post-13081\" \r\n                data-item=\"hfaq-post-13081\" \r\n                style=\"background:transparent;\" \r\n                data-tags=\"\"\r\n                tabindex=\"0\"><div class=\"accordion__title\">Como posso saber de que agitador necessito para o meu processo de mistura?<\/div><\/div><div id=\"accordion-content-post-13081\" \r\n                class=\"accordion__body\" \r\n                role=\"region\"\r\n                aria-labelledby=\"accordion-header-post-13081\"\r\n                style=\"background:transparent;\">N\u00e3o \u00e9 necess\u00e1rio que o saiba, n\u00f3s responsabilizamo-nos em lhe oferecer o agitador adequado baseando-nos em: experi\u00eancia de 50 anos, os nossos programas de c\u00e1lculo, a simula\u00e7\u00e3o ANSYS e a nossa unidade piloto. Na VK damos garantia dupla aos nossos equipamentos de mistura: mec\u00e2nica e de processo.<\/div><\/li><li class=\"accordion__item \"><div class=\"accordion__header \" \r\n                id=\"accordion-header-post-13082\"\r\n                role=\"button\"\r\n                aria-expanded=\"false\"\r\n                aria-controls=\"accordion-content-post-13082\"\r\n                data-id=\"post-13082\" \r\n                data-item=\"hfaq-post-13082\" \r\n                style=\"background:transparent;\" \r\n                data-tags=\"\"\r\n                tabindex=\"0\"><div class=\"accordion__title\">A Vak Kimsa consegue fornecer equipamentos para qualquer parte do mundo?<\/div><\/div><div id=\"accordion-content-post-13082\" \r\n                class=\"accordion__body\" \r\n                role=\"region\"\r\n                aria-labelledby=\"accordion-header-post-13082\"\r\n                style=\"background:transparent;\">Claro! O nosso mercado \u00e9 o mundo. Temos equipamentos em mais de 40 pa\u00edses.<\/div><\/li><li class=\"accordion__item \"><div class=\"accordion__header \" \r\n                id=\"accordion-header-post-13083\"\r\n                role=\"button\"\r\n                aria-expanded=\"false\"\r\n                aria-controls=\"accordion-content-post-13083\"\r\n                data-id=\"post-13083\" \r\n                data-item=\"hfaq-post-13083\" \r\n                style=\"background:transparent;\" \r\n                data-tags=\"\"\r\n                tabindex=\"0\"><div class=\"accordion__title\">A Vak Kimsa disp\u00f5e da possibilidade de realizar assist\u00eancia t\u00e9cnica remota?<\/div><\/div><div id=\"accordion-content-post-13083\" \r\n                class=\"accordion__body\" \r\n                role=\"region\"\r\n                aria-labelledby=\"accordion-header-post-13083\"\r\n                style=\"background:transparent;\">Sim, a tecnologia atual permite poder realizar assist\u00eancia t\u00e9cnica remota entre 1 e 24 horas, dependendo da diferen\u00e7a hor\u00e1ria.<\/div><\/li><li class=\"accordion__item \"><div class=\"accordion__header \" \r\n                id=\"accordion-header-post-13090\"\r\n                role=\"button\"\r\n                aria-expanded=\"false\"\r\n                aria-controls=\"accordion-content-post-13090\"\r\n                data-id=\"post-13090\" \r\n                data-item=\"hfaq-post-13090\" \r\n                style=\"background:transparent;\" \r\n                data-tags=\"\"\r\n                tabindex=\"0\"><div class=\"accordion__title\">Quando se recomenda a instala\u00e7\u00e3o de um agitador lateral?<\/div><\/div><div id=\"accordion-content-post-13090\" \r\n                class=\"accordion__body\" \r\n                role=\"region\"\r\n                aria-labelledby=\"accordion-header-post-13090\"\r\n                style=\"background:transparent;\">Os agitadores laterais s\u00e3o adequados para processos simples de homogeneiza\u00e7\u00e3o e para produtos de baixa viscosidade.<\/div><\/li><li class=\"accordion__item \"><div class=\"accordion__header \" \r\n                id=\"accordion-header-post-13091\"\r\n                role=\"button\"\r\n                aria-expanded=\"false\"\r\n                aria-controls=\"accordion-content-post-13091\"\r\n                data-id=\"post-13091\" \r\n                data-item=\"hfaq-post-13091\" \r\n                style=\"background:transparent;\" \r\n                data-tags=\"\"\r\n                tabindex=\"0\"><div class=\"accordion__title\">Quando \u00e9 necess\u00e1ria a utiliza\u00e7\u00e3o de defletores?<\/div><\/div><div id=\"accordion-content-post-13091\" \r\n                class=\"accordion__body\" \r\n                role=\"region\"\r\n                aria-labelledby=\"accordion-header-post-13091\"\r\n                style=\"background:transparent;\">Quando trabalhamos com produtos de viscosidades baixas ou m\u00e9dias e com agitadores centrados, ocorrem dois fen\u00f3menos, o produto rota e ocorre o v\u00f3rtice de forma que n\u00e3o se gera turbul\u00eancia e nem mistura. A forma de evitar estes dois fen\u00f3menos \u00e9 instalar defletores no dep\u00f3sito. Para produtos de baixa viscosidade existe a op\u00e7\u00e3o de descentrar o agitador sem a necessidade de instalar defletores.<\/div><\/li><li class=\"accordion__item \"><div class=\"accordion__header \" \r\n                id=\"accordion-header-post-13092\"\r\n                role=\"button\"\r\n                aria-expanded=\"false\"\r\n                aria-controls=\"accordion-content-post-13092\"\r\n                data-id=\"post-13092\" \r\n                data-item=\"hfaq-post-13092\" \r\n                style=\"background:transparent;\" \r\n                data-tags=\"\"\r\n                tabindex=\"0\"><div class=\"accordion__title\">O que \u00e9 um agitador em contra rota\u00e7\u00e3o?<\/div><\/div><div id=\"accordion-content-post-13092\" \r\n                class=\"accordion__body\" \r\n                role=\"region\"\r\n                aria-labelledby=\"accordion-header-post-13092\"\r\n                style=\"background:transparent;\">\u00c9 um agitador que disp\u00f5e de dois sistemas de p\u00e1s, p\u00e1s interm\u00e9dias e \u00e2ncora exterior com raspadores, no mesmo eixo a girar em sentidos contr\u00e1rios entre elas. Disp\u00f5em de moto redutores independentes e s\u00e3o adequados para produtos de viscosidade muito alta e processos de mistura, homogeneiza\u00e7\u00e3o e interc\u00e2mbio t\u00e9rmico.<\/div><\/li><li class=\"accordion__item \"><div class=\"accordion__header \" \r\n                id=\"accordion-header-post-13093\"\r\n                role=\"button\"\r\n                aria-expanded=\"false\"\r\n                aria-controls=\"accordion-content-post-13093\"\r\n                data-id=\"post-13093\" \r\n                data-item=\"hfaq-post-13093\" \r\n                style=\"background:transparent;\" \r\n                data-tags=\"\"\r\n                tabindex=\"0\"><div class=\"accordion__title\">A Vak Kimsa consegue criar equipamentos para processos esterilizados ou ass\u00e9ticos?<\/div><\/div><div id=\"accordion-content-post-13093\" \r\n                class=\"accordion__body\" \r\n                role=\"region\"\r\n                aria-labelledby=\"accordion-header-post-13093\"\r\n                style=\"background:transparent;\">Dispomos de agitadores com designs esterilizados ou ass\u00e9ticos com fechos mec\u00e2nicos adequados a estas condi\u00e7\u00f5es de trabalho, acoplamentos externos ao dep\u00f3sito e acabamentos superficiais de gr\u00e3o 320+eletropolido.<\/div><\/li><\/ul><\/div><\/div><\/article><\/section>\n<\/div><div class=\"fusion-clearfix\"><\/div><\/div><\/div><\/div><\/div>\n","protected":false},"excerpt":{"rendered":"","protected":false},"author":1,"featured_media":0,"parent":0,"menu_order":0,"comment_status":"closed","ping_status":"closed","template":"","meta":{"footnotes":""},"class_list":["post-13067","page","type-page","status-publish","hentry"],"yoast_head":"<!-- This site is optimized with the Yoast SEO plugin v27.5 - https:\/\/yoast.com\/product\/yoast-seo-wordpress\/ -->\n<title>Perguntas frequentes - Vak Kimsa, S.A.<\/title>\n<meta name=\"robots\" content=\"index, follow, max-snippet:-1, max-image-preview:large, max-video-preview:-1\" \/>\n<link rel=\"canonical\" href=\"https:\/\/vakkimsa.com\/pt-pt\/perguntas-frequentes\/\" \/>\n<meta property=\"og:locale\" content=\"pt_PT\" \/>\n<meta property=\"og:type\" content=\"article\" \/>\n<meta property=\"og:title\" content=\"Perguntas frequentes - Vak Kimsa, S.A.\" \/>\n<meta property=\"og:url\" content=\"https:\/\/vakkimsa.com\/pt-pt\/perguntas-frequentes\/\" \/>\n<meta property=\"og:site_name\" content=\"Vak Kimsa, S.A.\" \/>\n<meta property=\"article:modified_time\" content=\"2023-03-27T09:03:36+00:00\" \/>\n<meta name=\"twitter:card\" content=\"summary_large_image\" \/>\n<meta name=\"twitter:label1\" content=\"Tempo estimado de leitura\" \/>\n\t<meta name=\"twitter:data1\" content=\"1 minuto\" \/>\n<script type=\"application\/ld+json\" class=\"yoast-schema-graph\">{\"@context\":\"https:\\\/\\\/schema.org\",\"@graph\":[{\"@type\":\"WebPage\",\"@id\":\"https:\\\/\\\/vakkimsa.com\\\/pt-pt\\\/perguntas-frequentes\\\/\",\"url\":\"https:\\\/\\\/vakkimsa.com\\\/pt-pt\\\/perguntas-frequentes\\\/\",\"name\":\"Perguntas frequentes - Vak Kimsa, S.A.\",\"isPartOf\":{\"@id\":\"https:\\\/\\\/vakkimsa.com\\\/pt-pt\\\/#website\"},\"datePublished\":\"2023-03-27T08:30:44+00:00\",\"dateModified\":\"2023-03-27T09:03:36+00:00\",\"breadcrumb\":{\"@id\":\"https:\\\/\\\/vakkimsa.com\\\/pt-pt\\\/perguntas-frequentes\\\/#breadcrumb\"},\"inLanguage\":\"pt-PT\",\"potentialAction\":[{\"@type\":\"ReadAction\",\"target\":[\"https:\\\/\\\/vakkimsa.com\\\/pt-pt\\\/perguntas-frequentes\\\/\"]}]},{\"@type\":\"BreadcrumbList\",\"@id\":\"https:\\\/\\\/vakkimsa.com\\\/pt-pt\\\/perguntas-frequentes\\\/#breadcrumb\",\"itemListElement\":[{\"@type\":\"ListItem\",\"position\":1,\"name\":\"Portada\",\"item\":\"https:\\\/\\\/vakkimsa.com\\\/pt-pt\\\/\"},{\"@type\":\"ListItem\",\"position\":2,\"name\":\"Perguntas frequentes\"}]},{\"@type\":\"WebSite\",\"@id\":\"https:\\\/\\\/vakkimsa.com\\\/pt-pt\\\/#website\",\"url\":\"https:\\\/\\\/vakkimsa.com\\\/pt-pt\\\/\",\"name\":\"Vak Kimsa, S.A.\",\"description\":\"Agitadores y mezcladores en l\u00ednea\",\"potentialAction\":[{\"@type\":\"SearchAction\",\"target\":{\"@type\":\"EntryPoint\",\"urlTemplate\":\"https:\\\/\\\/vakkimsa.com\\\/pt-pt\\\/?s={search_term_string}\"},\"query-input\":{\"@type\":\"PropertyValueSpecification\",\"valueRequired\":true,\"valueName\":\"search_term_string\"}}],\"inLanguage\":\"pt-PT\"}]}<\/script>\n<!-- \/ Yoast SEO plugin. -->","yoast_head_json":{"title":"Perguntas frequentes - Vak Kimsa, S.A.","robots":{"index":"index","follow":"follow","max-snippet":"max-snippet:-1","max-image-preview":"max-image-preview:large","max-video-preview":"max-video-preview:-1"},"canonical":"https:\/\/vakkimsa.com\/pt-pt\/perguntas-frequentes\/","og_locale":"pt_PT","og_type":"article","og_title":"Perguntas frequentes - Vak Kimsa, S.A.","og_url":"https:\/\/vakkimsa.com\/pt-pt\/perguntas-frequentes\/","og_site_name":"Vak Kimsa, S.A.","article_modified_time":"2023-03-27T09:03:36+00:00","twitter_card":"summary_large_image","twitter_misc":{"Tempo estimado de leitura":"1 minuto"},"schema":{"@context":"https:\/\/schema.org","@graph":[{"@type":"WebPage","@id":"https:\/\/vakkimsa.com\/pt-pt\/perguntas-frequentes\/","url":"https:\/\/vakkimsa.com\/pt-pt\/perguntas-frequentes\/","name":"Perguntas frequentes - Vak Kimsa, S.A.","isPartOf":{"@id":"https:\/\/vakkimsa.com\/pt-pt\/#website"},"datePublished":"2023-03-27T08:30:44+00:00","dateModified":"2023-03-27T09:03:36+00:00","breadcrumb":{"@id":"https:\/\/vakkimsa.com\/pt-pt\/perguntas-frequentes\/#breadcrumb"},"inLanguage":"pt-PT","potentialAction":[{"@type":"ReadAction","target":["https:\/\/vakkimsa.com\/pt-pt\/perguntas-frequentes\/"]}]},{"@type":"BreadcrumbList","@id":"https:\/\/vakkimsa.com\/pt-pt\/perguntas-frequentes\/#breadcrumb","itemListElement":[{"@type":"ListItem","position":1,"name":"Portada","item":"https:\/\/vakkimsa.com\/pt-pt\/"},{"@type":"ListItem","position":2,"name":"Perguntas frequentes"}]},{"@type":"WebSite","@id":"https:\/\/vakkimsa.com\/pt-pt\/#website","url":"https:\/\/vakkimsa.com\/pt-pt\/","name":"Vak Kimsa, S.A.","description":"Agitadores y mezcladores en l\u00ednea","potentialAction":[{"@type":"SearchAction","target":{"@type":"EntryPoint","urlTemplate":"https:\/\/vakkimsa.com\/pt-pt\/?s={search_term_string}"},"query-input":{"@type":"PropertyValueSpecification","valueRequired":true,"valueName":"search_term_string"}}],"inLanguage":"pt-PT"}]}},"_links":{"self":[{"href":"https:\/\/vakkimsa.com\/pt-pt\/wp-json\/wp\/v2\/pages\/13067","targetHints":{"allow":["GET"]}}],"collection":[{"href":"https:\/\/vakkimsa.com\/pt-pt\/wp-json\/wp\/v2\/pages"}],"about":[{"href":"https:\/\/vakkimsa.com\/pt-pt\/wp-json\/wp\/v2\/types\/page"}],"author":[{"embeddable":true,"href":"https:\/\/vakkimsa.com\/pt-pt\/wp-json\/wp\/v2\/users\/1"}],"replies":[{"embeddable":true,"href":"https:\/\/vakkimsa.com\/pt-pt\/wp-json\/wp\/v2\/comments?post=13067"}],"version-history":[{"count":0,"href":"https:\/\/vakkimsa.com\/pt-pt\/wp-json\/wp\/v2\/pages\/13067\/revisions"}],"wp:attachment":[{"href":"https:\/\/vakkimsa.com\/pt-pt\/wp-json\/wp\/v2\/media?parent=13067"}],"curies":[{"name":"wp","href":"https:\/\/api.w.org\/{rel}","templated":true}]}}